{"id":36981,"date":"2023-05-23T16:38:56","date_gmt":"2023-05-23T13:38:56","guid":{"rendered":"https:\/\/www.protu.fi\/mukaan-toimintaan\/"},"modified":"2023-08-25T11:57:36","modified_gmt":"2023-08-25T08:57:36","slug":"mukaan-toimintaan","status":"publish","type":"page","link":"https:\/\/www.protu.fi\/en\/mukaan-toimintaan\/","title":{"rendered":"Get involved"},"content":{"rendered":"<section class=\"block-container vaalea-tausta\">\n    <div class=\"container-fluid\">\n                    <div class=\"row justify-content-center\">\n                <div class=\"col-lg-11\">\n                    \n\n<style>\n    .sisalto {\n        margin-bottom: 20px;\n    }\n    .sisalto .image-col img {\n        max-width: 100%;\n    }\n    .sisalto .image-col img.oikea {\n        padding-left: 20px;\n    }\n    .sisalto .image-col img.vasen {\n        padding-right: 20px;\n        margin-bottom: 30px;\n    }\n    .sisalto h2, .sisalto h3 {\n        margin: 10px 0 20px;\n    }\n<\/style>\n\n<section class=\"sisalto\">\n    <div class=\"row justify-content-center\">\n                    <div class=\"col-lg-6 text-link\">\n                <p><span style=\"font-weight: 400\">Protu has plenty of things to do throughout the year for both youth who have attended camp and adults interested in Protu. Protu mainly relies on volunteer work. Everyone is welcome to participate regardless of age, backgr<\/span><span style=\"font-weight: 400\">ound, or experience.<\/span><\/p>\n<p><span style=\"font-weight: 400\">Each year we need 150 senior camp counselors, 350 junior camp counselors, and over 50 cooks. Additionally, over 100 trainers are needed to educate senior and junior camp counselors. There are also about 140 volunteers constantly involved in sections and working groups.\u00a0<\/span><\/p>\n            <\/div>\n            <div class=\"col-lg-6 image-col\">\n                 \n                    <img decoding=\"async\" class=\"oikea\" src=\"https:\/\/www.protu.fi\/wp-content\/uploads\/2022\/10\/Protu_2021_Meriharju_2021-28009-9742-scaled.jpg\" alt=\"\">\n                            <\/div> \n            <\/div>\n<\/section> \n\n\n<style>\n    .sisalto-laatikot {\n        margin-bottom: 40px;\n    }\n    .sisalto-laatikot .laatikko {\n        background-color: var(--pv);\n        border-radius: 40px;\n        color: white;\n        padding: 30px;\n        height: 100%;\n        text-align: center;\n        display: flex;\n        flex-direction: column;\n        align-items: center;\n        justify-content: space-between;\n    }\n    .sisalto-laatikot .laatikko img {\n        width: 80px;\n        margin-bottom: 40px;\n    }\n    .sisalto-laatikot .laatikko a.blue-link {\n        margin: auto;\n        margin-bottom: 0;\n    }\n<\/style>\n\n<section class=\"sisalto-laatikot\">\n    <div class=\"row justify-content-center\">\n                        <div class=\"col-md-6 col-lg-4 mb-3 mb-md-0\">\n                    <div class=\"laatikko\">\n                                                <img decoding=\"async\" src=\"https:\/\/www.protu.fi\/wp-content\/uploads\/2023\/01\/Nimeton-suunn.malli-1.png\" alt=\"\">\n                        <p>Protun k\u00e4ynyt nuori, tule tekem\u00e4\u00e4n toisille nuorille ikimuistoinen leirikokemus! Protuleireille haetaan 15\u201319-vuotiaita apuohjaajia. Apuohjaajana saat ty\u00f6el\u00e4m\u00e4ss\u00e4kin arvokasta vapaaehtoisty\u00f6kokemusta ja halutessasi my\u00f6s todistuksen!<\/p>\n                            <a class=\"blue-link\" href=\"\/mukaan-toimintaan\/apuohjaajaksi\/\">Apuohjaajaksi leireille<\/a>\n                                            <\/div>\n                <\/div>\n                            <div class=\"col-md-6 col-lg-4 mb-3 mb-md-0\">\n                    <div class=\"laatikko\">\n                                                <img decoding=\"async\" src=\"https:\/\/www.protu.fi\/wp-content\/uploads\/2023\/01\/bannerikuvamusta.png\" alt=\"\">\n                        <p>Kaipaako maailma mielest\u00e4si lis\u00e4\u00e4 itsen\u00e4isesti ja kriittisesti ajattelevia ihmisi\u00e4? Protuleireille haetaan erilaisista taustoista kaiken ik\u00e4isi\u00e4 (mutta v\u00e4hint\u00e4\u00e4n 20-vuotiaita) vapaaehtoisia ohjaajia! Ohjaajana tarjoat nuorille paikan pohtia maailmaa ja annat heille samalla monipuolisia valmiuksia el\u00e4m\u00e4\u00e4n!<\/p>\n                            <a class=\"blue-link\" href=\"\/mukaan-toimintaan\/ohjaajaksi\/\">Ohjaajaksi leireille<\/a>\n                                            <\/div>\n                <\/div>\n                            <div class=\"col-md-6 col-lg-4 mb-3 mb-md-0\">\n                    <div class=\"laatikko\">\n                                                <img decoding=\"async\" src=\"https:\/\/www.protu.fi\/wp-content\/uploads\/2023\/01\/Nimeton-suunn.malli-1.png\" alt=\"\">\n                        <p>Protuile kes\u00e4t talvet, oma jaosto on kuin ymp\u00e4rivuotinen leiritiimi! Jaostot huoletivat leirien taustalla olevasta ty\u00f6st\u00e4 ja protumaisen toiminnan j\u00e4rjest\u00e4misest\u00e4. Jaostoissa p\u00e4\u00e4see mukavassa seurassa oppimaan taitoja, kuten vaikkapa ryhm\u00e4ty\u00f6taitoja, suunnitelmallisuutta, itsetuntemusta ja ajanhallintaa.<\/p>\n                            <a class=\"blue-link\" href=\"\/mukaan-toimintaan\/muuhun-aktiivitoimintaan\/\">Jaostolaiseksi<\/a>\n                                            <\/div>\n                <\/div>\n                <\/div>\n<\/section>\n\n\n<style>\n    .sisalto-laatikot {\n        margin-bottom: 40px;\n    }\n    .sisalto-laatikot .laatikko {\n        background-color: var(--pv);\n        border-radius: 40px;\n        color: white;\n        padding: 30px;\n        height: 100%;\n        text-align: center;\n        display: flex;\n        flex-direction: column;\n        align-items: center;\n        justify-content: space-between;\n    }\n    .sisalto-laatikot .laatikko img {\n        width: 80px;\n        margin-bottom: 40px;\n    }\n    .sisalto-laatikot .laatikko a.blue-link {\n        margin: auto;\n        margin-bottom: 0;\n    }\n<\/style>\n\n<section class=\"sisalto-laatikot\">\n    <div class=\"row justify-content-center\">\n                        <div class=\"col-md-6 col-lg-4 mb-3 mb-md-0\">\n                    <div class=\"laatikko\">\n                                                <img decoding=\"async\" src=\"https:\/\/www.protu.fi\/wp-content\/uploads\/2023\/01\/bannerikuvamusta.png\" alt=\"\">\n                        <p>Protussa on tarjolla monenlaisiin taipumuksiin ja el\u00e4m\u00e4ntilanteisiin sopivia muita vapaaehtoisteht\u00e4vi\u00e4! Tule mukaan kouluttajaksi tai tukihenkil\u00f6ksi!<\/p>\n                            <a class=\"blue-link\" href=\"\/mukaan-toimintaan\/muihin-aktiivitehtaviin\/\">Muihin aktiiviteht\u00e4viin<\/a>\n                                            <\/div>\n                <\/div>\n                            <div class=\"col-md-6 col-lg-4 mb-3 mb-md-0\">\n                    <div class=\"laatikko\">\n                                                <img decoding=\"async\" src=\"https:\/\/www.protu.fi\/wp-content\/uploads\/2023\/01\/Nimeton-suunn.malli-1.png\" alt=\"\">\n                        <p>Oletko kiinnostunut ruoanlaitosta? Protukokkina p\u00e4\u00e4set k\u00e4ytt\u00e4m\u00e4\u00e4n taitojasi ja olemaan t\u00e4rke\u00e4ss\u00e4 roolissa toiminnassamme.\u00a0Kokkeja tarvitaan niin leireille kuin my\u00f6s erilaisiin Protun tapahtumiin, joten tule rohkeasti mukaan!<\/p>\n                            <a class=\"blue-link\" href=\"\/mukaan-toimintaan\/kokiksi-tai-apukokiksi\/\">Kokiksi<\/a>\n                                            <\/div>\n                <\/div>\n                            <div class=\"col-md-6 col-lg-4 mb-3 mb-md-0\">\n                    <div class=\"laatikko\">\n                                                <img decoding=\"async\" src=\"https:\/\/www.protu.fi\/wp-content\/uploads\/2023\/01\/bannerikuvamusta.png\" alt=\"\">\n                        <p>Eri paikkakunnilla ymp\u00e4ri Suomea toimii Protun paikallisryhmi\u00e4 eli paikallisprotuja. Paikallisryhm\u00e4\u00e4 vet\u00e4v\u00e4t paikalliset protuleirin k\u00e4yneet ja niiden protuisa vapaa-ajan toiminta on avointa kaikille protunmielisille.<\/p>\n                            <a class=\"blue-link\" href=\"\/mukaan-toimintaan\/paikallisryhmiin\/\">Paikallisryhmiin<\/a>\n                                            <\/div>\n                <\/div>\n                <\/div>\n<\/section>\n\n\n<h2 class=\"wp-block-heading\">Miksi l\u00e4hte\u00e4 aktiiviprotuksi?<\/h2>\n\n\n\n<style>\n    .sisalto {\n        margin-bottom: 20px;\n    }\n    .sisalto .image-col img {\n        max-width: 100%;\n    }\n    .sisalto .image-col img.oikea {\n        padding-left: 20px;\n    }\n    .sisalto .image-col img.vasen {\n        padding-right: 20px;\n        margin-bottom: 30px;\n    }\n    .sisalto h2, .sisalto h3 {\n        margin: 10px 0 20px;\n    }\n<\/style>\n\n<section class=\"sisalto\">\n    <div class=\"row justify-content-center\">\n                    <div class=\"col-lg-6 image-col\">\n                <img decoding=\"async\" class=\"vasen\" src=\"https:\/\/www.protu.fi\/wp-content\/uploads\/2022\/10\/Protu_2021_Meriharju_2021-28009-9190-scaled-e1675931604647.jpg\" alt=\"\">\n            <\/div>\n            <div class=\"col-lg-6 text-link\">\n                <ol>\n<li><strong>Tule osaksi moninaista yhteis\u00f6\u00e4!<\/strong> Protusta l\u00f6ytyy uusi harrastus ainutlaatuisessa ilmapiiriss\u00e4. Pyrimme siihen, ett\u00e4 kaikilla on yht\u00e4laiset mahdollisuudet osallistua ja vaikuttaa sek\u00e4 oikeus tulla hyv\u00e4ksytyksi omana itsen\u00e4\u00e4n.<\/li>\n<li><strong>Kokeile uusia asioita!<\/strong> Protussa on tarjolla paljon erilaista tekemist\u00e4 erilaisiin mieltymyksiin ja el\u00e4m\u00e4ntilanteisiin. L\u00f6yd\u00e4 oma juttusi monipuolisista teht\u00e4vist\u00e4.<\/li>\n<li><strong>Tee merkityksellist\u00e4 nuorisotoimintaa!<\/strong> Protu tukee nuorten kasvua itsens\u00e4 hyv\u00e4ksyv\u00e4\u00e4n, osallistuvaan ja kriittiseen aikuisuuteen.<\/li>\n<li><strong>Opi uusia taitoja ja kerryt\u00e4 vapaaehtoisty\u00f6kokemusta!<\/strong> Protusta saadulla kokemuksella voi olla hy\u00f6ty\u00e4 esimerkiksi ty\u00f6paikkaa hakiessa. Aktiivit saavat ty\u00f6st\u00e4\u00e4n virallisen todistuksen, ja osassa oppilaitoksista voi suorittaa kursseja tai harjoitteluja osallistumalla protutoimintaan.<\/li>\n<\/ol>\n            <\/div>\n            <\/div>\n<\/section> \n\n\n<style>\n    .sivujen-nostot {\n        margin-bottom: 0px;\n    }\n    .sivujen-nostot h2 {\n        margin-bottom: 20px;\n    }\n    .sivujen-nostot .article-col {\n        display: flex;\n        flex-direction: column;\n        flex-wrap: wrap;\n    }\n    .sivujen-nostot .nosto-kuva {\n        height: 220px;\n        background-position: center;\n        background-size: cover;\n        background-repeat: no-repeat;\n        transition: 0.4s;\n    }\n    .sivujen-nostot .nosto-sisalto {\n        background-color: var(--pv);\n        padding: 10px 30px 15px;\n        position: relative;\n        height: calc(100% - 220px);\n        display: flex;\n        flex-direction: column;\n        justify-content: space-between;\n        z-index: 1;\n    }\n    .sivujen-nostot .nosto-sisalto .blue-link {\n        margin-bottom: 0;\n        width: 100%;\n        min-width: 0;\n        max-width: 240px;\n    }\n    .sivujen-nostot .nosto-sisalto .nosto-kuvitus {\n        height: 80px;\n        position: absolute;\n        right: 0;\n        top: 15px;\n        z-index: -1;\n    }\n    .sivujen-nostot .palvelu-otsikko {\n        color: white;\n        font-weight: 500;\n        width: 95%;\n        font-size: 24px;\n    }\n    .sivujen-nostot a:hover .nosto-kuva,\n    .sivujen-nostot a:focus .nosto-kuva {\n        filter: brightness(1.1);\n    }\n    @media (max-width: 767.98px) {\n        .sivujen-nostot .nosto-sisalto {\n            max-width: 100%;\n        }\n    }\n<\/style>\n\n<section class=\"sivujen-nostot\">\n            <h2 style=\"text-align: left; color: #149579;\">Lue lis\u00e4\u00e4 Protun toiminnasta<\/h2>\n        <div class=\"row\">\n                    <div class=\"col-md-6 col-lg-4 article-col mb-3 mb-lg-0\">\n                <a href=\"https:\/\/www.protu.fi\/maailma-kylassa-27-28-5-tule-protun-pisteelle\/\">\n                    <div class=\"nosto-kuva\" style=\"background-image: url(https:\/\/www.protu.fi\/wp-content\/uploads\/2023\/05\/maailma-kylassa-2023-scaled.jpg);\">\n                    <\/div>\n                <\/a>\n                <div class=\"nosto-sisalto\">\n                    <h3 class=\"palvelu-otsikko\">Maailma kyl\u00e4ss\u00e4 27.\u201328.5. Tule Protun pisteelle!<\/h3>\n                    <a class=\"blue-link\" href=\"https:\/\/www.protu.fi\/maailma-kylassa-27-28-5-tule-protun-pisteelle\/\">Lue lis\u00e4\u00e4<\/a>\n                    <img decoding=\"async\" class=\"nosto-kuvitus\" src=\"https:\/\/www.protu.fi\/wp-content\/themes\/protu-teema\/images\/puolikas.svg\" alt=\"\">\n                <\/div>\n            <\/div>\n            <\/div>\n<\/section>\n\n\n<p><\/p>\n\n\n<style>\n    .banneri {\n        padding: 50px 0;\n        background-position: center;\n        background-size: cover;\n        background-repeat: no-repeat;\n        color: white;\n        margin-bottom: 20px;\n        position: relative;\n    }\n    .banner-narrow {\n        text-align: center;\n    }\n    .banneri h2 {\n        font-size: 42px;\n    }\n    .banneri h2 {\n        margin-bottom: 30px;\n    }\n    .banner-narrow a {\n        margin: auto;\n    }\n    .banner-wide .banner-kuvitus {\n        position: absolute;\n        right: 0;\n        top: 20px;\n    }\n    .banneri.link-banner {\n        padding: 60px 0;\n    }\n    .banneri .link-container {\n        display: flex;\n        justify-content: center;\n    }\n    .banneri .link-container a {\n        margin: 10px;\n    }\n    .banneri .lahjoitus-container .tuote-col {\n        display: flex;\n    }\n    .banneri .lahjoitus-container .tuote-col .tuote-kortti {\n        width: calc(50% - 40px);\n        margin: 0 20px;\n        padding: 30px;\n        background-color: #EBEFF7;\n        border: 1px solid #E6E6E6;\n        box-shadow: 0 2px 10px rgb(0 0 0 \/ 20%);\n        margin-bottom: 20px;\n        height: fit-content;\n        height: -moz-fit-content;\n    }\n    .banneri .lahjoitus-container .tuote-col .tuote-kortti img {\n        width: 100%;\n        margin-bottom: 15px;\n    }\n    .banneri .lahjoitus-container .tuote-col .tuote-kortti h3 {\n        color: var(--pv);\n    }\n    .banneri .lahjoitus-container .tuote-col .tuote-kortti .hinta {\n        color: #000000;\n    }\n    .banneri .lahjoitus-container .tuote-col .tuote-kortti .add_to_cart_inline {\n        border: none !important;\n        padding: 0 !important;\n        display: flex;\n        flex-wrap: wrap;\n        flex-direction: column;\n        margin: 0;\n    }\n    .banneri .lahjoitus-container .tuote-col .tuote-kortti .add_to_cart_inline .woocommerce-Price-amount {\n        color: #000000;\n        font-weight: 500;\n    }\n    .banneri .lahjoitus-container .tuote-col .tuote-kortti .add_to_cart_inline a {\n        width: 100%;\n        display: block;\n        text-align: center;\n        background-color: var(--pv);\n        color: white;\n        padding: 15px;\n        text-transform: uppercase;\n        font-weight: 400;\n        margin-top: 30px;\n        transition: 0.4s;\n    }\n    .banneri .lahjoitus-container .tuote-col .tuote-kortti .add_to_cart_inline a:hover,\n    .banneri .lahjoitus-container .tuote-col .tuote-kortti .add_to_cart_inline a:focus {\n        background-color: #21224B;\n    }\n    @media (max-width: 991.98px) {\n        .banneri.banner-wide {\n            margin-left: -15px;\n            margin-right: -15px;\n            padding-bottom: 4em;\n            z-index: 1;\n        }\n        .banneri.banner-wide .blue-link {\n            position: absolute;\n            bottom: 0;\n            margin-bottom: 1em;\n        }\n    }\n    @media (max-width: 767.98px) {\n        .banner-wide .banner-kuvitus {\n            height: 100px;\n            z-index: -1;\n        }\n        .banneri h2 {\n            font-size: 2rem;\n        }\n    }\n    @media (max-width: 575.98px) {\n        .banneri .lahjoitus-container .tuote-col {\n            flex-direction: column;\n        }\n        .banneri .lahjoitus-container .tuote-col .tuote-kortti {\n            width: calc(100% - 40px);\n        }\n    }\n<\/style>\n<section class=\"banneri banner-narrow\" \n    style=\"background-image: url(https:\/\/www.protu.fi\/wp-content\/uploads\/2022\/01\/banner_tausta.jpg);\">\n            <div class=\"container\">\n            <div class=\"row justify-content-center\">\n                <div class=\"col-lg-8\">\n                    <h2>Miksi kannattaa liitty\u00e4 Prometheus-leirin tuki ry:n j\u00e4seneksi?<\/h2>\n                    <p>Prometheus-leirin tuki ry on kaikkien protujen ja protumielisten oma yhteis\u00f6 sek\u00e4 leiri- ja muun protutoiminnan selk\u00e4ranka. J\u00e4senen\u00e4 teet mahdolliseksi ainutlaatuisten aikuistumisleirien j\u00e4rjest\u00e4misen!<\/p>\n                                            <a class=\"green-link\" href=\"\/mukaan-toimintaan\/prometheus-leirin-tuki-ryn-jaseneksi\/\">Lue lis\u00e4\u00e4 j\u00e4senyydest\u00e4<\/a>\n                                    <\/div>\n            <\/div>\n        <\/div>\n    <\/section>\n                <\/div>\n            <\/div>\n            <\/div>\n<\/section>","protected":false},"excerpt":{"rendered":"","protected":false},"author":1,"featured_media":0,"parent":0,"menu_order":0,"comment_status":"closed","ping_status":"closed","template":"","meta":{"_acf_changed":false,"inline_featured_image":false,"footnotes":""},"sivun_tyyppi":[65],"class_list":["post-36981","page","type-page","status-publish","hentry","sivun_tyyppi-julkinen-sivu"],"acf":[],"_links":{"self":[{"href":"https:\/\/www.protu.fi\/en\/wp-json\/wp\/v2\/pages\/36981","targetHints":{"allow":["GET"]}}],"collection":[{"href":"https:\/\/www.protu.fi\/en\/wp-json\/wp\/v2\/pages"}],"about":[{"href":"https:\/\/www.protu.fi\/en\/wp-json\/wp\/v2\/types\/page"}],"author":[{"embeddable":true,"href":"https:\/\/www.protu.fi\/en\/wp-json\/wp\/v2\/users\/1"}],"replies":[{"embeddable":true,"href":"https:\/\/www.protu.fi\/en\/wp-json\/wp\/v2\/comments?post=36981"}],"version-history":[{"count":8,"href":"https:\/\/www.protu.fi\/en\/wp-json\/wp\/v2\/pages\/36981\/revisions"}],"predecessor-version":[{"id":47175,"href":"https:\/\/www.protu.fi\/en\/wp-json\/wp\/v2\/pages\/36981\/revisions\/47175"}],"wp:attachment":[{"href":"https:\/\/www.protu.fi\/en\/wp-json\/wp\/v2\/media?parent=36981"}],"wp:term":[{"taxonomy":"sivun_tyyppi","embeddable":true,"href":"https:\/\/www.protu.fi\/en\/wp-json\/wp\/v2\/sivun_tyyppi?post=36981"}],"curies":[{"name":"wp","href":"https:\/\/api.w.org\/{rel}","templated":true}]}}