{"id":86555,"date":"2025-12-12T17:37:36","date_gmt":"2025-12-12T15:37:36","guid":{"rendered":"https:\/\/www.protu.fi\/?page_id=86555"},"modified":"2026-02-04T10:36:21","modified_gmt":"2026-02-04T08:36:21","slug":"enrollment-information","status":"publish","type":"page","link":"https:\/\/www.protu.fi\/en\/prometheus-leirille\/enrollment-information\/","title":{"rendered":"Enrollment information"},"content":{"rendered":"<section class=\"block-container \">\n    <div class=\"container-fluid\">\n                    <div class=\"row justify-content-center\">\n                <div class=\"col-lg-11\">\n                    \n\n<div class=\"wp-block-columns is-layout-flex wp-container-core-columns-is-layout-9d6595d7 wp-block-columns-is-layout-flex\">\n<div class=\"wp-block-column is-layout-flow wp-block-column-is-layout-flow\" style=\"flex-basis:700px\">\n<h2 class=\"wp-block-heading\">Enrollment<\/h2>\n\n\n\n<p>Protu will organize two international English-language youth camps in summer 2026.<br>The camps are intended for participants whose native language is not Finnish or Swedish. A small quota is reserved for Finnish- or Swedish-speaking youths whose English skills are nonetheless sufficient for effective self-expression.<\/p>\n\n\n\n<p>Enrollment for the 2026 Protu camps opens on 11.2.2026 at 10:00 as direct enrollment. Please be prepared for the camps to fill up very quickly after enrollment opens.<\/p>\n\n\n\n<p>You can find the enrollment links for the international camps <a href=\"https:\/\/www.protu.fi\/en\/prometheus-leirille\/international-camps\/\">here<\/a>.<\/p>\n\n\n\n<p><strong>Enrollment can only be completed via an electronic form and only for one camp. A guardian must enroll any participant under 18 years old. Enrollment is confirmed by completing the questionnaire sent by email within 7 days of enrollment (if the questionnaire is not completed, the enrollment will lapse and the camp place will be released). Please read the enrollment instructions (below) before enrolling.<\/strong><\/p>\n\n\n\n<figure class=\"wp-block-table\"><table class=\"has-fixed-layout\"><tbody><tr><td>Please note that due to high traffic on the enrollment day (11.2.), the information shown on the camp enrollment pages regarding the availability of camp places or waiting list places may not be up to date. Within approximately 5 minutes of enrolling, you will receive an email confirming whether you have been allocated a camp place or a waiting list place. For more information, see the enrollment instructions below.<\/td><\/tr><\/tbody><\/table><\/figure>\n\n\n\n<h3 class=\"wp-block-heading\">More information<\/h3>\n\n\n<style>.kt-accordion-id86555_911a5f-b6 .kt-accordion-inner-wrap{column-gap:var(--global-kb-gap-md, 2rem);row-gap:0px;}.kt-accordion-id86555_911a5f-b6 .kt-accordion-panel-inner{border-top:0px solid transparent;border-right:0px solid transparent;border-bottom:0px solid transparent;border-left:0px solid transparent;padding-top:var(--global-kb-spacing-sm, 1.5rem);padding-right:var(--global-kb-spacing-sm, 1.5rem);padding-bottom:var(--global-kb-spacing-sm, 1.5rem);padding-left:var(--global-kb-spacing-sm, 1.5rem);}.kt-accordion-id86555_911a5f-b6 > .kt-accordion-inner-wrap > .wp-block-kadence-pane > .kt-accordion-header-wrap > .kt-blocks-accordion-header{border-top-color:#555555;border-top-style:solid;border-right-color:#555555;border-right-style:solid;border-bottom-color:#555555;border-bottom-style:solid;border-left-color:#555555;border-left-style:solid;border-top-left-radius:0px;border-top-right-radius:0px;border-bottom-right-radius:0px;border-bottom-left-radius:0px;background:#f2f2f2;font-size:18px;line-height:24px;color:#555555;padding-top:10px;padding-right:14px;padding-bottom:10px;padding-left:14px;}.kt-accordion-id86555_911a5f-b6:not( .kt-accodion-icon-style-basiccircle ):not( .kt-accodion-icon-style-xclosecircle ):not( .kt-accodion-icon-style-arrowcircle )  > .kt-accordion-inner-wrap > .wp-block-kadence-pane > .kt-accordion-header-wrap .kt-blocks-accordion-icon-trigger:after, .kt-accordion-id86555_911a5f-b6:not( .kt-accodion-icon-style-basiccircle ):not( .kt-accodion-icon-style-xclosecircle ):not( .kt-accodion-icon-style-arrowcircle )  > .kt-accordion-inner-wrap > .wp-block-kadence-pane > .kt-accordion-header-wrap .kt-blocks-accordion-icon-trigger:before{background:#555555;}.kt-accordion-id86555_911a5f-b6:not( .kt-accodion-icon-style-basic ):not( .kt-accodion-icon-style-xclose ):not( .kt-accodion-icon-style-arrow ) .kt-blocks-accordion-icon-trigger{background:#555555;}.kt-accordion-id86555_911a5f-b6:not( .kt-accodion-icon-style-basic ):not( .kt-accodion-icon-style-xclose ):not( .kt-accodion-icon-style-arrow ) .kt-blocks-accordion-icon-trigger:after, .kt-accordion-id86555_911a5f-b6:not( .kt-accodion-icon-style-basic ):not( .kt-accodion-icon-style-xclose ):not( .kt-accodion-icon-style-arrow ) .kt-blocks-accordion-icon-trigger:before{background:#f2f2f2;}.kt-accordion-id86555_911a5f-b6 > .kt-accordion-inner-wrap > .wp-block-kadence-pane > .kt-accordion-header-wrap > .kt-blocks-accordion-header:hover, \n\t\t\t\tbody:not(.hide-focus-outline) .kt-accordion-id86555_911a5f-b6 .kt-blocks-accordion-header:focus-visible{color:#444444;background:#eeeeee;border-top-color:#eeeeee;border-top-style:solid;border-right-color:#eeeeee;border-right-style:solid;border-bottom-color:#eeeeee;border-bottom-style:solid;border-left-color:#eeeeee;border-left-style:solid;}.kt-accordion-id86555_911a5f-b6:not( .kt-accodion-icon-style-basiccircle ):not( .kt-accodion-icon-style-xclosecircle ):not( .kt-accodion-icon-style-arrowcircle ) .kt-accordion-header-wrap .kt-blocks-accordion-header:hover .kt-blocks-accordion-icon-trigger:after, .kt-accordion-id86555_911a5f-b6:not( .kt-accodion-icon-style-basiccircle ):not( .kt-accodion-icon-style-xclosecircle ):not( .kt-accodion-icon-style-arrowcircle ) .kt-accordion-header-wrap .kt-blocks-accordion-header:hover .kt-blocks-accordion-icon-trigger:before, body:not(.hide-focus-outline) .kt-accordion-id86555_911a5f-b6:not( .kt-accodion-icon-style-basiccircle ):not( .kt-accodion-icon-style-xclosecircle ):not( .kt-accodion-icon-style-arrowcircle ) .kt-blocks-accordion--visible .kt-blocks-accordion-icon-trigger:after, body:not(.hide-focus-outline) .kt-accordion-id86555_911a5f-b6:not( .kt-accodion-icon-style-basiccircle ):not( .kt-accodion-icon-style-xclosecircle ):not( .kt-accodion-icon-style-arrowcircle ) .kt-blocks-accordion-header:focus-visible .kt-blocks-accordion-icon-trigger:before{background:#444444;}.kt-accordion-id86555_911a5f-b6:not( .kt-accodion-icon-style-basic ):not( .kt-accodion-icon-style-xclose ):not( .kt-accodion-icon-style-arrow ) .kt-accordion-header-wrap .kt-blocks-accordion-header:hover .kt-blocks-accordion-icon-trigger, body:not(.hide-focus-outline) .kt-accordion-id86555_911a5f-b6:not( .kt-accodion-icon-style-basic ):not( .kt-accodion-icon-style-xclose ):not( .kt-accodion-icon-style-arrow ) .kt-accordion-header-wrap .kt-blocks-accordion-header:focus-visible .kt-blocks-accordion-icon-trigger{background:#444444;}.kt-accordion-id86555_911a5f-b6:not( .kt-accodion-icon-style-basic ):not( .kt-accodion-icon-style-xclose ):not( .kt-accodion-icon-style-arrow ) .kt-accordion-header-wrap .kt-blocks-accordion-header:hover .kt-blocks-accordion-icon-trigger:after, .kt-accordion-id86555_911a5f-b6:not( .kt-accodion-icon-style-basic ):not( .kt-accodion-icon-style-xclose ):not( .kt-accodion-icon-style-arrow ) .kt-accordion-header-wrap .kt-blocks-accordion-header:hover .kt-blocks-accordion-icon-trigger:before, body:not(.hide-focus-outline) .kt-accordion-id86555_911a5f-b6:not( .kt-accodion-icon-style-basic ):not( .kt-accodion-icon-style-xclose ):not( .kt-accodion-icon-style-arrow ) .kt-accordion-header-wrap .kt-blocks-accordion-header:focus-visible .kt-blocks-accordion-icon-trigger:after, body:not(.hide-focus-outline) .kt-accordion-id86555_911a5f-b6:not( .kt-accodion-icon-style-basic ):not( .kt-accodion-icon-style-xclose ):not( .kt-accodion-icon-style-arrow ) .kt-accordion-header-wrap .kt-blocks-accordion-header:focus-visible .kt-blocks-accordion-icon-trigger:before{background:#eeeeee;}.kt-accordion-id86555_911a5f-b6 .kt-accordion-header-wrap .kt-blocks-accordion-header:focus-visible,\n\t\t\t\t.kt-accordion-id86555_911a5f-b6 > .kt-accordion-inner-wrap > .wp-block-kadence-pane > .kt-accordion-header-wrap > .kt-blocks-accordion-header.kt-accordion-panel-active{color:#ffffff;background:#444444;border-top-color:#444444;border-top-style:solid;border-right-color:#444444;border-right-style:solid;border-bottom-color:#444444;border-bottom-style:solid;border-left-color:#444444;border-left-style:solid;}.kt-accordion-id86555_911a5f-b6:not( .kt-accodion-icon-style-basiccircle ):not( .kt-accodion-icon-style-xclosecircle ):not( .kt-accodion-icon-style-arrowcircle )  > .kt-accordion-inner-wrap > .wp-block-kadence-pane > .kt-accordion-header-wrap > .kt-blocks-accordion-header.kt-accordion-panel-active .kt-blocks-accordion-icon-trigger:after, .kt-accordion-id86555_911a5f-b6:not( .kt-accodion-icon-style-basiccircle ):not( .kt-accodion-icon-style-xclosecircle ):not( .kt-accodion-icon-style-arrowcircle )  > .kt-accordion-inner-wrap > .wp-block-kadence-pane > .kt-accordion-header-wrap > .kt-blocks-accordion-header.kt-accordion-panel-active .kt-blocks-accordion-icon-trigger:before{background:#ffffff;}.kt-accordion-id86555_911a5f-b6:not( .kt-accodion-icon-style-basic ):not( .kt-accodion-icon-style-xclose ):not( .kt-accodion-icon-style-arrow ) .kt-blocks-accordion-header.kt-accordion-panel-active .kt-blocks-accordion-icon-trigger{background:#ffffff;}.kt-accordion-id86555_911a5f-b6:not( .kt-accodion-icon-style-basic ):not( .kt-accodion-icon-style-xclose ):not( .kt-accodion-icon-style-arrow ) .kt-blocks-accordion-header.kt-accordion-panel-active .kt-blocks-accordion-icon-trigger:after, .kt-accordion-id86555_911a5f-b6:not( .kt-accodion-icon-style-basic ):not( .kt-accodion-icon-style-xclose ):not( .kt-accodion-icon-style-arrow ) .kt-blocks-accordion-header.kt-accordion-panel-active .kt-blocks-accordion-icon-trigger:before{background:#444444;}@media all and (max-width: 1024px){.kt-accordion-id86555_911a5f-b6 .kt-accordion-panel-inner{border-top:0px solid transparent;border-right:0px solid transparent;border-bottom:0px solid transparent;border-left:0px solid transparent;}}@media all and (max-width: 1024px){.kt-accordion-id86555_911a5f-b6 > .kt-accordion-inner-wrap > .wp-block-kadence-pane > .kt-accordion-header-wrap > .kt-blocks-accordion-header{border-top-color:#555555;border-top-style:solid;border-right-color:#555555;border-right-style:solid;border-bottom-color:#555555;border-bottom-style:solid;border-left-color:#555555;border-left-style:solid;}}@media all and (max-width: 1024px){.kt-accordion-id86555_911a5f-b6 > .kt-accordion-inner-wrap > .wp-block-kadence-pane > .kt-accordion-header-wrap > .kt-blocks-accordion-header:hover, \n\t\t\t\tbody:not(.hide-focus-outline) .kt-accordion-id86555_911a5f-b6 .kt-blocks-accordion-header:focus-visible{border-top-color:#eeeeee;border-top-style:solid;border-right-color:#eeeeee;border-right-style:solid;border-bottom-color:#eeeeee;border-bottom-style:solid;border-left-color:#eeeeee;border-left-style:solid;}}@media all and (max-width: 1024px){.kt-accordion-id86555_911a5f-b6 .kt-accordion-header-wrap .kt-blocks-accordion-header:focus-visible,\n\t\t\t\t.kt-accordion-id86555_911a5f-b6 > .kt-accordion-inner-wrap > .wp-block-kadence-pane > .kt-accordion-header-wrap > .kt-blocks-accordion-header.kt-accordion-panel-active{border-top-color:#444444;border-top-style:solid;border-right-color:#444444;border-right-style:solid;border-bottom-color:#444444;border-bottom-style:solid;border-left-color:#444444;border-left-style:solid;}}@media all and (max-width: 767px){.kt-accordion-id86555_911a5f-b6 .kt-accordion-inner-wrap{display:block;}.kt-accordion-id86555_911a5f-b6 .kt-accordion-inner-wrap .kt-accordion-pane:not(:first-child){margin-top:0px;}.kt-accordion-id86555_911a5f-b6 .kt-accordion-panel-inner{border-top:0px solid transparent;border-right:0px solid transparent;border-bottom:0px solid transparent;border-left:0px solid transparent;}.kt-accordion-id86555_911a5f-b6 > .kt-accordion-inner-wrap > .wp-block-kadence-pane > .kt-accordion-header-wrap > .kt-blocks-accordion-header{border-top-color:#555555;border-top-style:solid;border-right-color:#555555;border-right-style:solid;border-bottom-color:#555555;border-bottom-style:solid;border-left-color:#555555;border-left-style:solid;}.kt-accordion-id86555_911a5f-b6 > .kt-accordion-inner-wrap > .wp-block-kadence-pane > .kt-accordion-header-wrap > .kt-blocks-accordion-header:hover, \n\t\t\t\tbody:not(.hide-focus-outline) .kt-accordion-id86555_911a5f-b6 .kt-blocks-accordion-header:focus-visible{border-top-color:#eeeeee;border-top-style:solid;border-right-color:#eeeeee;border-right-style:solid;border-bottom-color:#eeeeee;border-bottom-style:solid;border-left-color:#eeeeee;border-left-style:solid;}.kt-accordion-id86555_911a5f-b6 .kt-accordion-header-wrap .kt-blocks-accordion-header:focus-visible,\n\t\t\t\t.kt-accordion-id86555_911a5f-b6 > .kt-accordion-inner-wrap > .wp-block-kadence-pane > .kt-accordion-header-wrap > .kt-blocks-accordion-header.kt-accordion-panel-active{border-top-color:#444444;border-top-style:solid;border-right-color:#444444;border-right-style:solid;border-bottom-color:#444444;border-bottom-style:solid;border-left-color:#444444;border-left-style:solid;}}<\/style>\n<div class=\"wp-block-kadence-accordion alignnone\"><div class=\"kt-accordion-wrap kt-accordion-id86555_911a5f-b6 kt-accordion-has-7-panes kt-active-pane-0 kt-accordion-block kt-pane-header-alignment-left kt-accodion-icon-style-basic kt-accodion-icon-side-right\" style=\"max-width:1000px\"><div class=\"kt-accordion-inner-wrap\" data-allow-multiple-open=\"true\" data-start-open=\"none\">\n<div class=\"wp-block-kadence-pane kt-accordion-pane kt-accordion-pane-1 kt-pane86555_baff37-ca\"><div class=\"kt-accordion-header-wrap\"><button class=\"kt-blocks-accordion-header kt-acccordion-button-label-show\" type=\"button\"><span class=\"kt-blocks-accordion-title-wrap\"><span class=\"kt-blocks-accordion-title\"><strong>Enrollment form and the \u201cparticipant information\u201d questionnaire<\/strong><\/span><\/span><span class=\"kt-blocks-accordion-icon-trigger\"><\/span><\/button><\/div><div class=\"kt-accordion-panel kt-accordion-panel-hidden\"><div class=\"kt-accordion-panel-inner\">\n<p>Enrollment does not require logging in. One participant can be enrolled per form. It is important to enter the email address correctly and in the correct field. The form asks for:<\/p>\n\n\n\n<ul class=\"wp-block-list\">\n<li>Guardian\u2019s first name<\/li>\n\n\n\n<li>Guardian\u2019s last name<\/li>\n\n\n\n<li>Guardian\u2019s email address<\/li>\n\n\n\n<li>Guardian\u2019s phone number<\/li>\n\n\n\n<li>Participant\u2019s first name<\/li>\n\n\n\n<li>Participant\u2019s last name<\/li>\n<\/ul>\n\n\n\n<p>The enrollment form opens if the camp currently has available places or waiting list spots. Accessing the form does not guarantee a place, as places may fill before the form is completed and submitted:<\/p>\n\n\n\n<ul class=\"wp-block-list\">\n<li>If the camp and waiting list fill before you submit the form, you will receive the notice \u201dTilaisuus on t\u00e4ynn\u00e4\u201d (\u201dThe event is full\u201d).<\/li>\n\n\n\n<li>If the camp still has places or waiting list spots when you submit the form, you will receive the notice \u201dTiedot on l\u00e4hetetty ja saat vahvistuksen s\u00e4hk\u00f6postiisi hetken kuluttua\u201d (\u201dYour information has been submitted; you will receive a confirmation email shortly\u201d).<\/li>\n<\/ul>\n\n\n\n<p>After successful enrollment (either to the camp or the waiting list), an email will arrive within about 5 minutes:<\/p>\n\n\n\n<ul class=\"wp-block-list\">\n<li>If you received a camp place, the email subject is \u201dOle hyv\u00e4 ja t\u00e4ydenn\u00e4 ilmoittautumistiedot\u201d (\u201dPlease complete the enrollment information\u201d).<\/li>\n\n\n\n<li>If you received a waiting list spot, the subject is \u201dVahvistus protuleirin jonoon ilmoittautumisesta\u201d (\u201dConfirmation of enrollment to the Protu camp waiting list.\u201d)<\/li>\n<\/ul>\n\n\n\n<h4 class=\"wp-block-heading\">Participant information questionnaire<\/h4>\n\n\n\n<p>Once you have received a camp place\u2014either directly or from the waiting list\u2014you will receive an email with the subject \u201dPlease complete the enrollment information.\u201d The message contains a link to the participant information questionnaire. Through this questionnaire you will submit all participation details, including contact information, as well as any dietary restrictions, allergies, or other information relevant for camp leaders.<\/p>\n\n\n\n<p>After completing the participant information questionnaire, the camp enrollment is binding and <a href=\"https:\/\/www.protu.fi\/toimitusehdot\/\">cancellation terms<\/a> apply.<\/p>\n\n\n\n<p><mark style=\"background-color:rgba(0, 0, 0, 0)\" class=\"has-inline-color has-vivid-red-color\">\ud83e\udc82 <\/mark>The questionnaire must be completed within one week (7 days) of enrollment; otherwise the enrollment lapses and the camp place is lost.<\/p>\n<\/div><\/div><\/div>\n\n\n\n<div class=\"wp-block-kadence-pane kt-accordion-pane kt-accordion-pane-5 kt-pane86555_8023ae-2e\"><div class=\"kt-accordion-header-wrap\"><button class=\"kt-blocks-accordion-header kt-acccordion-button-label-show\" type=\"button\"><span class=\"kt-blocks-accordion-title-wrap\"><span class=\"kt-blocks-accordion-title\"><strong><strong>Waiting lists<\/strong><\/strong><\/span><\/span><span class=\"kt-blocks-accordion-icon-trigger\"><\/span><\/button><\/div><div class=\"kt-accordion-panel kt-accordion-panel-hidden\"><div class=\"kt-accordion-panel-inner\">\n<p>Each camp has 5 waiting list spots. You may enroll on the waiting list if the camp is full. A confirmation of waiting list enrollment will be sent by email.<\/p>\n\n\n\n<p>One person may be on the waiting list for only one camp. If you are already on a waiting list, you must cancel that waiting list enrollment before enrolling or joining the waiting list for another camp. Protu\u2019s office will remove extra waiting list enrollments without separate notice.<\/p>\n\n\n\n<p>If a cancellation occurs, the first person on the waiting list will receive the place. Notification will be sent to the guardian\u2019s email, including a link to the participant information questionnaire (see above). The questionnaire must be completed within 7 days of receiving the place.<\/p>\n<\/div><\/div><\/div>\n\n\n\n<div class=\"wp-block-kadence-pane kt-accordion-pane kt-accordion-pane-6 kt-pane86555_025d3f-64\"><div class=\"kt-accordion-header-wrap\"><button class=\"kt-blocks-accordion-header kt-acccordion-button-label-show\" type=\"button\"><span class=\"kt-blocks-accordion-title-wrap\"><span class=\"kt-blocks-accordion-title\"><strong>Families with multiple participants<\/strong><\/span><\/span><span class=\"kt-blocks-accordion-icon-trigger\"><\/span><\/button><\/div><div class=\"kt-accordion-panel kt-accordion-panel-hidden\"><div class=\"kt-accordion-panel-inner\">\n<p>Due to a technical limitation in the enrollment system, only one child can be enrolled per guardian\u2019s email address for the 2026 camps. If your family has more than one child enrolling (e.g., twins), please contact Protu\u2019s office at <a href=\"mailto:protu@protu.fi\">protu@protu.fi<\/a> by 14.1.2026.<\/p>\n<\/div><\/div><\/div>\n\n\n\n<div class=\"wp-block-kadence-pane kt-accordion-pane kt-accordion-pane-4 kt-pane86555_8f9b1d-32\"><div class=\"kt-accordion-header-wrap\"><button class=\"kt-blocks-accordion-header kt-acccordion-button-label-show\" type=\"button\"><span class=\"kt-blocks-accordion-title-wrap\"><span class=\"kt-blocks-accordion-title\"><strong>Changing camps<\/strong><\/span><\/span><span class=\"kt-blocks-accordion-icon-trigger\"><\/span><\/button><\/div><div class=\"kt-accordion-panel kt-accordion-panel-hidden\"><div class=\"kt-accordion-panel-inner\">\n<p>Because the camps fill quickly and demand is high, we cannot offer direct camp-to-camp transfers. If you have an essential need to change camps, you may enroll in a free place or waiting list of another camp. Camp fee <a href=\"https:\/\/www.protu.fi\/toimitusehdot\/\">terms<\/a> apply also to camp changes.<\/p>\n<\/div><\/div><\/div>\n\n\n\n<div class=\"wp-block-kadence-pane kt-accordion-pane kt-accordion-pane-7 kt-pane86555_5e7d6f-0b\"><div class=\"kt-accordion-header-wrap\"><button class=\"kt-blocks-accordion-header kt-acccordion-button-label-show\" type=\"button\"><span class=\"kt-blocks-accordion-title-wrap\"><span class=\"kt-blocks-accordion-title\"><strong>Canceling a camp or waiting list enrollment<\/strong><\/span><\/span><span class=\"kt-blocks-accordion-icon-trigger\"><\/span><\/button><\/div><div class=\"kt-accordion-panel kt-accordion-panel-hidden\"><div class=\"kt-accordion-panel-inner\">\n<p>Camp or waiting list enrollments cannot be canceled by participants themselves. Cancellations are handled via Protu\u2019s office by email at&nbsp;<a href=\"mailto:protu@protu.fi\">protu@protu.fi<\/a>.<\/p>\n<\/div><\/div><\/div>\n<\/div><\/div><\/div>\n\n\n\n<h2 class=\"wp-block-heading\"><br>Camp fee and discounts<\/h2>\n\n\n\n<p>The camp fee is paid by invoice; direct online payments (credit card or bank transfer) are not possible. Invoices are sent to the guardian\u2019s email before the camp begins.<\/p>\n\n\n\n<p>The price for the 2026 international camps is 439 \u20ac.<\/p>\n\n\n\n<p>The fee covers full board for the entire camp, accommodation, and accident insurance (for those insured under the Finnish system).<\/p>\n\n\n\n<h4 class=\"wp-block-heading\">Accident insurance<\/h4>\n\n\n\n<p>The accident insurance covers participants who have a Finnish KELA card. It covers treatment costs and property damaged in accidents. If the participant does not have a KELA card, the family should ensure that they have valid travel or equivalent insurance during the camp.<\/p>\n\n\n\n<h4 class=\"wp-block-heading\">Discounts<\/h4>\n\n\n\n<p>Participants in financially challenging situations are eligible for a basic discount of \u20ac90, selectable during enrollment.<\/p>\n\n\n\n<p>Participants who are part of a family membership or are individual members are entitled to a \u20ac39 membership discount.<\/p>\n\n\n\n<p>Families in particularly difficult financial situations may apply for a special discount of 200 \u20ac by 14.10.2026. More information <a href=\"https:\/\/www.protu.fi\/hae-kesan-2026-protuleirin-erityisalennusta-14-1-2026-klo-10-mennessa\/\">here<\/a> (in Finnish).<\/p>\n\n\n\n<h4 class=\"wp-block-heading\">Cancellation terms<\/h4>\n\n\n\n<p>See the cancellation terms <a href=\"https:\/\/www.protu.fi\/toimitusehdot\/\" target=\"_blank\" rel=\"noreferrer noopener\">here<\/a> (in Finnish).<\/p>\n<\/div>\n<\/div>\n\n                <\/div>\n            <\/div>\n            <\/div>\n<\/section>","protected":false},"excerpt":{"rendered":"","protected":false},"author":89,"featured_media":0,"parent":21483,"menu_order":0,"comment_status":"closed","ping_status":"closed","template":"","meta":{"_acf_changed":false,"inline_featured_image":false,"footnotes":""},"sivun_tyyppi":[65],"class_list":["post-86555","page","type-page","status-publish","hentry","sivun_tyyppi-julkinen-sivu"],"acf":[],"_links":{"self":[{"href":"https:\/\/www.protu.fi\/en\/wp-json\/wp\/v2\/pages\/86555","targetHints":{"allow":["GET"]}}],"collection":[{"href":"https:\/\/www.protu.fi\/en\/wp-json\/wp\/v2\/pages"}],"about":[{"href":"https:\/\/www.protu.fi\/en\/wp-json\/wp\/v2\/types\/page"}],"author":[{"embeddable":true,"href":"https:\/\/www.protu.fi\/en\/wp-json\/wp\/v2\/users\/89"}],"replies":[{"embeddable":true,"href":"https:\/\/www.protu.fi\/en\/wp-json\/wp\/v2\/comments?post=86555"}],"version-history":[{"count":4,"href":"https:\/\/www.protu.fi\/en\/wp-json\/wp\/v2\/pages\/86555\/revisions"}],"predecessor-version":[{"id":86764,"href":"https:\/\/www.protu.fi\/en\/wp-json\/wp\/v2\/pages\/86555\/revisions\/86764"}],"up":[{"embeddable":true,"href":"https:\/\/www.protu.fi\/en\/wp-json\/wp\/v2\/pages\/21483"}],"wp:attachment":[{"href":"https:\/\/www.protu.fi\/en\/wp-json\/wp\/v2\/media?parent=86555"}],"wp:term":[{"taxonomy":"sivun_tyyppi","embeddable":true,"href":"https:\/\/www.protu.fi\/en\/wp-json\/wp\/v2\/sivun_tyyppi?post=86555"}],"curies":[{"name":"wp","href":"https:\/\/api.w.org\/{rel}","templated":true}]}}