{"id":86724,"date":"2026-01-27T08:28:10","date_gmt":"2026-01-27T06:28:10","guid":{"rendered":"https:\/\/www.protu.fi\/?page_id=86724"},"modified":"2026-01-27T08:29:08","modified_gmt":"2026-01-27T06:29:08","slug":"permissions-and-consents","status":"publish","type":"page","link":"https:\/\/www.protu.fi\/en\/permissions-and-consents\/","title":{"rendered":"Permissions and Consents"},"content":{"rendered":"<section class=\"block-container vaalea-tausta\">\n    <div class=\"container-fluid\">\n                    <div class=\"row justify-content-center\">\n                <div class=\"col-lg-11\">\n                    \n\n<div class=\"wp-block-columns is-layout-flex wp-container-core-columns-is-layout-9d6595d7 wp-block-columns-is-layout-flex\">\n<div class=\"wp-block-column is-layout-flow wp-block-column-is-layout-flow\" style=\"flex-basis:700px\">\n<p><strong>Consent to the processing of personal data within Protu (Suostumus henkil\u00f6tietojen k\u00e4sittelyyn Protun sis\u00e4ll\u00e4)<\/strong><\/p>\n\n\n\n<p>Participation in a Protu camp, membership in Protu, as well as acting as a volunteer active or cook require consent to the processing of personal data within Protu. Consent means that Protu may process your personal data in the CRM-service customer relationship management system, in Talenom financial administration system, and in the Microsoft 365 system used by Protu&#8217;s office and volunteers. Data is transferred between systems in accordance with the purpose of data processing and in compliance with the principle of data minimisation (read more on the website of the Office of the Data Protection Ombudsman: <a href=\"https:\/\/tietosuoja.fi\/en\/minimisation-of-data\" rel=\"nofollow noopener\" target=\"_blank\">https:\/\/tietosuoja.fi\/en\/minimisation-of-data<\/a>). You can find Protu\u2019s privacy notice here (in Finnish): <a href=\"https:\/\/www.protu.fi\/tietosuojaseloste\/\">https:\/\/www.protu.fi\/tietosuojaseloste\/<\/a><\/p>\n\n\n\n<p><strong>Communication permission (Viestint\u00e4lupa)<\/strong><\/p>\n\n\n\n<p>The permission means that, in addition to essential membership, active volunteer, and event-related communication (essential communication includes invitations to general meetings, membership fee invoices, messages related to active roles, event letters, and feedback surveys), Protu may send newsletters to members and volunteer actives as well as other communication related to Protu\u2019s activities through various communication channels.<\/p>\n\n\n\n<p><strong>Consent for photography and use of images in Protu\u2019s communication (Kuvauslupa Protun viestint\u00e4\u00e4n)<\/strong><\/p>\n\n\n\n<p>The consent means that Protu may use photographs and videos in which you appear in its communication and marketing. Images may be used in Protu\u2019s communications and materials (e.g. social media, brochures, and websites), in a media bank intended for the press and partners, in the association\u2019s publication <em>Protu-lehti<\/em>, and for other similar purposes. Granting consent for photography is voluntary and may be withdrawn at a later time if desired. Previously used photo or video material will not be removed retroactively.<\/p>\n\n\n\n<p><strong>Consent to the disclosure of contact details to third parties for the purpose of marketing related to Protu\u2019s activities (Suostumus yhteystietojen luovuttamiseen kolmansille osapuolille Protu-toimintaan liittyv\u00e4n mainonnan toteuttamista varten)<\/strong><\/p>\n\n\n\n<p>The consent means that Protu may disclose your contact details to third parties, such as Meta (Facebook and Instagram), for the purpose of targeting marketing and communication related to Protu\u2019s activities. You can find Meta\u2019s privacy policy here:<a href=\"https:\/\/www.facebook.com\/privacy\/center\/\" target=\"_blank\" rel=\"noreferrer noopener nofollow\">&nbsp;https:\/\/www.facebook.com\/privacy\/center\/<\/a><\/p>\n<\/div>\n<\/div>\n\n                <\/div>\n            <\/div>\n            <\/div>\n<\/section>","protected":false},"excerpt":{"rendered":"","protected":false},"author":89,"featured_media":0,"parent":0,"menu_order":0,"comment_status":"closed","ping_status":"closed","template":"","meta":{"_acf_changed":false,"inline_featured_image":false,"footnotes":""},"sivun_tyyppi":[],"class_list":["post-86724","page","type-page","status-publish","hentry"],"acf":[],"_links":{"self":[{"href":"https:\/\/www.protu.fi\/en\/wp-json\/wp\/v2\/pages\/86724","targetHints":{"allow":["GET"]}}],"collection":[{"href":"https:\/\/www.protu.fi\/en\/wp-json\/wp\/v2\/pages"}],"about":[{"href":"https:\/\/www.protu.fi\/en\/wp-json\/wp\/v2\/types\/page"}],"author":[{"embeddable":true,"href":"https:\/\/www.protu.fi\/en\/wp-json\/wp\/v2\/users\/89"}],"replies":[{"embeddable":true,"href":"https:\/\/www.protu.fi\/en\/wp-json\/wp\/v2\/comments?post=86724"}],"version-history":[{"count":2,"href":"https:\/\/www.protu.fi\/en\/wp-json\/wp\/v2\/pages\/86724\/revisions"}],"predecessor-version":[{"id":86728,"href":"https:\/\/www.protu.fi\/en\/wp-json\/wp\/v2\/pages\/86724\/revisions\/86728"}],"wp:attachment":[{"href":"https:\/\/www.protu.fi\/en\/wp-json\/wp\/v2\/media?parent=86724"}],"wp:term":[{"taxonomy":"sivun_tyyppi","embeddable":true,"href":"https:\/\/www.protu.fi\/en\/wp-json\/wp\/v2\/sivun_tyyppi?post=86724"}],"curies":[{"name":"wp","href":"https:\/\/api.w.org\/{rel}","templated":true}]}}