{"id":20368,"date":"2023-02-01T14:07:32","date_gmt":"2023-02-01T12:07:32","guid":{"rendered":"https:\/\/uusi.protu.fi\/?page_id=20368"},"modified":"2023-05-19T10:51:58","modified_gmt":"2023-05-19T07:51:58","slug":"med-i-verksamheten","status":"publish","type":"page","link":"https:\/\/www.protu.fi\/sv\/med-i-verksamheten\/","title":{"rendered":"Med i verksamheten"},"content":{"rendered":"<section class=\"block-container vaalea-tausta\">\n    <div class=\"container-fluid\">\n                    <div class=\"row justify-content-center\">\n                <div class=\"col-lg-11\">\n                    \n\n<style>\n    .sisalto {\n        margin-bottom: 20px;\n    }\n    .sisalto .image-col img {\n        max-width: 100%;\n    }\n    .sisalto .image-col img.oikea {\n        padding-left: 20px;\n    }\n    .sisalto .image-col img.vasen {\n        padding-right: 20px;\n        margin-bottom: 30px;\n    }\n    .sisalto h2, .sisalto h3 {\n        margin: 10px 0 20px;\n    }\n<\/style>\n\n<section class=\"sisalto\">\n    <div class=\"row justify-content-center\">\n                    <div class=\"col-lg-6 text-link\">\n                <p>Protu har saker att g\u00f6ra \u00e5ret om, b\u00e5de f\u00f6r unga som genomg\u00e5tt l\u00e4gret och f\u00f6r vuxna intresserade av Protus verksamhet. Protus aktiviteter organiseras huvudsakligen av frivilliga. Alla \u00e4r v\u00e4lkomna att delta, oavsett \u00e5lder, bakgrund eller erfarenhet.<\/p>\n<p>Varje \u00e5r beh\u00f6vs 150 ledare, 350 hj\u00e4lpledare och \u00f6ver 40 kockar till l\u00e4gren. Dessutom beh\u00f6vs mer \u00e4n 100 utbildare f\u00f6r instrukt\u00f6rer och assisterande instrukt\u00f6rer. Cirka 140 volont\u00e4rer arbetar kontinuerligt i divisionerna och arbetsgrupperna.<\/p>\n            <\/div>\n            <div class=\"col-lg-6 image-col\">\n                 \n                    <img decoding=\"async\" class=\"oikea\" src=\"https:\/\/www.protu.fi\/wp-content\/uploads\/2022\/10\/Protu_2021_Meriharju_2021-28009-9742-scaled.jpg\" alt=\"\">\n                            <\/div> \n            <\/div>\n<\/section> \n\n\n<style>\n    .sisalto-laatikot {\n        margin-bottom: 40px;\n    }\n    .sisalto-laatikot .laatikko {\n        background-color: var(--pv);\n        border-radius: 40px;\n        color: white;\n        padding: 30px;\n        height: 100%;\n        text-align: center;\n        display: flex;\n        flex-direction: column;\n        align-items: center;\n        justify-content: space-between;\n    }\n    .sisalto-laatikot .laatikko img {\n        width: 80px;\n        margin-bottom: 40px;\n    }\n    .sisalto-laatikot .laatikko a.blue-link {\n        margin: auto;\n        margin-bottom: 0;\n    }\n<\/style>\n\n<section class=\"sisalto-laatikot\">\n    <div class=\"row justify-content-center\">\n                        <div class=\"col-md-6 col-lg-4 mb-3 mb-md-0\">\n                    <div class=\"laatikko\">\n                                                <img decoding=\"async\" src=\"https:\/\/www.protu.fi\/wp-content\/uploads\/2023\/01\/Nimeton-suunn.malli-1.png\" alt=\"\">\n                        <p>En ungdom som genomg\u00e5tt Protu, kom och g\u00f6r andra ungdomars l\u00e4gerupplevelse minnesv\u00e4rd!<br \/>\nVi s\u00f6ker hj\u00e4lpledare i \u00e5ldern 15\u201319 till Protul\u00e4ger. Som bitr\u00e4dande instrukt\u00f6r f\u00e5r du \u00e4ven v\u00e4rdefull volont\u00e4rarbetserfarenhet i arbetslivet och om du s\u00e5 \u00f6nskar f\u00e5r du ocks\u00e5 ett certifikat!<\/p>\n                            <a class=\"blue-link\" href=\"\/sv\/med-i-verksamheten\/assisterande-instruktor-till-lager\/\">Hj\u00e4lpledare till l\u00e4ger <\/a>\n                                            <\/div>\n                <\/div>\n                            <div class=\"col-md-6 col-lg-4 mb-3 mb-md-0\">\n                    <div class=\"laatikko\">\n                                                <img decoding=\"async\" src=\"https:\/\/www.protu.fi\/wp-content\/uploads\/2023\/01\/bannerikuvamusta.png\" alt=\"\">\n                        <p>Tror du att v\u00e4rlden beh\u00f6ver fler oberoende och kritiskt t\u00e4nkande m\u00e4nniskor? Vi s\u00f6ker frivilliga ledare i alla \u00e5ldrar (men minst 20 \u00e5r) fr\u00e5n olika bakgrunder till Protul\u00e4ger! Som ledare erbjuder du unga m\u00e4nniskor en plats att t\u00e4nka p\u00e5 v\u00e4rlden och samtidigt ge dem m\u00e5ngsidig kompetens f\u00f6r livet!<\/p>\n                            <a class=\"blue-link\" href=\"\/sv\/med-i-verksamheten\/instruktor-till-lager\/\">Ledare till l\u00e4ger <\/a>\n                                            <\/div>\n                <\/div>\n                            <div class=\"col-md-6 col-lg-4 mb-3 mb-md-0\">\n                    <div class=\"laatikko\">\n                                                <img decoding=\"async\" src=\"https:\/\/www.protu.fi\/wp-content\/uploads\/2023\/01\/Nimeton-suunn.malli-1.png\" alt=\"\">\n                        <p>Medverka i Protu somrar och vintrar, egen division \u00e4r som ett \u00e5ret-runt l\u00e4gerteam! Divisionerna tar hand om arbetet bakom l\u00e4gren och organiseringen av Protuaktiviteter. I divisionerna kan du l\u00e4ra dig f\u00e4rdigheter i ett trevligt s\u00e4llskap, s\u00e5som teamarbete, planering, sj\u00e4lvk\u00e4nnedom och tidshantering.<\/p>\n                            <a class=\"blue-link\" href=\"\/sv\/med-i-verksamheten\/till-divisioner-och-arbetsgrupper\/\">Till divisionen <\/a>\n                                            <\/div>\n                <\/div>\n                <\/div>\n<\/section>\n\n\n<style>\n    .sisalto-laatikot {\n        margin-bottom: 40px;\n    }\n    .sisalto-laatikot .laatikko {\n        background-color: var(--pv);\n        border-radius: 40px;\n        color: white;\n        padding: 30px;\n        height: 100%;\n        text-align: center;\n        display: flex;\n        flex-direction: column;\n        align-items: center;\n        justify-content: space-between;\n    }\n    .sisalto-laatikot .laatikko img {\n        width: 80px;\n        margin-bottom: 40px;\n    }\n    .sisalto-laatikot .laatikko a.blue-link {\n        margin: auto;\n        margin-bottom: 0;\n    }\n<\/style>\n\n<section class=\"sisalto-laatikot\">\n    <div class=\"row justify-content-center\">\n                        <div class=\"col-md-6 col-lg-4 mb-3 mb-md-0\">\n                    <div class=\"laatikko\">\n                                                <img decoding=\"async\" src=\"https:\/\/www.protu.fi\/wp-content\/uploads\/2023\/01\/bannerikuvamusta.png\" alt=\"\">\n                        <p>I Protu finns det andra volont\u00e4ruppgifter som passar ett brett spektrum av tendenser och livssituationer! G\u00e5 med som instrukt\u00f6r eller st\u00f6dperson!<\/p>\n                            <a class=\"blue-link\" href=\"\/sv\/med-i-verksamheten\/till-andra-aktiva-uppgifter\/\">Till andra aktiva uppgifter <\/a>\n                                            <\/div>\n                <\/div>\n                            <div class=\"col-md-6 col-lg-4 mb-3 mb-md-0\">\n                    <div class=\"laatikko\">\n                                                <img decoding=\"async\" src=\"https:\/\/www.protu.fi\/wp-content\/uploads\/2023\/01\/Nimeton-suunn.malli-1.png\" alt=\"\">\n                        <p>\u00c4r du intresserad av att laga mat? Som Protukock f\u00e5r du anv\u00e4nda din kompetens och spela en viktig roll i v\u00e5r verksamhet. Kockar beh\u00f6vs till l\u00e4ger s\u00e5v\u00e4l som till olika Protu-evenemang, s\u00e5 g\u00e5 g\u00e4rna med!<\/p>\n                            <a class=\"blue-link\" href=\"\/sv\/med-i-verksamheten\/som-kock\/\">Som kock<\/a>\n                                            <\/div>\n                <\/div>\n                            <div class=\"col-md-6 col-lg-4 mb-3 mb-md-0\">\n                    <div class=\"laatikko\">\n                                                <img decoding=\"async\" src=\"https:\/\/www.protu.fi\/wp-content\/uploads\/2023\/01\/bannerikuvamusta.png\" alt=\"\">\n                        <p>Protus lokala grupper, det vill s\u00e4ga lokala Protus, verkar p\u00e5 olika platser runt om i Finland. Den lokala gruppen drivs av lokalbefolkningen som varit p\u00e5 Protu-l\u00e4ger och deras Protu fritidsaktiviteter \u00e4r \u00f6ppna f\u00f6r alla Protunister. 15-19 \u00e5riga<br \/>\nassisterande instrukt\u00f6rer.<\/p>\n                            <a class=\"blue-link\" href=\"\/med-i-verksamheten\/till-lokala-grupper\/?lang=sv\">Till lokala grupper <\/a>\n                                            <\/div>\n                <\/div>\n                <\/div>\n<\/section>\n\n\n<h2 class=\"wp-block-heading\">Varf\u00f6r bli en aktiv Protu?<\/h2>\n\n\n\n<style>\n    .sisalto {\n        margin-bottom: 20px;\n    }\n    .sisalto .image-col img {\n        max-width: 100%;\n    }\n    .sisalto .image-col img.oikea {\n        padding-left: 20px;\n    }\n    .sisalto .image-col img.vasen {\n        padding-right: 20px;\n        margin-bottom: 30px;\n    }\n    .sisalto h2, .sisalto h3 {\n        margin: 10px 0 20px;\n    }\n<\/style>\n\n<section class=\"sisalto\">\n    <div class=\"row justify-content-center\">\n                    <div class=\"col-lg-6 image-col\">\n                <img decoding=\"async\" class=\"vasen\" src=\"https:\/\/www.protu.fi\/wp-content\/uploads\/2022\/10\/Protu_2021_Meriharju_2021-28009-9190-scaled-e1675931604647.jpg\" alt=\"\">\n            <\/div>\n            <div class=\"col-lg-6 text-link\">\n                <ol>\n<li><strong>Bli en del av en m\u00e5ngfaldig gemenskap!<\/strong> I Protu kan du hitta en ny hobby i en unik atmosf\u00e4r. Vi str\u00e4var efter att alla ska ha lika m\u00f6jligheter att delta och p\u00e5verka, samt r\u00e4tten att bli accepterad som sig sj\u00e4lva.<\/li>\n<li><strong>Prova p\u00e5 nya saker!<\/strong> Protu erbjuder m\u00e5nga olika saker att g\u00f6ra f\u00f6r olika preferenser och livssituationer. Hitta din grej i m\u00e5ngsidiga uppgifter.<\/li>\n<li><strong>Medverka i meningsfull ungdomsverksamhet!<\/strong> Protu st\u00f6djer ungdomarnas tillv\u00e4xt till sj\u00e4lvaccepterande, deltagande och kritisk vuxen \u00e5lder.<\/li>\n<li><strong>L\u00e4r dig nya f\u00e4rdigheter och f\u00e5 volont\u00e4rerfarenhet!<\/strong> Erfarenheterna fr\u00e5n Protu kan vara anv\u00e4ndbara till exempel n\u00e4r du s\u00f6ker jobb. De aktiva f\u00e5r ett officiellt intyg f\u00f6r sitt arbete och p\u00e5 vissa l\u00e4roanstalter kan man genomf\u00f6ra kurser eller praktik genom att delta i Protu-aktiviteter. \u00a0Protusta saadulla kokemuksella voi olla hy\u00f6ty\u00e4 esimerkiksi ty\u00f6paikkaa hakiessa. Aktiivit saavat ty\u00f6st\u00e4\u00e4n virallisen todistuksen, ja osassa oppilaitoksista voi suorittaa kursseja tai harjoitteluja osallistumalla protutoimintaan.<\/li>\n<\/ol>\n            <\/div>\n            <\/div>\n<\/section> \n\n\n<p><\/p>\n\n\n<style>\n    .banneri {\n        padding: 50px 0;\n        background-position: center;\n        background-size: cover;\n        background-repeat: no-repeat;\n        color: white;\n        margin-bottom: 20px;\n        position: relative;\n    }\n    .banner-narrow {\n        text-align: center;\n    }\n    .banneri h2 {\n        font-size: 42px;\n    }\n    .banneri h2 {\n        margin-bottom: 30px;\n    }\n    .banner-narrow a {\n        margin: auto;\n    }\n    .banner-wide .banner-kuvitus {\n        position: absolute;\n        right: 0;\n        top: 20px;\n    }\n    .banneri.link-banner {\n        padding: 60px 0;\n    }\n    .banneri .link-container {\n        display: flex;\n        justify-content: center;\n    }\n    .banneri .link-container a {\n        margin: 10px;\n    }\n    .banneri .lahjoitus-container .tuote-col {\n        display: flex;\n    }\n    .banneri .lahjoitus-container .tuote-col .tuote-kortti {\n        width: calc(50% - 40px);\n        margin: 0 20px;\n        padding: 30px;\n        background-color: #EBEFF7;\n        border: 1px solid #E6E6E6;\n        box-shadow: 0 2px 10px rgb(0 0 0 \/ 20%);\n        margin-bottom: 20px;\n        height: fit-content;\n        height: -moz-fit-content;\n    }\n    .banneri .lahjoitus-container .tuote-col .tuote-kortti img {\n        width: 100%;\n        margin-bottom: 15px;\n    }\n    .banneri .lahjoitus-container .tuote-col .tuote-kortti h3 {\n        color: var(--pv);\n    }\n    .banneri .lahjoitus-container .tuote-col .tuote-kortti .hinta {\n        color: #000000;\n    }\n    .banneri .lahjoitus-container .tuote-col .tuote-kortti .add_to_cart_inline {\n        border: none !important;\n        padding: 0 !important;\n        display: flex;\n        flex-wrap: wrap;\n        flex-direction: column;\n        margin: 0;\n    }\n    .banneri .lahjoitus-container .tuote-col .tuote-kortti .add_to_cart_inline .woocommerce-Price-amount {\n        color: #000000;\n        font-weight: 500;\n    }\n    .banneri .lahjoitus-container .tuote-col .tuote-kortti .add_to_cart_inline a {\n        width: 100%;\n        display: block;\n        text-align: center;\n        background-color: var(--pv);\n        color: white;\n        padding: 15px;\n        text-transform: uppercase;\n        font-weight: 400;\n        margin-top: 30px;\n        transition: 0.4s;\n    }\n    .banneri .lahjoitus-container .tuote-col .tuote-kortti .add_to_cart_inline a:hover,\n    .banneri .lahjoitus-container .tuote-col .tuote-kortti .add_to_cart_inline a:focus {\n        background-color: #21224B;\n    }\n    @media (max-width: 991.98px) {\n        .banneri.banner-wide {\n            margin-left: -15px;\n            margin-right: -15px;\n            padding-bottom: 4em;\n            z-index: 1;\n        }\n        .banneri.banner-wide .blue-link {\n            position: absolute;\n            bottom: 0;\n            margin-bottom: 1em;\n        }\n    }\n    @media (max-width: 767.98px) {\n        .banner-wide .banner-kuvitus {\n            height: 100px;\n            z-index: -1;\n        }\n        .banneri h2 {\n            font-size: 2rem;\n        }\n    }\n    @media (max-width: 575.98px) {\n        .banneri .lahjoitus-container .tuote-col {\n            flex-direction: column;\n        }\n        .banneri .lahjoitus-container .tuote-col .tuote-kortti {\n            width: calc(100% - 40px);\n        }\n    }\n<\/style>\n<section class=\"banneri banner-narrow\" \n    style=\"background-image: url(https:\/\/www.protu.fi\/wp-content\/uploads\/2022\/01\/banner_tausta.jpg);\">\n            <div class=\"container\">\n            <div class=\"row justify-content-center\">\n                <div class=\"col-lg-8\">\n                    <h2>Varf\u00f6r l\u00f6nar det sig att g\u00e5 med i Prometheus-l\u00e4grets st\u00f6d rf?<\/h2>\n                    <p>Prometheus-l\u00e4grets st\u00f6d rf \u00e4r gemenskapen f\u00f6r alla Protus och Protuintresserade och ryggraden i l\u00e4gret och andra Protu-aktiviteter. Som medlem g\u00f6r du det m\u00f6jligt att anordna unika uppvuxningsl\u00e4ger och om du vill kan du delta i m\u00e5nga andra Protukiva-evenemang! <\/p>\n                                            <a class=\"green-link\" href=\"\/med-i-verksamheten\/bli-medlem-i-protu\/?lang=sv\">BLI MEDLEM I PROTU <\/a>\n                                    <\/div>\n            <\/div>\n        <\/div>\n    <\/section>\n                <\/div>\n            <\/div>\n            <\/div>\n<\/section>\n\n\n<p><\/p>\n","protected":false},"excerpt":{"rendered":"","protected":false},"author":89,"featured_media":0,"parent":0,"menu_order":0,"comment_status":"closed","ping_status":"closed","template":"","meta":{"_acf_changed":false,"inline_featured_image":false,"footnotes":""},"sivun_tyyppi":[65],"class_list":["post-20368","page","type-page","status-publish","hentry","sivun_tyyppi-julkinen-sivu"],"acf":[],"_links":{"self":[{"href":"https:\/\/www.protu.fi\/sv\/wp-json\/wp\/v2\/pages\/20368","targetHints":{"allow":["GET"]}}],"collection":[{"href":"https:\/\/www.protu.fi\/sv\/wp-json\/wp\/v2\/pages"}],"about":[{"href":"https:\/\/www.protu.fi\/sv\/wp-json\/wp\/v2\/types\/page"}],"author":[{"embeddable":true,"href":"https:\/\/www.protu.fi\/sv\/wp-json\/wp\/v2\/users\/89"}],"replies":[{"embeddable":true,"href":"https:\/\/www.protu.fi\/sv\/wp-json\/wp\/v2\/comments?post=20368"}],"version-history":[{"count":13,"href":"https:\/\/www.protu.fi\/sv\/wp-json\/wp\/v2\/pages\/20368\/revisions"}],"predecessor-version":[{"id":36647,"href":"https:\/\/www.protu.fi\/sv\/wp-json\/wp\/v2\/pages\/20368\/revisions\/36647"}],"wp:attachment":[{"href":"https:\/\/www.protu.fi\/sv\/wp-json\/wp\/v2\/media?parent=20368"}],"wp:term":[{"taxonomy":"sivun_tyyppi","embeddable":true,"href":"https:\/\/www.protu.fi\/sv\/wp-json\/wp\/v2\/sivun_tyyppi?post=20368"}],"curies":[{"name":"wp","href":"https:\/\/api.w.org\/{rel}","templated":true}]}}