{"id":20371,"date":"2023-02-01T14:08:30","date_gmt":"2023-02-01T12:08:30","guid":{"rendered":"https:\/\/uusi.protu.fi\/?page_id=20371"},"modified":"2024-03-12T12:58:22","modified_gmt":"2024-03-12T10:58:22","slug":"aktuellt","status":"publish","type":"page","link":"https:\/\/www.protu.fi\/sv\/aktuellt\/","title":{"rendered":"Aktuellt"},"content":{"rendered":"<section class=\"block-container \">\n    <div class=\"container-fluid\">\n                    <div class=\"row justify-content-center\">\n                <div class=\"col-lg-11\">\n                    \n\n<style>\n\n<\/style>\n\n<section class=\"kapea-teksti\">\n    <div class=\"row\">\n        <div class=\"col-lg-9\">\n                    <\/div>\n    <\/div>\n<\/section>\n\n\n<style>\n    .artikkelit .kategory-buttons {\n        text-align: center;\n        margin-bottom: 30px;\n    }\n    .artikkelit .kategory-buttons button {\n        background-color: #21224B;\n        color: white;\n        padding: 8px;\n        min-width: 150px;\n        border: none;\n        font-weight: 600;\n        margin: 0 10px;\n    }\n    .artikkelit .kategory-buttons button.active-category {\n        background-color: #F0B12B;\n    }\n    .artikkelit .kategory-buttons button:hover, .artikkelit .kategory-buttons button:focus {\n        background-color: var(--pv);\n    }\n    .artikkelit .artikkeli-listaus .artikkeli-div {\n        display: none;\n    }\n    .artikkelit .artikkeli-listaus .artikkeli-div .alm-listing {\n        display: -ms-flexbox;\n        display: flex;\n        -ms-flex-wrap: wrap;\n        flex-wrap: wrap;\n        margin-right: -15px;\n        margin-left: -15px;\n    }\n    .artikkelit .artikkeli-listaus .artikkeli-col {\n        display: flex;\n        flex-direction: column;\n        flex-wrap: wrap;\n        margin-bottom: 30px;\n    }\n    .artikkelit .artikkeli-listaus .artikkeli-div .nosto-kuva {\n        height: 220px;\n        background-position: center;\n        background-size: cover;\n        background-repeat: no-repeat;\n        transition: 0.4s;\n    }\n    .artikkelit .artikkeli-listaus .artikkeli-div .nosto-sisalto {\n        background-color: var(--pv);\n        padding: 10px 30px 15px;\n        position: relative;\n        min-height: 120px;\n        display: flex;\n        justify-content: space-between;\n        flex-wrap: wrap;\n        flex-direction: column;\n        height: calc(100% - 220px);\n    }\n    .artikkelit .artikkeli-listaus .artikkeli-div .nosto-sisalto .artikkeli-linkki:hover .palvelu-otsikko,\n    .artikkelit .artikkeli-listaus .artikkeli-div .nosto-sisalto .artikkeli-linkki:focus .palvelu-otsikko {\n        text-decoration: underline;\n    }\n    .artikkelit .artikkeli-listaus .artikkeli-div .nosto-sisalto .palvelu-otsikko {\n        color: white;\n        font-weight: 500;\n        width: 95%;\n        font-size: 24px;\n    }\n    .artikkelit .artikkeli-listaus .artikkeli-div .nosto-sisalto span {\n        background-color: #21224B;\n        color: white;\n        padding: 5px 10px;\n        text-transform: uppercase;\n        font-size: 14px;\n        border-radius: 25px;\n        width: fit-content;\n        width: -moz-fit-content;\n        margin-bottom: 5px;\n    }\n    .artikkelit .artikkeli-listaus .artikkeli-div .nosto-sisalto .nosto-kuvitus {\n        height: 80px;\n        position: absolute;\n        right: 0;\n        top: 8px;\n    }\n    .artikkelit .alm-btn-wrap .alm-load-more-btn {\n        background-color: #21224B !important;\n    }\n    @media (max-width: 767.98px) {\n        .artikkelit .kategory-buttons {\n            max-width: 400px;\n            margin: 30px auto;\n        }\n    }\n<\/style>\n\n<section class=\"artikkelit\">\n        <div class=\"kategory-buttons\">\n        <button class=\"category-button mb-3 mb-md-0\" id=\"kaikki\"  onclick=\"setCategory('kaikki')\">Kaikki<\/button>\n            <\/div>\n    <div class=\"artikkeli-listaus\">\n        <div id=\"artikkeli-kaikki\" class=\"artikkeli-div\">\n            <div id=\"ajax-load-more\" class=\"ajax-load-more-wrap default\"  data-alm-id=\"\" data-canonical-url=\"https:\/\/www.protu.fi\/sv\/aktuellt\/\" data-slug=\"aktuellt\" data-post-id=\"20371\"  data-localized=\"ajax_load_more_vars\" data-alm-object=\"ajax_load_more\"><div aria-live=\"polite\" aria-atomic=\"true\" class=\"alm-listing alm-ajax\" data-container-type=\"div\" data-loading-style=\"default\" data-repeater=\"default\" data-post-type=\"post\" data-category-not-in=\"134\" data-order=\"DESC\" data-orderby=\"date\" data-offset=\"0\" data-posts-per-page=\"6\" data-lang=\"sv\" data-scroll=\"false\" data-button-label=\"Lataa lis\u00e4\u00e4\" data-prev-button-label=\"Load Previous\"><\/div><div class=\"alm-btn-wrap\" data-rel=\"ajax-load-more\"><button class=\"alm-load-more-btn\" type=\"button\">Lataa lis\u00e4\u00e4<\/button><\/div><\/div>        <\/div>\n            <\/div>\n<\/section>\n\n<script>\n    jQuery('#kaikki').click();\n    function setCategory(id) {\n        var el = document.getElementsByClassName('artikkeli-div');\n        var el2 = document.getElementsByClassName('category-button');\n        for (i = 0; i < el2.length; i++) {\n            el2[i].classList.remove('active-category');\n        }\n        document.getElementById(id).classList.add('active-category');\n        for (i = 0; i < el.length; i++) {\n            el[i].style.display = \"none\"; \n        }\n        document.getElementById('artikkeli-' + id).style.display = \"block\";\n    }\n<\/script>\n\n                <\/div>\n            <\/div>\n            <\/div>\n<\/section>\n\n<section class=\"block-container vaalea-tausta\">\n    <div class=\"container-fluid\">\n                    <div class=\"row justify-content-center\">\n                <div class=\"col-lg-11\">\n                    \n<style>\n    .banneri {\n        padding: 50px 0;\n        background-position: center;\n        background-size: cover;\n        background-repeat: no-repeat;\n        color: white;\n        margin-bottom: 20px;\n        position: relative;\n    }\n    .banner-narrow {\n        text-align: center;\n    }\n    .banneri h2 {\n        font-size: 42px;\n    }\n    .banneri h2 {\n        margin-bottom: 30px;\n    }\n    .banner-narrow a {\n        margin: auto;\n    }\n    .banner-wide .banner-kuvitus {\n        position: absolute;\n        right: 0;\n        top: 20px;\n    }\n    .banneri.link-banner {\n        padding: 60px 0;\n    }\n    .banneri .link-container {\n        display: flex;\n        justify-content: center;\n    }\n    .banneri .link-container a {\n        margin: 10px;\n    }\n    .banneri .lahjoitus-container .tuote-col {\n        display: flex;\n    }\n    .banneri .lahjoitus-container .tuote-col .tuote-kortti {\n        width: calc(50% - 40px);\n        margin: 0 20px;\n        padding: 30px;\n        background-color: #EBEFF7;\n        border: 1px solid #E6E6E6;\n        box-shadow: 0 2px 10px rgb(0 0 0 \/ 20%);\n        margin-bottom: 20px;\n        height: fit-content;\n        height: -moz-fit-content;\n    }\n    .banneri .lahjoitus-container .tuote-col .tuote-kortti img {\n        width: 100%;\n        margin-bottom: 15px;\n    }\n    .banneri .lahjoitus-container .tuote-col .tuote-kortti h3 {\n        color: var(--pv);\n    }\n    .banneri .lahjoitus-container .tuote-col .tuote-kortti .hinta {\n        color: #000000;\n    }\n    .banneri .lahjoitus-container .tuote-col .tuote-kortti .add_to_cart_inline {\n        border: none !important;\n        padding: 0 !important;\n        display: flex;\n        flex-wrap: wrap;\n        flex-direction: column;\n        margin: 0;\n    }\n    .banneri .lahjoitus-container .tuote-col .tuote-kortti .add_to_cart_inline .woocommerce-Price-amount {\n        color: #000000;\n        font-weight: 500;\n    }\n    .banneri .lahjoitus-container .tuote-col .tuote-kortti .add_to_cart_inline a {\n        width: 100%;\n        display: block;\n        text-align: center;\n        background-color: var(--pv);\n        color: white;\n        padding: 15px;\n        text-transform: uppercase;\n        font-weight: 400;\n        margin-top: 30px;\n        transition: 0.4s;\n    }\n    .banneri .lahjoitus-container .tuote-col .tuote-kortti .add_to_cart_inline a:hover,\n    .banneri .lahjoitus-container .tuote-col .tuote-kortti .add_to_cart_inline a:focus {\n        background-color: #21224B;\n    }\n    @media (max-width: 991.98px) {\n        .banneri.banner-wide {\n            margin-left: -15px;\n            margin-right: -15px;\n            padding-bottom: 4em;\n            z-index: 1;\n        }\n        .banneri.banner-wide .blue-link {\n            position: absolute;\n            bottom: 0;\n            margin-bottom: 1em;\n        }\n    }\n    @media (max-width: 767.98px) {\n        .banner-wide .banner-kuvitus {\n            height: 100px;\n            z-index: -1;\n        }\n        .banneri h2 {\n            font-size: 2rem;\n        }\n    }\n    @media (max-width: 575.98px) {\n        .banneri .lahjoitus-container .tuote-col {\n            flex-direction: column;\n        }\n        .banneri .lahjoitus-container .tuote-col .tuote-kortti {\n            width: calc(100% - 40px);\n        }\n    }\n<\/style>\n<section class=\"banneri banner-narrow\" \n    style=\"background-image: url(https:\/\/www.protu.fi\/wp-content\/uploads\/2022\/01\/banner_tausta.jpg);\">\n            <div class=\"container\">\n            <div class=\"row justify-content-center\">\n                <div class=\"col-lg-8\">\n                    <h2>Varf\u00f6r l\u00f6nar det sig att g\u00e5 med i Prometheus-l\u00e4grets st\u00f6d rf?<\/h2>\n                    <p>Prometheus-l\u00e4grets st\u00f6d rf \u00e4r gemenskapen f\u00f6r alla Protus och Protuintresserade och ryggraden i l\u00e4gret och andra Protu-aktiviteter. Som medlem g\u00f6r du det m\u00f6jligt att anordna unika uppvuxningsl\u00e4ger och om du vill kan du delta i m\u00e5nga andra Protukiva-evenemang! <\/p>\n                                            <a class=\"green-link\" href=\"\/sv\/med-i-verksamheten\/bli-medlem-i-protu\/\">BLI MEDLEM I PROTU <\/a>\n                                    <\/div>\n            <\/div>\n        <\/div>\n    <\/section>\n                <\/div>\n            <\/div>\n            <\/div>\n<\/section>\n\n<section class=\"block-container vaalea-tausta\">\n    <div class=\"container-fluid\">\n                    <div class=\"row justify-content-center\">\n                <div class=\"col-lg-11\">\n                    \n<section class=\"yleinen-lohko\">\n    <\/section>\n                <\/div>\n            <\/div>\n            <\/div>\n<\/section>","protected":false},"excerpt":{"rendered":"","protected":false},"author":89,"featured_media":0,"parent":0,"menu_order":0,"comment_status":"closed","ping_status":"closed","template":"","meta":{"_acf_changed":false,"inline_featured_image":false,"footnotes":""},"sivun_tyyppi":[65],"class_list":["post-20371","page","type-page","status-publish","hentry","sivun_tyyppi-julkinen-sivu"],"acf":[],"_links":{"self":[{"href":"https:\/\/www.protu.fi\/sv\/wp-json\/wp\/v2\/pages\/20371","targetHints":{"allow":["GET"]}}],"collection":[{"href":"https:\/\/www.protu.fi\/sv\/wp-json\/wp\/v2\/pages"}],"about":[{"href":"https:\/\/www.protu.fi\/sv\/wp-json\/wp\/v2\/types\/page"}],"author":[{"embeddable":true,"href":"https:\/\/www.protu.fi\/sv\/wp-json\/wp\/v2\/users\/89"}],"replies":[{"embeddable":true,"href":"https:\/\/www.protu.fi\/sv\/wp-json\/wp\/v2\/comments?post=20371"}],"version-history":[{"count":8,"href":"https:\/\/www.protu.fi\/sv\/wp-json\/wp\/v2\/pages\/20371\/revisions"}],"predecessor-version":[{"id":63495,"href":"https:\/\/www.protu.fi\/sv\/wp-json\/wp\/v2\/pages\/20371\/revisions\/63495"}],"wp:attachment":[{"href":"https:\/\/www.protu.fi\/sv\/wp-json\/wp\/v2\/media?parent=20371"}],"wp:term":[{"taxonomy":"sivun_tyyppi","embeddable":true,"href":"https:\/\/www.protu.fi\/sv\/wp-json\/wp\/v2\/sivun_tyyppi?post=20371"}],"curies":[{"name":"wp","href":"https:\/\/api.w.org\/{rel}","templated":true}]}}