{"id":20379,"date":"2023-02-01T14:12:31","date_gmt":"2023-02-01T12:12:31","guid":{"rendered":"https:\/\/uusi.protu.fi\/?page_id=20379"},"modified":"2026-04-24T09:24:27","modified_gmt":"2026-04-24T06:24:27","slug":"kontaktuppgifter","status":"publish","type":"page","link":"https:\/\/www.protu.fi\/sv\/kontaktuppgifter\/","title":{"rendered":"Kontaktuppgifter"},"content":{"rendered":"<section class=\"block-container vaalea-tausta\">\n    <div class=\"container-fluid\">\n                    <div class=\"row justify-content-center\">\n                <div class=\"col-lg-11\">\n                    \n\n<style>\n\n<\/style>\n\n<section class=\"kapea-teksti\">\n    <div class=\"row\">\n        <div class=\"col-lg-9\">\n            <p>Prometheus-l\u00e4grets st\u00f6d rfs kansli och volont\u00e4rernas lokaler (Kipin\u00e4, Pandora, S\u00e4pin\u00e4) finns i B\u00f6le, Helsingfors.<\/p>\n<p><strong>Bes\u00f6ksadress:<\/strong> L\u00f6nebost\u00e4llstorget, B\u00f6le<br \/>\n<strong>Postadress:<\/strong> L\u00f6nebost\u00e4llsgatan 3, al 7, 00240 Helsingfors<br \/>\n<strong>Laskutusosoitteet<\/strong> (suomeksi): l\u00f6ytyv\u00e4t <a href=\"https:\/\/www.protu.fi\/wp-content\/uploads\/2025\/01\/Toimittajakirje_Prometheus-leirin-tuki-ryPrometheus-lagrets-stod-rf.pdf\">t\u00e4\u00e4lt\u00e4<\/a><\/p>\n<h3>09 4368 5270<br \/>\n<a href=\"mailto:protu@protu.fi\">protu@protu.fi<\/a><\/h3>\n<p><em>Anm\u00e4lningsdagen har medf\u00f6rt en ovanligt stor belastning p\u00e5 kontorets e-posthantering och kundservice. Vi ber om f\u00f6rst\u00e5else och t\u00e5lamod om svarstiderna \u00e4r l\u00e4ngre \u00e4n vanligt.<\/em><\/p>\n<p>Bankanslutning: FI80 1023 3000 2163 53 (Nordea)<br \/>\nFO-nummer: 1635456-7<\/p>\n<p><strong>Medlem<\/strong>: <a href=\"https:\/\/www.protu.fi\/sv\/med-i-verksamheten\/bli-medlem-i-protu\/\">H\u00e4r<\/a> hittar du information om medlemsavgifter, f\u00f6rm\u00e5ner och rabatter, samt supportmedlemskap. Du kan se din egen medlemsinformation i <a href=\"https:\/\/protu.crmieportal.com\/\" rel=\"nofollow noopener\" target=\"_blank\">Protuportaal<\/a>. Om du vill \u00e4ndra din medlemstyp eller avsluta ditt medlemskap, skicka en supportf\u00f6rfr\u00e5gan till Protuportaals helpdesk.<\/p>\n<h5>\u00d6ppettider och telefontider<\/h5>\n<p><strong>M\u00e5n<\/strong>\u00a0 \u00a0kansli st\u00e4ngd\u00a0 \u00a0 \u00a0 \u00a0\/\u00a0 \u00a0 \u00a0telefon 11\u201316<br \/>\n<strong>Tis<\/strong>\u00a0 \u00a0\u00a0 kansli st\u00e4ngd\u00a0\u00a0\u00a0\u00a0\u00a0 \/ \u00a0\u00a0\u00a0\u00a0 telefon st\u00e4ngd<br \/>\n<strong>Ons <\/strong>\u00a0 kansli 11\u201316\u00a0 \u00a0 \u00a0 \u00a0\/ \u00a0\u00a0\u00a0\u00a0 telefon 11\u201316<br \/>\n<strong>Tors<\/strong>\u00a0 kansli 11\u201316\u00a0 \u00a0 \u00a0 \u00a0\/\u00a0 \u00a0 \u00a0telefon 11\u201316<br \/>\n<strong>Fre<\/strong>\u00a0 \u00a0 kansli 11\u201316 \u00a0 \u00a0 \u00a0\/\u00a0 \u00a0 \u00a0telefon 11\u201316<\/p>\n        <\/div>\n    <\/div>\n<\/section>\n\n\n<div class=\"wp-block-buttons is-layout-flex wp-block-buttons-is-layout-flex\">\n<div class=\"wp-block-button is-style-default\"><a class=\"wp-block-button__link wp-element-button\" href=\"https:\/\/www.protu.fi\/sv\/med-i-verksamheten\/bli-medlem-i-protu\/\">Bli medlem<\/a><\/div>\n\n\n\n<div class=\"wp-block-button is-style-default\"><a class=\"wp-block-button__link wp-element-button\" href=\"https:\/\/www.protu.fi\/sv\/tietoa-protusta\/till-media\/\">TILL MEDIA<\/a><\/div>\n\n\n\n<div class=\"wp-block-button is-style-default\"><a class=\"wp-block-button__link wp-element-button\" href=\"https:\/\/www.protu.fi\/sv\/for-larare\/\">F\u00f6r l\u00e4rare<\/a><\/div>\n<\/div>\n\n\n\n<style>\n    .yhteystiedot {\n        margin: 10px 0;\n    }\n    .yhteystiedot h2 {\n        margin-bottom: 20px;\n    }\n    .yhteystiedot .yhteystieto-row {\n        margin-bottom: 30px;\n    }\n    .yhteystiedot .yhteystieto-row .yhteystieto {\n        background-color: var(--pv);\n        padding: 40px;\n        color: white;\n        text-align: center;\n        margin-bottom: 20px;\n    }\n    .yhteystiedot .yhteystieto-row .yhteystieto p {\n        margin: 0;\n    }\n    .yhteystiedot .yhteystieto-row .yhteystieto .puhnum,\n    .yhteystiedot .yhteystieto-row .yhteystieto .email {\n        margin-bottom: 15px;\n        font-size: 20px;\n    }\n    a.puhnum, a.email {\n        display: block;\n        color: white!important;\n    }\n<\/style>\n\n<section class=\"yhteystiedot\">\n                <h2>Kansli<\/h2>\n            <div class=\"row yhteystieto-row\">\n                                        <div class=\"col-md-6 col-lg-4\">\n                            <div class=\"yhteystieto\">\n                                <h3>Verksamhetsledare Jyrki Jalassuo<\/h3>\n                                                                    <a class=\"email\" href=\"mailto:jyrki.jalassuo@protu.fi\">\n                                        jyrki.jalassuo@protu.fi                                    <\/a>\n                                                                    <a class=\"puhnum\" href=\"tel:040 652 9112\">\n                                        040 652 9112                                    <\/a>\n                                                                <p><\/p>\n                            <\/div>\n                        <\/div>\n                                            <div class=\"col-md-6 col-lg-4\">\n                            <div class=\"yhteystieto\">\n                                <h3>Kundtj\u00e4nstsekreterare Saara Pirhonen<\/h3>\n                                                                    <a class=\"email\" href=\"mailto:saara.pirhonen@protu.fi\">\n                                        saara.pirhonen@protu.fi                                    <\/a>\n                                                                    <a class=\"puhnum\" href=\"tel:040 139 8445\">\n                                        040 139 8445                                    <\/a>\n                                                                <p><\/p>\n                            <\/div>\n                        <\/div>\n                                            <div class=\"col-md-6 col-lg-4\">\n                            <div class=\"yhteystieto\">\n                                <h3>Kontorssekreterare Paula Kujala<\/h3>\n                                                                    <a class=\"email\" href=\"mailto:laskut@protu.fi\">\n                                        laskut@protu.fi                                    <\/a>\n                                                                <p><\/p>\n                            <\/div>\n                        <\/div>\n                                            <div class=\"col-md-6 col-lg-4\">\n                            <div class=\"yhteystieto\">\n                                <h3>Kommunikations- och insamlingskoordinator Simo Porola<\/h3>\n                                                                    <a class=\"email\" href=\"mailto:simo.porola@protu.fi\">\n                                        simo.porola@protu.fi                                    <\/a>\n                                                                    <a class=\"puhnum\" href=\"tel:040 352 5832\">\n                                        040 352 5832                                    <\/a>\n                                                                <p><\/p>\n                            <\/div>\n                        <\/div>\n                                            <div class=\"col-md-6 col-lg-4\">\n                            <div class=\"yhteystieto\">\n                                <h3>Utbildnings- och volont\u00e4r koordinator Kukka-Maaria Wessman<\/h3>\n                                                                    <a class=\"email\" href=\"mailto:kukka-maaria.wessman@protu.fi\">\n                                        kukka-maaria.wessman@protu.fi                                    <\/a>\n                                                                    <a class=\"puhnum\" href=\"tel:040 514 5310\">\n                                        040 514 5310                                    <\/a>\n                                                                <p><\/p>\n                            <\/div>\n                        <\/div>\n                                <\/div>\n                    <h2>Ordf\u00f6randegrupp<\/h2>\n            <div class=\"row yhteystieto-row\">\n                                        <div class=\"col-md-6 col-lg-4\">\n                            <div class=\"yhteystieto\">\n                                <h3>Ordf\u00f6rande Kalle Saleva<\/h3>\n                                                                    <a class=\"email\" href=\"mailto:kalle.saleva@protu.fi\">\n                                        kalle.saleva@protu.fi                                    <\/a>\n                                                                    <a class=\"puhnum\" href=\"tel:040 512 0507\">\n                                        040 512 0507                                    <\/a>\n                                                                <p><\/p>\n                            <\/div>\n                        <\/div>\n                                            <div class=\"col-md-6 col-lg-4\">\n                            <div class=\"yhteystieto\">\n                                <h3>1. vice ordf\u00f6rande Alma Koivisto<\/h3>\n                                                                <p><\/p>\n                            <\/div>\n                        <\/div>\n                                            <div class=\"col-md-6 col-lg-4\">\n                            <div class=\"yhteystieto\">\n                                <h3>2. vice ordf\u00f6rande Juho \u00c4rm\u00e4nen<\/h3>\n                                                                <p><\/p>\n                            <\/div>\n                        <\/div>\n                                <\/div>\n        <\/section>\n                <\/div>\n            <\/div>\n            <\/div>\n<\/section>","protected":false},"excerpt":{"rendered":"","protected":false},"author":89,"featured_media":0,"parent":0,"menu_order":0,"comment_status":"closed","ping_status":"closed","template":"","meta":{"_acf_changed":false,"inline_featured_image":false,"footnotes":""},"sivun_tyyppi":[65],"class_list":["post-20379","page","type-page","status-publish","hentry","sivun_tyyppi-julkinen-sivu"],"acf":[],"_links":{"self":[{"href":"https:\/\/www.protu.fi\/sv\/wp-json\/wp\/v2\/pages\/20379","targetHints":{"allow":["GET"]}}],"collection":[{"href":"https:\/\/www.protu.fi\/sv\/wp-json\/wp\/v2\/pages"}],"about":[{"href":"https:\/\/www.protu.fi\/sv\/wp-json\/wp\/v2\/types\/page"}],"author":[{"embeddable":true,"href":"https:\/\/www.protu.fi\/sv\/wp-json\/wp\/v2\/users\/89"}],"replies":[{"embeddable":true,"href":"https:\/\/www.protu.fi\/sv\/wp-json\/wp\/v2\/comments?post=20379"}],"version-history":[{"count":58,"href":"https:\/\/www.protu.fi\/sv\/wp-json\/wp\/v2\/pages\/20379\/revisions"}],"predecessor-version":[{"id":87611,"href":"https:\/\/www.protu.fi\/sv\/wp-json\/wp\/v2\/pages\/20379\/revisions\/87611"}],"wp:attachment":[{"href":"https:\/\/www.protu.fi\/sv\/wp-json\/wp\/v2\/media?parent=20379"}],"wp:term":[{"taxonomy":"sivun_tyyppi","embeddable":true,"href":"https:\/\/www.protu.fi\/sv\/wp-json\/wp\/v2\/sivun_tyyppi?post=20379"}],"curies":[{"name":"wp","href":"https:\/\/api.w.org\/{rel}","templated":true}]}}