{"id":21257,"date":"2023-02-06T12:07:11","date_gmt":"2023-02-06T10:07:11","guid":{"rendered":"https:\/\/uusi.protu.fi\/?page_id=21257"},"modified":"2025-08-06T12:24:16","modified_gmt":"2025-08-06T09:24:16","slug":"fortsattningslager","status":"publish","type":"page","link":"https:\/\/www.protu.fi\/sv\/delta-pa-prometheus-lager\/fortsattningslager\/","title":{"rendered":"Forts\u00e4ttningsl\u00e4ger"},"content":{"rendered":"<section class=\"block-container vaalea-tausta\">\n    <div class=\"container-fluid\">\n                    <div class=\"row justify-content-center\">\n                <div class=\"col-lg-11\">\n                    \n\n<style>\n    .sisalto {\n        margin-bottom: 20px;\n    }\n    .sisalto .image-col img {\n        max-width: 100%;\n    }\n    .sisalto .image-col img.oikea {\n        padding-left: 20px;\n    }\n    .sisalto .image-col img.vasen {\n        padding-right: 20px;\n        margin-bottom: 30px;\n    }\n    .sisalto h2, .sisalto h3 {\n        margin: 10px 0 20px;\n    }\n<\/style>\n\n<section class=\"sisalto\">\n    <div class=\"row justify-content-center\">\n                    <div class=\"col-lg-6 image-col\">\n                <img decoding=\"async\" class=\"vasen\" src=\"https:\/\/www.protu.fi\/wp-content\/uploads\/2022\/03\/Protu_2021_Meriharju_2021-28009-9625-scaled.jpg\" alt=\"\">\n            <\/div>\n            <div class=\"col-lg-6 text-link\">\n                <p>Du kan bara g\u00e5 p\u00e5 ditt eget protul\u00e4ger en g\u00e5ng, men du \u00e4r v\u00e4lkommen som deltagare p\u00e5 uppf\u00f6ljningsl\u00e4ger till och med varje \u00e5r!<\/p>\n<p>Uppf\u00f6ljningsl\u00e4gren riktar sig till dig som redan har genomg\u00e5tt protul\u00e4ger som deltagare eller instrukt\u00f6r. P\u00e5 f\u00f6rl\u00e4ngningsl\u00e4gren har du m\u00f6jlighet att f\u00f6rdjupa dig i olika intressanta teman, v\u00e4xa upp oavsett \u00e5lder med nyfiken reflektion och sj\u00e4lvklart tr\u00e4ffa nya intressanta bekantskaper.<\/p>\n<p>Olika forts\u00e4ttningsl\u00e4ger anordnas under olika tider p\u00e5 \u00e5ret: h\u00f6stens forts\u00e4ttningsl\u00e4ger fr\u00e5n fredag kv\u00e4ll till s\u00f6ndag eftermiddag, veckol\u00e5nga vinterforts\u00e4ttningssl\u00e4ger och veckol\u00e5nga sommarforts\u00e4ttningsl\u00e4ger.<\/p>\n<p>Naturligtvis beh\u00f6vs teammedlemmar ocks\u00e5 f\u00f6r forts\u00e4ttningsl\u00e4ger, s\u00e5 forts\u00e4ttningsl\u00e4ger erbjuder ocks\u00e5 variation i att leda l\u00e4gren.<\/p>\n<h4>Priser f\u00f6r forts\u00e4ttningsl\u00e4ger 2025<\/h4>\n<p>H\u00f6stens forts\u00e4ttningsl\u00e4gret: 129 \u20ac f\u00f6r medlemmar i f\u00f6reningen, 180 \u20ac f\u00f6r icke-medlemmar. Sommarforts\u00e4ttningsl\u00e4gret: 299 \u20ac f\u00f6r medlemmar i f\u00f6reningen, 335 \u20ac f\u00f6r icke-medlemmar. Vinterforts\u00e4ttningsl\u00e4gret: 299 \u20ac f\u00f6r medlemmar och 335 \u20ac f\u00f6r icke-medlemmar.<\/p>\n            <\/div>\n            <\/div>\n<\/section> \n\n<div class=\"leirien-listaus\">\n    <div id=\"leirien-listaus-row\" class=\"row leiri-row\">\n            <\/div>\n<\/div>\n                <\/div>\n            <\/div>\n            <\/div>\n<\/section>","protected":false},"excerpt":{"rendered":"","protected":false},"author":89,"featured_media":0,"parent":20366,"menu_order":0,"comment_status":"closed","ping_status":"closed","template":"","meta":{"_acf_changed":false,"inline_featured_image":false,"footnotes":""},"sivun_tyyppi":[65],"class_list":["post-21257","page","type-page","status-publish","hentry","sivun_tyyppi-julkinen-sivu"],"acf":[],"_links":{"self":[{"href":"https:\/\/www.protu.fi\/sv\/wp-json\/wp\/v2\/pages\/21257","targetHints":{"allow":["GET"]}}],"collection":[{"href":"https:\/\/www.protu.fi\/sv\/wp-json\/wp\/v2\/pages"}],"about":[{"href":"https:\/\/www.protu.fi\/sv\/wp-json\/wp\/v2\/types\/page"}],"author":[{"embeddable":true,"href":"https:\/\/www.protu.fi\/sv\/wp-json\/wp\/v2\/users\/89"}],"replies":[{"embeddable":true,"href":"https:\/\/www.protu.fi\/sv\/wp-json\/wp\/v2\/comments?post=21257"}],"version-history":[{"count":15,"href":"https:\/\/www.protu.fi\/sv\/wp-json\/wp\/v2\/pages\/21257\/revisions"}],"predecessor-version":[{"id":85236,"href":"https:\/\/www.protu.fi\/sv\/wp-json\/wp\/v2\/pages\/21257\/revisions\/85236"}],"up":[{"embeddable":true,"href":"https:\/\/www.protu.fi\/sv\/wp-json\/wp\/v2\/pages\/20366"}],"wp:attachment":[{"href":"https:\/\/www.protu.fi\/sv\/wp-json\/wp\/v2\/media?parent=21257"}],"wp:term":[{"taxonomy":"sivun_tyyppi","embeddable":true,"href":"https:\/\/www.protu.fi\/sv\/wp-json\/wp\/v2\/sivun_tyyppi?post=21257"}],"curies":[{"name":"wp","href":"https:\/\/api.w.org\/{rel}","templated":true}]}}