{"id":21299,"date":"2023-02-06T13:34:59","date_gmt":"2023-02-06T11:34:59","guid":{"rendered":"https:\/\/uusi.protu.fi\/?page_id=21299"},"modified":"2023-05-19T10:54:20","modified_gmt":"2023-05-19T07:54:20","slug":"till-andra-aktiva-uppgifter","status":"publish","type":"page","link":"https:\/\/www.protu.fi\/sv\/med-i-verksamheten\/till-andra-aktiva-uppgifter\/","title":{"rendered":"Till andra aktiva uppgifter"},"content":{"rendered":"<section class=\"block-container vaalea-tausta\">\n    <div class=\"container-fluid\">\n                    <div class=\"row justify-content-center\">\n                <div class=\"col-lg-11\">\n                    \n\n<div class=\"wp-block-buttons is-layout-flex wp-block-buttons-is-layout-flex\">\n<div class=\"wp-block-button is-style-default\"><a class=\"wp-block-button__link wp-element-button\" href=\"https:\/\/www.protu.fi\/aktiiviksi-haku\/?kohde=jaosto\">ANS\u00d6K TILL ANDRA AKTIVA UPPGIFTER H\u00c4R<\/a><\/div>\n<\/div>\n\n\n\n<style>\n    .sisalto {\n        margin-bottom: 20px;\n    }\n    .sisalto .image-col img {\n        max-width: 100%;\n    }\n    .sisalto .image-col img.oikea {\n        padding-left: 20px;\n    }\n    .sisalto .image-col img.vasen {\n        padding-right: 20px;\n        margin-bottom: 30px;\n    }\n    .sisalto h2, .sisalto h3 {\n        margin: 10px 0 20px;\n    }\n<\/style>\n\n<section class=\"sisalto\">\n    <div class=\"row justify-content-center\">\n                    <div class=\"col-lg-10\">\n                <p>I Protu finns det andra volont\u00e4ruppgifter som passar ett brett spektrum av tendenser och livssituationer! G\u00e5 med som utbildare, st\u00f6dperson eller krisjour!<\/p>\n            <\/div>\n            <\/div>\n<\/section> \n                <\/div>\n            <\/div>\n            <\/div>\n<\/section>\n\n<section class=\"block-container vaalea-tausta\">\n    <div class=\"container-fluid\">\n                    <div class=\"row justify-content-center\">\n                <div class=\"col-lg-11\">\n                    \n\n<style>\n    .sisalto-laatikot {\n        margin-bottom: 40px;\n    }\n    .sisalto-laatikot .laatikko {\n        background-color: var(--pv);\n        border-radius: 40px;\n        color: white;\n        padding: 30px;\n        height: 100%;\n        text-align: center;\n        display: flex;\n        flex-direction: column;\n        align-items: center;\n        justify-content: space-between;\n    }\n    .sisalto-laatikot .laatikko img {\n        width: 80px;\n        margin-bottom: 40px;\n    }\n    .sisalto-laatikot .laatikko a.blue-link {\n        margin: auto;\n        margin-bottom: 0;\n    }\n<\/style>\n\n<section class=\"sisalto-laatikot\">\n    <div class=\"row justify-content-center\">\n                        <div class=\"col-md-6 col-lg-4 mb-3 mb-md-0\">\n                    <div class=\"laatikko\">\n                                                <img decoding=\"async\" src=\"https:\/\/www.protu.fi\/wp-content\/uploads\/2023\/01\/Nimeton-suunn.malli-1.png\" alt=\"\">\n                        <p>G\u00e5 med i utbildarna och se till att n\u00e4sta sommars teammedlemmar f\u00e5r bra f\u00f6rberedelser inf\u00f6r en lyckad l\u00e4gersommar!<\/p>\n                            <a class=\"blue-link\" href=\"https:\/\/www.protu.fi\/sv\/med-i-verksamheten\/till-andra-aktiva-uppgifter\/att-bli-utbildare\/\">SOM UTBILDARE <\/a>\n                                            <\/div>\n                <\/div>\n                            <div class=\"col-md-6 col-lg-4 mb-3 mb-md-0\">\n                    <div class=\"laatikko\">\n                                                <img decoding=\"async\" src=\"https:\/\/www.protu.fi\/wp-content\/uploads\/2023\/01\/bannerikuvamusta.png\" alt=\"\">\n                        <p>St\u00f6dpersonalen \u00e4r ett ov\u00e4rderligt st\u00f6d f\u00f6r l\u00e4gerteamen. De erbjuder l\u00e4gerteam en l\u00e5gtr\u00f6skel m\u00f6jlighet att ventilera sina tankar och be om r\u00e5d om l\u00e4gerrelaterade problem i f\u00f6rtroende.<\/p>\n                            <a class=\"blue-link\" href=\"https:\/\/www.protu.fi\/sv\/med-i-verksamheten\/till-andra-aktiva-uppgifter\/att-bli-en-allman-och-professionell-stodperson\/\">SOM ST\u00d6DPERSON <\/a>\n                                            <\/div>\n                <\/div>\n                <\/div>\n<\/section>\n\n<style>\n    .banneri {\n        padding: 50px 0;\n        background-position: center;\n        background-size: cover;\n        background-repeat: no-repeat;\n        color: white;\n        margin-bottom: 20px;\n        position: relative;\n    }\n    .banner-narrow {\n        text-align: center;\n    }\n    .banneri h2 {\n        font-size: 42px;\n    }\n    .banneri h2 {\n        margin-bottom: 30px;\n    }\n    .banner-narrow a {\n        margin: auto;\n    }\n    .banner-wide .banner-kuvitus {\n        position: absolute;\n        right: 0;\n        top: 20px;\n    }\n    .banneri.link-banner {\n        padding: 60px 0;\n    }\n    .banneri .link-container {\n        display: flex;\n        justify-content: center;\n    }\n    .banneri .link-container a {\n        margin: 10px;\n    }\n    .banneri .lahjoitus-container .tuote-col {\n        display: flex;\n    }\n    .banneri .lahjoitus-container .tuote-col .tuote-kortti {\n        width: calc(50% - 40px);\n        margin: 0 20px;\n        padding: 30px;\n        background-color: #EBEFF7;\n        border: 1px solid #E6E6E6;\n        box-shadow: 0 2px 10px rgb(0 0 0 \/ 20%);\n        margin-bottom: 20px;\n        height: fit-content;\n        height: -moz-fit-content;\n    }\n    .banneri .lahjoitus-container .tuote-col .tuote-kortti img {\n        width: 100%;\n        margin-bottom: 15px;\n    }\n    .banneri .lahjoitus-container .tuote-col .tuote-kortti h3 {\n        color: var(--pv);\n    }\n    .banneri .lahjoitus-container .tuote-col .tuote-kortti .hinta {\n        color: #000000;\n    }\n    .banneri .lahjoitus-container .tuote-col .tuote-kortti .add_to_cart_inline {\n        border: none !important;\n        padding: 0 !important;\n        display: flex;\n        flex-wrap: wrap;\n        flex-direction: column;\n        margin: 0;\n    }\n    .banneri .lahjoitus-container .tuote-col .tuote-kortti .add_to_cart_inline .woocommerce-Price-amount {\n        color: #000000;\n        font-weight: 500;\n    }\n    .banneri .lahjoitus-container .tuote-col .tuote-kortti .add_to_cart_inline a {\n        width: 100%;\n        display: block;\n        text-align: center;\n        background-color: var(--pv);\n        color: white;\n        padding: 15px;\n        text-transform: uppercase;\n        font-weight: 400;\n        margin-top: 30px;\n        transition: 0.4s;\n    }\n    .banneri .lahjoitus-container .tuote-col .tuote-kortti .add_to_cart_inline a:hover,\n    .banneri .lahjoitus-container .tuote-col .tuote-kortti .add_to_cart_inline a:focus {\n        background-color: #21224B;\n    }\n    @media (max-width: 991.98px) {\n        .banneri.banner-wide {\n            margin-left: -15px;\n            margin-right: -15px;\n            padding-bottom: 4em;\n            z-index: 1;\n        }\n        .banneri.banner-wide .blue-link {\n            position: absolute;\n            bottom: 0;\n            margin-bottom: 1em;\n        }\n    }\n    @media (max-width: 767.98px) {\n        .banner-wide .banner-kuvitus {\n            height: 100px;\n            z-index: -1;\n        }\n        .banneri h2 {\n            font-size: 2rem;\n        }\n    }\n    @media (max-width: 575.98px) {\n        .banneri .lahjoitus-container .tuote-col {\n            flex-direction: column;\n        }\n        .banneri .lahjoitus-container .tuote-col .tuote-kortti {\n            width: calc(100% - 40px);\n        }\n    }\n<\/style>\n<section class=\"banneri banner-wide\" \n    style=\"background-color: #0d856b;\">\n            <div class=\"container-fluid\">\n            <div class=\"row\">\n                <div class=\"col-lg-4 offset-lg-1 position-static\">\n                    <h2>Protun organisaatio<\/h2>\n                                            <a class=\"blue-link\" href=\"\/tietoa-protusta\/toimielimet\/\">Toimielimet<\/a>\n                                    <\/div>\n                <div class=\"col-lg-5\">\n                    <p>Kuvauksen protun organisaation toimielimist\u00e4 l\u00f6yd\u00e4t t\u00e4\u00e4lt\u00e4.<\/p>\n                <\/div>\n            <\/div>\n        <\/div>\n        <img decoding=\"async\" class=\"banner-kuvitus\" src=\"https:\/\/www.protu.fi\/wp-content\/themes\/protu-teema\/images\/puolikas.svg\" alt=\"\">\n    <\/section>\n                <\/div>\n            <\/div>\n            <\/div>\n<\/section>","protected":false},"excerpt":{"rendered":"","protected":false},"author":89,"featured_media":0,"parent":20368,"menu_order":0,"comment_status":"closed","ping_status":"closed","template":"","meta":{"_acf_changed":false,"inline_featured_image":false,"footnotes":""},"sivun_tyyppi":[65],"class_list":["post-21299","page","type-page","status-publish","hentry","sivun_tyyppi-julkinen-sivu"],"acf":[],"_links":{"self":[{"href":"https:\/\/www.protu.fi\/sv\/wp-json\/wp\/v2\/pages\/21299","targetHints":{"allow":["GET"]}}],"collection":[{"href":"https:\/\/www.protu.fi\/sv\/wp-json\/wp\/v2\/pages"}],"about":[{"href":"https:\/\/www.protu.fi\/sv\/wp-json\/wp\/v2\/types\/page"}],"author":[{"embeddable":true,"href":"https:\/\/www.protu.fi\/sv\/wp-json\/wp\/v2\/users\/89"}],"replies":[{"embeddable":true,"href":"https:\/\/www.protu.fi\/sv\/wp-json\/wp\/v2\/comments?post=21299"}],"version-history":[{"count":7,"href":"https:\/\/www.protu.fi\/sv\/wp-json\/wp\/v2\/pages\/21299\/revisions"}],"predecessor-version":[{"id":36651,"href":"https:\/\/www.protu.fi\/sv\/wp-json\/wp\/v2\/pages\/21299\/revisions\/36651"}],"up":[{"embeddable":true,"href":"https:\/\/www.protu.fi\/sv\/wp-json\/wp\/v2\/pages\/20368"}],"wp:attachment":[{"href":"https:\/\/www.protu.fi\/sv\/wp-json\/wp\/v2\/media?parent=21299"}],"wp:term":[{"taxonomy":"sivun_tyyppi","embeddable":true,"href":"https:\/\/www.protu.fi\/sv\/wp-json\/wp\/v2\/sivun_tyyppi?post=21299"}],"curies":[{"name":"wp","href":"https:\/\/api.w.org\/{rel}","templated":true}]}}