{"id":21320,"date":"2023-02-06T13:50:58","date_gmt":"2023-02-06T11:50:58","guid":{"rendered":"https:\/\/uusi.protu.fi\/?page_id=21320"},"modified":"2025-11-25T09:42:00","modified_gmt":"2025-11-25T07:42:00","slug":"bli-medlem-i-protu","status":"publish","type":"page","link":"https:\/\/www.protu.fi\/sv\/med-i-verksamheten\/bli-medlem-i-protu\/","title":{"rendered":"Bli medlem i Protu"},"content":{"rendered":"<section class=\"block-container vaalea-tausta\">\n    <div class=\"container-fluid\">\n                    <div class=\"row justify-content-center\">\n                <div class=\"col-lg-11\">\n                    \n\n<div class=\"wp-block-buttons is-layout-flex wp-block-buttons-is-layout-flex\">\n<div class=\"wp-block-button\"><a class=\"wp-block-button__link wp-element-button\" href=\"https:\/\/protu.crmieportal.com\/public\/membership\/new\" rel=\"nofollow noopener\" target=\"_blank\">Bli medlem<\/a><\/div>\n<\/div>\n\n\n\n<style>\n    .sisalto {\n        margin-bottom: 20px;\n    }\n    .sisalto .image-col img {\n        max-width: 100%;\n    }\n    .sisalto .image-col img.oikea {\n        padding-left: 20px;\n    }\n    .sisalto .image-col img.vasen {\n        padding-right: 20px;\n        margin-bottom: 30px;\n    }\n    .sisalto h2, .sisalto h3 {\n        margin: 10px 0 20px;\n    }\n<\/style>\n\n<section class=\"sisalto\">\n    <div class=\"row justify-content-center\">\n                    <div class=\"col-lg-6 text-link\">\n                <p>Prometheus-l\u00e4grets st\u00f6d rf \u00e4r en gemenskap f\u00f6r alla Protumedlemmar och Protuintresserade, samt ryggraden i l\u00e4ger- och andra Protu-aktiviteter. Som medlem g\u00f6r du det m\u00f6jligt att ordna unika ungdomsl\u00e4ger och om du vill kan du delta i m\u00e5nga andra Protu-evenemang!<\/p>\n<p>Medlemmens m\u00f6jligheter och medlemsf\u00f6rm\u00e5ner:<\/p>\n<ul>\n<li>du f\u00e5r tillg\u00e5ng till Protuportalen och kan vara aktiv i Protu, till exempel som medlem i ett l\u00e4gerteam, som utbildare eller som medlem i en avdelning eller arbetsgrupp<\/li>\n<li>du f\u00e5r rabatt p\u00e5 protul\u00e4ger och forts\u00e4ttningsl\u00e4ger<\/li>\n<li>du kan f\u00e5 reseers\u00e4ttning f\u00f6r resor som g\u00e4ller aktivverksamhet (utbildningar, m\u00f6ten m.m.)<\/li>\n<li>som l\u00e5ngvarig medlem (3 \u00e5r f\u00f6re l\u00e4ger\u00e5ret) kan du f\u00f6rhandsanm\u00e4la ditt barn\/den du ansvarar f\u00f6r till protul\u00e4ger<\/li>\n<li>du kan p\u00e5verka f\u00f6reningens beslutsfattande p\u00e5 \u00e5rsm\u00f6ten och kandidera till styrelsen<\/li>\n<li>du kan f\u00e5 Protu-lehti (Protu-tidningen) hem i pappersformat en g\u00e5ng om \u00e5ret samt medlemsnyhetsbrevet till din e-post<\/li>\n<li>Dessutom ger Pro-Seremoniat Protu-medlemmar 30 \u20ac rabatt p\u00e5 talartj\u00e4nsten och 5 \u20ac rabatt p\u00e5 festmanualen.<\/li>\n<\/ul>\n            <\/div>\n            <div class=\"col-lg-6 image-col\">\n                 \n                    <img decoding=\"async\" class=\"oikea\" src=\"https:\/\/www.protu.fi\/wp-content\/uploads\/2022\/10\/Protu_2021_Porkkalanniemi_2021-28002-0902-scaled.jpg\" alt=\"\">\n                            <\/div> \n            <\/div>\n<\/section> \n\n\n<div class=\"wp-block-columns is-layout-flex wp-container-core-columns-is-layout-9d6595d7 wp-block-columns-is-layout-flex\">\n<div class=\"wp-block-column is-layout-flow wp-block-column-is-layout-flow\" style=\"flex-basis:700px\">\n<h4 class=\"wp-block-heading\"><strong>Medlemsavgifter 2025<\/strong><\/h4>\n\n\n\n<ul class=\"wp-block-list\">\n<li>personmedlem 39 \u20ac \/ personmedlem med l\u00e5g inkomst 25 \u20ac \/ personst\u00f6dmedlem 52 \u20ac<\/li>\n\n\n\n<li>familjemedlem 58 \u20ac \/ 110 \u20ac<\/li>\n\n\n\n<li>samfundsmedlem 205 \u20ac \/ samfundsst\u00f6dmedlem 305 \u20ac<\/li>\n<\/ul>\n\n\n\n<p><strong>St\u00f6dmedlemskap<\/strong> \u00e4r avsett f\u00f6r dem som vill st\u00f6dja Protu med mer \u00e4n den vanliga medlemsavgiften. St\u00f6dmedlemmar har samma r\u00e4ttigheter som vanliga medlemmar.<\/p>\n\n\n\n<p><strong>Familjemedlemskap<\/strong> \u00e4r ett bra alternativ n\u00e4r hela familjen vill st\u00f6dja Protu! Medlemskapet g\u00e4ller personer som bor i samma hush\u00e5ll. Inom familjemedlemskapet finns en huvudmedlem (tar emot fakturor och Protu-tidningen) och de \u00f6vriga \u00e4r underordnade medlemmar. Huvudmedlemmen och underordnade medlemmar har samma medlemsr\u00e4ttigheter.<\/p>\n\n\n\n<p><strong>Samfundsmedlemskap<\/strong> \u00e4r riktat till registrerade f\u00f6reningar som delar Protus v\u00e4rdegrund och vill st\u00f6dja Protu genom sitt medlemskap.<\/p>\n\n\n\n<h4 class=\"wp-block-heading\"><strong>Medlemsrabatter 2025<\/strong><\/h4>\n\n\n\n<ul class=\"wp-block-list\">\n<li>39 \u20ac rabatt p\u00e5 protul\u00e4ger<\/li>\n\n\n\n<li>51 \u20ac rabatt p\u00e5 h\u00f6stforts\u00e4ttningsl\u00e4ger<\/li>\n\n\n\n<li>36 \u20ac rabatt p\u00e5 sommar- och vinterforts\u00e4ttningsl\u00e4ger<\/li>\n<\/ul>\n\n\n\n<h4 class=\"wp-block-heading\">Mer information<\/h4>\n\n\n<style>.kt-accordion-id21320_54c336-c9 .kt-accordion-inner-wrap{column-gap:var(--global-kb-gap-md, 2rem);row-gap:0px;}.kt-accordion-id21320_54c336-c9 .kt-accordion-panel-inner{border-top:0px solid transparent;border-right:0px solid transparent;border-bottom:0px solid transparent;border-left:0px solid transparent;padding-top:var(--global-kb-spacing-sm, 1.5rem);padding-right:var(--global-kb-spacing-sm, 1.5rem);padding-bottom:var(--global-kb-spacing-sm, 1.5rem);padding-left:var(--global-kb-spacing-sm, 1.5rem);}.kt-accordion-id21320_54c336-c9 > .kt-accordion-inner-wrap > .wp-block-kadence-pane > .kt-accordion-header-wrap > .kt-blocks-accordion-header{border-top-color:#555555;border-top-style:solid;border-right-color:#555555;border-right-style:solid;border-bottom-color:#555555;border-bottom-style:solid;border-left-color:#555555;border-left-style:solid;border-top-left-radius:0px;border-top-right-radius:0px;border-bottom-right-radius:0px;border-bottom-left-radius:0px;background:#f2f2f2;font-size:18px;line-height:24px;color:#555555;padding-top:10px;padding-right:14px;padding-bottom:10px;padding-left:14px;}.kt-accordion-id21320_54c336-c9:not( .kt-accodion-icon-style-basiccircle ):not( .kt-accodion-icon-style-xclosecircle ):not( .kt-accodion-icon-style-arrowcircle )  > .kt-accordion-inner-wrap > .wp-block-kadence-pane > .kt-accordion-header-wrap .kt-blocks-accordion-icon-trigger:after, .kt-accordion-id21320_54c336-c9:not( .kt-accodion-icon-style-basiccircle ):not( .kt-accodion-icon-style-xclosecircle ):not( .kt-accodion-icon-style-arrowcircle )  > .kt-accordion-inner-wrap > .wp-block-kadence-pane > .kt-accordion-header-wrap .kt-blocks-accordion-icon-trigger:before{background:#555555;}.kt-accordion-id21320_54c336-c9:not( .kt-accodion-icon-style-basic ):not( .kt-accodion-icon-style-xclose ):not( .kt-accodion-icon-style-arrow ) .kt-blocks-accordion-icon-trigger{background:#555555;}.kt-accordion-id21320_54c336-c9:not( .kt-accodion-icon-style-basic ):not( .kt-accodion-icon-style-xclose ):not( .kt-accodion-icon-style-arrow ) .kt-blocks-accordion-icon-trigger:after, .kt-accordion-id21320_54c336-c9:not( .kt-accodion-icon-style-basic ):not( .kt-accodion-icon-style-xclose ):not( .kt-accodion-icon-style-arrow ) .kt-blocks-accordion-icon-trigger:before{background:#f2f2f2;}.kt-accordion-id21320_54c336-c9 > .kt-accordion-inner-wrap > .wp-block-kadence-pane > .kt-accordion-header-wrap > .kt-blocks-accordion-header:hover, \n\t\t\t\tbody:not(.hide-focus-outline) .kt-accordion-id21320_54c336-c9 .kt-blocks-accordion-header:focus-visible{color:#444444;background:#eeeeee;border-top-color:#eeeeee;border-top-style:solid;border-right-color:#eeeeee;border-right-style:solid;border-bottom-color:#eeeeee;border-bottom-style:solid;border-left-color:#eeeeee;border-left-style:solid;}.kt-accordion-id21320_54c336-c9:not( .kt-accodion-icon-style-basiccircle ):not( .kt-accodion-icon-style-xclosecircle ):not( .kt-accodion-icon-style-arrowcircle ) .kt-accordion-header-wrap .kt-blocks-accordion-header:hover .kt-blocks-accordion-icon-trigger:after, .kt-accordion-id21320_54c336-c9:not( .kt-accodion-icon-style-basiccircle ):not( .kt-accodion-icon-style-xclosecircle ):not( .kt-accodion-icon-style-arrowcircle ) .kt-accordion-header-wrap .kt-blocks-accordion-header:hover .kt-blocks-accordion-icon-trigger:before, body:not(.hide-focus-outline) .kt-accordion-id21320_54c336-c9:not( .kt-accodion-icon-style-basiccircle ):not( .kt-accodion-icon-style-xclosecircle ):not( .kt-accodion-icon-style-arrowcircle ) .kt-blocks-accordion--visible .kt-blocks-accordion-icon-trigger:after, body:not(.hide-focus-outline) .kt-accordion-id21320_54c336-c9:not( .kt-accodion-icon-style-basiccircle ):not( .kt-accodion-icon-style-xclosecircle ):not( .kt-accodion-icon-style-arrowcircle ) .kt-blocks-accordion-header:focus-visible .kt-blocks-accordion-icon-trigger:before{background:#444444;}.kt-accordion-id21320_54c336-c9:not( .kt-accodion-icon-style-basic ):not( .kt-accodion-icon-style-xclose ):not( .kt-accodion-icon-style-arrow ) .kt-accordion-header-wrap .kt-blocks-accordion-header:hover .kt-blocks-accordion-icon-trigger, body:not(.hide-focus-outline) .kt-accordion-id21320_54c336-c9:not( .kt-accodion-icon-style-basic ):not( .kt-accodion-icon-style-xclose ):not( .kt-accodion-icon-style-arrow ) .kt-accordion-header-wrap .kt-blocks-accordion-header:focus-visible .kt-blocks-accordion-icon-trigger{background:#444444;}.kt-accordion-id21320_54c336-c9:not( .kt-accodion-icon-style-basic ):not( .kt-accodion-icon-style-xclose ):not( .kt-accodion-icon-style-arrow ) .kt-accordion-header-wrap .kt-blocks-accordion-header:hover .kt-blocks-accordion-icon-trigger:after, .kt-accordion-id21320_54c336-c9:not( .kt-accodion-icon-style-basic ):not( .kt-accodion-icon-style-xclose ):not( .kt-accodion-icon-style-arrow ) .kt-accordion-header-wrap .kt-blocks-accordion-header:hover .kt-blocks-accordion-icon-trigger:before, body:not(.hide-focus-outline) .kt-accordion-id21320_54c336-c9:not( .kt-accodion-icon-style-basic ):not( .kt-accodion-icon-style-xclose ):not( .kt-accodion-icon-style-arrow ) .kt-accordion-header-wrap .kt-blocks-accordion-header:focus-visible .kt-blocks-accordion-icon-trigger:after, body:not(.hide-focus-outline) .kt-accordion-id21320_54c336-c9:not( .kt-accodion-icon-style-basic ):not( .kt-accodion-icon-style-xclose ):not( .kt-accodion-icon-style-arrow ) .kt-accordion-header-wrap .kt-blocks-accordion-header:focus-visible .kt-blocks-accordion-icon-trigger:before{background:#eeeeee;}.kt-accordion-id21320_54c336-c9 .kt-accordion-header-wrap .kt-blocks-accordion-header:focus-visible,\n\t\t\t\t.kt-accordion-id21320_54c336-c9 > .kt-accordion-inner-wrap > .wp-block-kadence-pane > .kt-accordion-header-wrap > .kt-blocks-accordion-header.kt-accordion-panel-active{color:#ffffff;background:#444444;border-top-color:#444444;border-top-style:solid;border-right-color:#444444;border-right-style:solid;border-bottom-color:#444444;border-bottom-style:solid;border-left-color:#444444;border-left-style:solid;}.kt-accordion-id21320_54c336-c9:not( .kt-accodion-icon-style-basiccircle ):not( .kt-accodion-icon-style-xclosecircle ):not( .kt-accodion-icon-style-arrowcircle )  > .kt-accordion-inner-wrap > .wp-block-kadence-pane > .kt-accordion-header-wrap > .kt-blocks-accordion-header.kt-accordion-panel-active .kt-blocks-accordion-icon-trigger:after, .kt-accordion-id21320_54c336-c9:not( .kt-accodion-icon-style-basiccircle ):not( .kt-accodion-icon-style-xclosecircle ):not( .kt-accodion-icon-style-arrowcircle )  > .kt-accordion-inner-wrap > .wp-block-kadence-pane > .kt-accordion-header-wrap > .kt-blocks-accordion-header.kt-accordion-panel-active .kt-blocks-accordion-icon-trigger:before{background:#ffffff;}.kt-accordion-id21320_54c336-c9:not( .kt-accodion-icon-style-basic ):not( .kt-accodion-icon-style-xclose ):not( .kt-accodion-icon-style-arrow ) .kt-blocks-accordion-header.kt-accordion-panel-active .kt-blocks-accordion-icon-trigger{background:#ffffff;}.kt-accordion-id21320_54c336-c9:not( .kt-accodion-icon-style-basic ):not( .kt-accodion-icon-style-xclose ):not( .kt-accodion-icon-style-arrow ) .kt-blocks-accordion-header.kt-accordion-panel-active .kt-blocks-accordion-icon-trigger:after, .kt-accordion-id21320_54c336-c9:not( .kt-accodion-icon-style-basic ):not( .kt-accodion-icon-style-xclose ):not( .kt-accodion-icon-style-arrow ) .kt-blocks-accordion-header.kt-accordion-panel-active .kt-blocks-accordion-icon-trigger:before{background:#444444;}@media all and (max-width: 1024px){.kt-accordion-id21320_54c336-c9 .kt-accordion-panel-inner{border-top:0px solid transparent;border-right:0px solid transparent;border-bottom:0px solid transparent;border-left:0px solid transparent;}}@media all and (max-width: 1024px){.kt-accordion-id21320_54c336-c9 > .kt-accordion-inner-wrap > .wp-block-kadence-pane > .kt-accordion-header-wrap > .kt-blocks-accordion-header{border-top-color:#555555;border-top-style:solid;border-right-color:#555555;border-right-style:solid;border-bottom-color:#555555;border-bottom-style:solid;border-left-color:#555555;border-left-style:solid;}}@media all and (max-width: 1024px){.kt-accordion-id21320_54c336-c9 > .kt-accordion-inner-wrap > .wp-block-kadence-pane > .kt-accordion-header-wrap > .kt-blocks-accordion-header:hover, \n\t\t\t\tbody:not(.hide-focus-outline) .kt-accordion-id21320_54c336-c9 .kt-blocks-accordion-header:focus-visible{border-top-color:#eeeeee;border-top-style:solid;border-right-color:#eeeeee;border-right-style:solid;border-bottom-color:#eeeeee;border-bottom-style:solid;border-left-color:#eeeeee;border-left-style:solid;}}@media all and (max-width: 1024px){.kt-accordion-id21320_54c336-c9 .kt-accordion-header-wrap .kt-blocks-accordion-header:focus-visible,\n\t\t\t\t.kt-accordion-id21320_54c336-c9 > .kt-accordion-inner-wrap > .wp-block-kadence-pane > .kt-accordion-header-wrap > .kt-blocks-accordion-header.kt-accordion-panel-active{border-top-color:#444444;border-top-style:solid;border-right-color:#444444;border-right-style:solid;border-bottom-color:#444444;border-bottom-style:solid;border-left-color:#444444;border-left-style:solid;}}@media all and (max-width: 767px){.kt-accordion-id21320_54c336-c9 .kt-accordion-inner-wrap{display:block;}.kt-accordion-id21320_54c336-c9 .kt-accordion-inner-wrap .kt-accordion-pane:not(:first-child){margin-top:0px;}.kt-accordion-id21320_54c336-c9 .kt-accordion-panel-inner{border-top:0px solid transparent;border-right:0px solid transparent;border-bottom:0px solid transparent;border-left:0px solid transparent;}.kt-accordion-id21320_54c336-c9 > .kt-accordion-inner-wrap > .wp-block-kadence-pane > .kt-accordion-header-wrap > .kt-blocks-accordion-header{border-top-color:#555555;border-top-style:solid;border-right-color:#555555;border-right-style:solid;border-bottom-color:#555555;border-bottom-style:solid;border-left-color:#555555;border-left-style:solid;}.kt-accordion-id21320_54c336-c9 > .kt-accordion-inner-wrap > .wp-block-kadence-pane > .kt-accordion-header-wrap > .kt-blocks-accordion-header:hover, \n\t\t\t\tbody:not(.hide-focus-outline) .kt-accordion-id21320_54c336-c9 .kt-blocks-accordion-header:focus-visible{border-top-color:#eeeeee;border-top-style:solid;border-right-color:#eeeeee;border-right-style:solid;border-bottom-color:#eeeeee;border-bottom-style:solid;border-left-color:#eeeeee;border-left-style:solid;}.kt-accordion-id21320_54c336-c9 .kt-accordion-header-wrap .kt-blocks-accordion-header:focus-visible,\n\t\t\t\t.kt-accordion-id21320_54c336-c9 > .kt-accordion-inner-wrap > .wp-block-kadence-pane > .kt-accordion-header-wrap > .kt-blocks-accordion-header.kt-accordion-panel-active{border-top-color:#444444;border-top-style:solid;border-right-color:#444444;border-right-style:solid;border-bottom-color:#444444;border-bottom-style:solid;border-left-color:#444444;border-left-style:solid;}}<\/style>\n<div class=\"wp-block-kadence-accordion alignnone\"><div class=\"kt-accordion-wrap kt-accordion-id21320_54c336-c9 kt-accordion-has-6-panes kt-active-pane-0 kt-accordion-block kt-pane-header-alignment-left kt-accodion-icon-style-basic kt-accodion-icon-side-right\" style=\"max-width:1000px\"><div class=\"kt-accordion-inner-wrap\" data-allow-multiple-open=\"false\" data-start-open=\"none\">\n<div class=\"wp-block-kadence-pane kt-accordion-pane kt-accordion-pane-1 kt-pane21320_52a81d-b5\"><div class=\"kt-accordion-header-wrap\"><button class=\"kt-blocks-accordion-header kt-acccordion-button-label-show\" type=\"button\"><span class=\"kt-blocks-accordion-title-wrap\"><span class=\"kt-blocks-accordion-title\"><strong>Byte av medlemskategori eller uttr\u00e4de<\/strong><\/span><\/span><span class=\"kt-blocks-accordion-icon-trigger\"><\/span><\/button><\/div><div class=\"kt-accordion-panel kt-accordion-panel-hidden\"><div class=\"kt-accordion-panel-inner\">\n<p>Om du vill byta medlemskategori (t.ex. fr\u00e5n personmedlem till personst\u00f6dmedlem eller fr\u00e5n familjemedlem till personmedlem) eller uttr\u00e4da ur medlemskapet, g\u00f6r en supportbeg\u00e4ran via Helpdesk i Protuportalen (v\u00e4lj &#8221;J\u00e4senasiat&#8221;) eller skicka ett meddelande till <a href=\"mailto:protu@protu.fi\">protu@protu.fi<\/a>.<\/p>\n<\/div><\/div><\/div>\n\n\n\n<div class=\"wp-block-kadence-pane kt-accordion-pane kt-accordion-pane-5 kt-pane21320_bf98c1-d0\"><div class=\"kt-accordion-header-wrap\"><button class=\"kt-blocks-accordion-header kt-acccordion-button-label-show\" type=\"button\"><span class=\"kt-blocks-accordion-title-wrap\"><span class=\"kt-blocks-accordion-title\"><strong>M\u00f6jlighet till reducerad avgift 25 \u20ac f\u00f6r personmedlemmar med l\u00e5g inkomst<\/strong><\/span><\/span><span class=\"kt-blocks-accordion-icon-trigger\"><\/span><\/button><\/div><div class=\"kt-accordion-panel kt-accordion-panel-hidden\"><div class=\"kt-accordion-panel-inner\">\n<p>En personmedlem med l\u00e5g inkomst kan betala den reducerade medlemsavgiften 25 \u20ac enligt eget \u00f6verv\u00e4gande.<\/p>\n\n\n\n<p>Om du \u00e4r ny medlem, v\u00e4lj d\u00e5 &#8221;V\u00e4h\u00e4varaisen vaihtoehto&#8221; (Alternativ f\u00f6r l\u00e5ginkomsttagare) p\u00e5 anslutningsformul\u00e4ret.<\/p>\n\n\n\n<p>Om du redan \u00e4r medlem, betala den mottagna medlemsfakturan (39 \u20ac) med samma referensnummer men med den reducerade summan (25 \u20ac).<\/p>\n<\/div><\/div><\/div>\n\n\n\n<div class=\"wp-block-kadence-pane kt-accordion-pane kt-accordion-pane-6 kt-pane21320_b51398-d5\"><div class=\"kt-accordion-header-wrap\"><button class=\"kt-blocks-accordion-header kt-acccordion-button-label-show\" type=\"button\"><span class=\"kt-blocks-accordion-title-wrap\"><span class=\"kt-blocks-accordion-title\"><strong>Avgiftsfri provperiod 3 m\u00e5nader<\/strong><\/span><\/span><span class=\"kt-blocks-accordion-icon-trigger\"><\/span><\/button><\/div><div class=\"kt-accordion-panel kt-accordion-panel-hidden\"><div class=\"kt-accordion-panel-inner\">\n<p>Om du \u00e4r ny medlem kan du om du vill g\u00e5 med med en 3 m\u00e5naders provperiod och betala medlemsavgiften f\u00f6r det f\u00f6rsta \u00e5ret f\u00f6rst d\u00e4refter. V\u00e4lj d\u00e5 faktura som betalningss\u00e4tt (inte kort- eller direktbetalning via Paytrail). Efter 3 m\u00e5nader f\u00e5r du medlemsfakturan (startdatum f\u00f6r medlemskapet \u00e4r dagen d\u00e5 du gick med).<\/p>\n<\/div><\/div><\/div>\n\n\n\n<div class=\"wp-block-kadence-pane kt-accordion-pane kt-accordion-pane-4 kt-pane21320_b3fab3-51\"><div class=\"kt-accordion-header-wrap\"><button class=\"kt-blocks-accordion-header kt-acccordion-button-label-show\" type=\"button\"><span class=\"kt-blocks-accordion-title-wrap\"><span class=\"kt-blocks-accordion-title\"><strong>Ledares m\u00f6jlighet till avgiftsbefrielse f\u00f6r det f\u00f6rsta medlems\u00e5ret<\/strong><\/span><\/span><span class=\"kt-blocks-accordion-icon-trigger\"><\/span><\/button><\/div><div class=\"kt-accordion-panel kt-accordion-panel-hidden\"><div class=\"kt-accordion-panel-inner\">\n<p>Vi vill att ingen ska hindras fr\u00e5n att fungera som vuxen ledare i Protu p\u00e5 grund av sin ekonomiska situation. Om du s\u00f6ker till ett team som ledare och \u00e4r helt ny medlem i Protu, kan du vid behov ans\u00f6ka om befrielse fr\u00e5n medlemsavgiften f\u00f6r det f\u00f6rsta \u00e5ret. V\u00e4lj d\u00e5 faktura som betalningss\u00e4tt i medlemsanslutningsformul\u00e4ret, kontakta kansliet och beg\u00e4r att f\u00e5 befrielse fr\u00e5n fakturan. Vi hoppas \u00e4nd\u00e5 att s\u00e5 m\u00e5nga som m\u00f6jligt st\u00f6djer Protu med sin medlemsavgift n\u00e4r de blir ledare. Obs! Om du som v\u00e5rdnadshavare vill anv\u00e4nda m\u00f6jligheten att f\u00f6rhandsanm\u00e4la ditt barn till ett protul\u00e4ger m\u00e5ste medlemsavgiften vara betald.<\/p>\n<\/div><\/div><\/div>\n<\/div><\/div><\/div>\n<\/div>\n<\/div>\n\n                <\/div>\n            <\/div>\n            <\/div>\n<\/section>\n\n\n<p><\/p>\n","protected":false},"excerpt":{"rendered":"","protected":false},"author":89,"featured_media":0,"parent":20368,"menu_order":0,"comment_status":"closed","ping_status":"closed","template":"","meta":{"_acf_changed":false,"inline_featured_image":false,"footnotes":""},"sivun_tyyppi":[],"class_list":["post-21320","page","type-page","status-publish","hentry"],"acf":[],"_links":{"self":[{"href":"https:\/\/www.protu.fi\/sv\/wp-json\/wp\/v2\/pages\/21320","targetHints":{"allow":["GET"]}}],"collection":[{"href":"https:\/\/www.protu.fi\/sv\/wp-json\/wp\/v2\/pages"}],"about":[{"href":"https:\/\/www.protu.fi\/sv\/wp-json\/wp\/v2\/types\/page"}],"author":[{"embeddable":true,"href":"https:\/\/www.protu.fi\/sv\/wp-json\/wp\/v2\/users\/89"}],"replies":[{"embeddable":true,"href":"https:\/\/www.protu.fi\/sv\/wp-json\/wp\/v2\/comments?post=21320"}],"version-history":[{"count":26,"href":"https:\/\/www.protu.fi\/sv\/wp-json\/wp\/v2\/pages\/21320\/revisions"}],"predecessor-version":[{"id":86128,"href":"https:\/\/www.protu.fi\/sv\/wp-json\/wp\/v2\/pages\/21320\/revisions\/86128"}],"up":[{"embeddable":true,"href":"https:\/\/www.protu.fi\/sv\/wp-json\/wp\/v2\/pages\/20368"}],"wp:attachment":[{"href":"https:\/\/www.protu.fi\/sv\/wp-json\/wp\/v2\/media?parent=21320"}],"wp:term":[{"taxonomy":"sivun_tyyppi","embeddable":true,"href":"https:\/\/www.protu.fi\/sv\/wp-json\/wp\/v2\/sivun_tyyppi?post=21320"}],"curies":[{"name":"wp","href":"https:\/\/api.w.org\/{rel}","templated":true}]}}