{"id":21341,"date":"2023-02-06T15:00:11","date_gmt":"2023-02-06T13:00:11","guid":{"rendered":"https:\/\/uusi.protu.fi\/?page_id=21341"},"modified":"2026-02-17T13:27:21","modified_gmt":"2026-02-17T11:27:21","slug":"till-media","status":"publish","type":"page","link":"https:\/\/www.protu.fi\/sv\/till-media\/","title":{"rendered":"Till media"},"content":{"rendered":"<section class=\"block-container vaalea-tausta\">\n    <div class=\"container-fluid\">\n                    <div class=\"row justify-content-center\">\n                <div class=\"col-lg-11\">\n                    \n\n<style>\n\n<\/style>\n\n<section class=\"kapea-teksti\">\n    <div class=\"row\">\n        <div class=\"col-lg-9\">\n            <p>Bilder fr\u00e5n Protul\u00e4ger och f\u00f6reningens logotyper kan laddas ner f\u00f6r medias anv\u00e4ndning fr\u00e5n Protus <a href=\"https:\/\/protu.sharepoint.com\/:f:\/s\/jaostot\/IgB7dpcmcGzARrTUBFy_kYOBAcw6SbTsymFUTdRs58hPD8Q?e=ZiOa1I\" rel=\"nofollow noopener\" target=\"_blank\">mediebank<\/a> (fotografens namn ska anges).<\/p>\n<p>Kontaktuppgifter ang\u00e5ende l\u00e4gerbes\u00f6k och intervjuer med deltagare: <a href=\"mailto:tiedotus@protu.fi\">tiedotus@protu.fi<\/a><\/p>\n<p>Intervjuer som g\u00e4ller l\u00e4gren: Ordf\u00f6rande f\u00f6r Prometheus-l\u00e4grets st\u00f6d rf <strong>Alma Koivisto<\/strong>, tel 050 550 6971, <a href=\"mailto:alma.koivisto@protu.fi\">alma.koivisto@protu.fi<\/a><\/p>\n<p>Regional och historisk information om l\u00e4gren och deltagande: <strong>Simo Porola<\/strong>, kommunikationssamordnare Prometheus-l\u00e4grets st\u00e4d rf, tel 040 352 5832, <a href=\"mailto:simo.porola@protu.fi\">simo.porola@protu.fi<\/a><\/p>\n<h3 dir=\"ltr\">Protul\u00e4gren sommaren 2026<\/h3>\n<ul>\n<li dir=\"ltr\">Sommaren 2026 anordnas 64 l\u00e4ger.<\/li>\n<li dir=\"ltr\">50 finskspr\u00e5kiga ungdomsl\u00e4ger<\/li>\n<li dir=\"ltr\">3 svenskspr\u00e5kiga ungdomsl\u00e4ger<\/li>\n<li dir=\"ltr\">2 engelskspr\u00e5kiga ungdomsl\u00e4ger<\/li>\n<li dir=\"ltr\">7 temal\u00e4ger<\/li>\n<li dir=\"ltr\">1 finskspr\u00e5kiga sennul\u00e4ger f\u00f6r 17\u201321 \u00e5ringar<\/li>\n<li>1 finskspr\u00e5kiga vuxenl\u00e4ger f\u00f6r \u00f6ver 20-\u00e5ringar<\/li>\n<\/ul>\n<p>Priset f\u00f6r l\u00e4gerveckan (sommaren 2026) \u00e4r 439 \u20ac och 470\u2013505 \u20ac f\u00f6r temal\u00e4ger. Avgiften t\u00e4cker helpension, boende och olycksfallsf\u00f6rs\u00e4kring.<\/p>\n<p><span style=\"font-family: Signika, sans-serif;font-size: 1.75rem;font-weight: bold\">Deltagare<\/span><\/p>\n<p dir=\"ltr\">Sommarl\u00e4gren 2026 kommer att ha ca. 1150 deltagare<\/p>\n<p dir=\"ltr\">L\u00e4gren har anordnats sedan 1989, n\u00e4stan 26 000 deltagare under hela verksamheten<\/p>\n<h3 dir=\"ltr\">Principer och m\u00e5l f\u00f6r l\u00e4gerverksamheten<\/h3>\n<p dir=\"ltr\">L\u00e4gren \u00e4r \u00f6ppna f\u00f6r alla unga och \u00e4r religi\u00f6st och politiskt obundna. V\u00e4rderingarna som styr l\u00e4gerverksamheten \u00e4r gl\u00e4dje och v\u00e4lm\u00e5ende, j\u00e4mlikhet, nyfiken reflektion och ansvar. L\u00e4r k\u00e4nna Protus v\u00e4rderingar, uppdrag och vision h\u00e4r.<\/p>\n<p dir=\"ltr\">M\u00e5let med Protul\u00e4ger \u00e4r att ge unga m\u00e4nniskor den kompetens som hj\u00e4lper dem att \u00f6verleva i livet. K\u00e4rnan i l\u00e4gren \u00e4r ett \u00f6ppet och nyfiket t\u00e4nkande. V\u00e4rderingarna som styr l\u00e4gerverksamheten \u00e4r att respektera m\u00e4nniskor och ta ansvar f\u00f6r sig sj\u00e4lv och v\u00e4rlden. L\u00e4s mer om principerna f\u00f6r l\u00e4gerverksamhet.<\/p>\n<h3 dir=\"ltr\"><span class=\"HwtZe\" lang=\"sv\"><span class=\"jCAhz ChMk0b\"><span class=\"ryNqvb\">Arrangemang<\/span><\/span><\/span><\/h3>\n<p dir=\"ltr\">Prometheus-l\u00e4grets st\u00f6d rf, som fr\u00e4mst drivs av unga volont\u00e4rer och unga vuxna, har hand om att organisera Prometheus-l\u00e4gren.<\/p>\n<p dir=\"ltr\">L\u00e4gerteamet som utbildats f\u00f6r sin uppgift under v\u00e5ren ansvarar f\u00f6r planering och genomf\u00f6rande av l\u00e4gerveckan, som omfattar tv\u00e5 vuxna instrukt\u00f6rer och fem unga assisterande instrukt\u00f6rer som varit p\u00e5 l\u00e4gret tidigare.<\/p>\n<p dir=\"ltr\">Endast 12\u201318 deltagare deltar i ett l\u00e4ger, vilket bidrar till att skapa en t\u00e4t atmosf\u00e4r och god laganda.<\/p>\n<h3 dir=\"ltr\">L\u00e4gerinneh\u00e5ll<\/h3>\n<p dir=\"ltr\">Teman f\u00f6r det veckol\u00e5nga l\u00e4gret inkluderar \u00e4mnen av intresse f\u00f6r ungdomar: m\u00e5ngfald och j\u00e4mst\u00e4lldhet, eget liv och framtid, samh\u00e4lle och inflytande, media, v\u00e4rldsbilder och \u00e5sk\u00e5dningar, identitet, milj\u00f6, berusningsmedel, personliga relationer, sexualitet.<\/p>\n<p>Protul\u00e4grens viktigaste m\u00e5l \u00e4r att st\u00e4rka ungdomars f\u00f6rm\u00e5ga till kritiskt t\u00e4nkande och socialt deltagande.<\/p>\n<p dir=\"ltr\">Det g\u00f6rs inga f\u00f6rs\u00f6k att ge f\u00e4rdiga svar p\u00e5 de \u00e4mnen som diskuteras p\u00e5 l\u00e4gret, utan det viktigaste \u00e4r att hj\u00e4lpa unga att bilda sina egna \u00e5sikter.<\/p>\n<p dir=\"ltr\">Ingen skolliknande undervisning, utan diskussioner, lekar, teckning, pj\u00e4ser, debatter, att g\u00f6ra musik och rollspel.<\/p>\n<p dir=\"ltr\">Veckan inneh\u00e5ller \u00e4ven l\u00e4gerliv som bastu, s\u00e5ng, kv\u00e4llsbrasor, samvaro och lugn st\u00e4mning. L\u00e4gren \u00e4r nyktra och fria fr\u00e5n olika former av diskriminering.<\/p>\n<h3>Forskning<\/h3>\n<p>V\u00e5ren 2019 publicerades en vetenskaplig studie, enligt vilken Protu-l\u00e4gren st\u00e4rkte ungas sj\u00e4lvk\u00e4nsla, sociala kompetens och tolerans och p\u00e5verkade camparnas tankes\u00e4tt \u00e4ven p\u00e5 l\u00e4ngre sikt (T. Eskelinen ja P. Lundbom: Prometheus-leirit kasvun areenana 2019).<\/p>\n<h3 dir=\"ltr\">Feedback<\/h3>\n<p dir=\"ltr\">L\u00e4gren har \u00e5r efter \u00e5r f\u00e5tt n\u00e4stan uteslutande positiv respons fr\u00e5n deltagarna.<\/p>\n<p dir=\"ltr\">\u00c5r 2025 var NPS-siffran som m\u00e4ter kundn\u00f6jdhet 84 f\u00f6r campare (582 svarande) och 88 f\u00f6r v\u00e5rdnadshavare (553 svarande). De genomsnittliga skolbetygen som campare gav till proffsl\u00e4gret var 9,4.<\/p>\n<p dir=\"ltr\">\u00c5r 2024 var NPS-siffran som m\u00e4ter kundn\u00f6jdhet 83 f\u00f6r campare (575 svarande) och 89 f\u00f6r v\u00e5rdnadshavare (551 svarande). De genomsnittliga skolbetygen som campare gav till proffsl\u00e4gret var 9,5.<\/p>\n        <\/div>\n    <\/div>\n<\/section>\n                <\/div>\n            <\/div>\n            <\/div>\n<\/section>","protected":false},"excerpt":{"rendered":"","protected":false},"author":89,"featured_media":0,"parent":0,"menu_order":0,"comment_status":"closed","ping_status":"closed","template":"","meta":{"_acf_changed":false,"inline_featured_image":false,"footnotes":""},"sivun_tyyppi":[65],"class_list":["post-21341","page","type-page","status-publish","hentry","sivun_tyyppi-julkinen-sivu"],"acf":[],"_links":{"self":[{"href":"https:\/\/www.protu.fi\/sv\/wp-json\/wp\/v2\/pages\/21341","targetHints":{"allow":["GET"]}}],"collection":[{"href":"https:\/\/www.protu.fi\/sv\/wp-json\/wp\/v2\/pages"}],"about":[{"href":"https:\/\/www.protu.fi\/sv\/wp-json\/wp\/v2\/types\/page"}],"author":[{"embeddable":true,"href":"https:\/\/www.protu.fi\/sv\/wp-json\/wp\/v2\/users\/89"}],"replies":[{"embeddable":true,"href":"https:\/\/www.protu.fi\/sv\/wp-json\/wp\/v2\/comments?post=21341"}],"version-history":[{"count":18,"href":"https:\/\/www.protu.fi\/sv\/wp-json\/wp\/v2\/pages\/21341\/revisions"}],"predecessor-version":[{"id":87120,"href":"https:\/\/www.protu.fi\/sv\/wp-json\/wp\/v2\/pages\/21341\/revisions\/87120"}],"wp:attachment":[{"href":"https:\/\/www.protu.fi\/sv\/wp-json\/wp\/v2\/media?parent=21341"}],"wp:term":[{"taxonomy":"sivun_tyyppi","embeddable":true,"href":"https:\/\/www.protu.fi\/sv\/wp-json\/wp\/v2\/sivun_tyyppi?post=21341"}],"curies":[{"name":"wp","href":"https:\/\/api.w.org\/{rel}","templated":true}]}}