{"id":21347,"date":"2023-02-06T15:07:49","date_gmt":"2023-02-06T13:07:49","guid":{"rendered":"https:\/\/uusi.protu.fi\/?page_id=21347"},"modified":"2024-03-12T13:51:42","modified_gmt":"2024-03-12T11:51:42","slug":"forskning-om-protu","status":"publish","type":"page","link":"https:\/\/www.protu.fi\/sv\/information-om-protu\/forskning-om-protu\/","title":{"rendered":"Forskning om Protu"},"content":{"rendered":"<section class=\"block-container vaalea-tausta\">\n    <div class=\"container-fluid\">\n                    <div class=\"row justify-content-center\">\n                <div class=\"col-lg-11\">\n                    \n\n<style>\n\n<\/style>\n\n<section class=\"kapea-teksti\">\n    <div class=\"row\">\n        <div class=\"col-lg-9\">\n            <div>\n<div>\n<p>Student eller forskare &#8211; skulle du vara intresserad av att unders\u00f6ka Protul\u00e4ger i din egen avhandling eller forskning? Protul\u00e4gren, l\u00e4grens verksamhetsmetoder eller l\u00e4grens effekter \u00e4r ett bra forsknings\u00e4mne, till exempel inom utbildnings- eller samh\u00e4llsvetenskapsomr\u00e5det. Vi samarbetar g\u00e4rna och erbjuder information f\u00f6r att st\u00f6dja ditt arbete! Ta kontakt med <a href=\"mailto:paasihteeri@protu.fi\">paasihteeri@protu.fi<\/a><\/p>\n<p><strong>Forskningar gjorda p\u00e5 Protu: <\/strong><\/p>\n<p>Teppo Eskelinen &amp; Pia Lundbom (2019): Prometheus-leirit kasvun areenana. Julkaisussa Nuorisotutkimus 37 (2019):1. Nuorisotutkimusseura ry.<\/p>\n<p>Sanni Tiainen (2018): Prometheus-leiri toimijuuden tukijana (pro gradu, It\u00e4-Suomen yliopisto)<br \/>\nAino Otala (2017): A Case Study: The Impact of Participatory Volunteer Work on an Individual&#8217;s Life and Wellbeing (opinn\u00e4ytety\u00f6, Metropolia)<\/p>\n<p>Elias Helminen ja Timo Tilli (2016): &#8221;En tied\u00e4 viel\u00e4 oikeen, mit\u00e4 se meinaa&#8221; Tutkimus etel\u00e4pohjalaisten yl\u00e4koululaisten Protu-tietoudesta (opinn\u00e4ytety\u00f6, MAMK<\/p>\n<p>Aino Kaisalmi (2012): Kysyminen ja vastaaminen Prometheus-leirin ohjaajakoulutuksen keskustelunvetoharjoituksessa (pro gradu, Tampereen yliopisto<\/p>\n<p>Simo Tuppurainen (2008): Tiedostava ja kriittinen yksil\u00f6 yhteiskunnassa. Prometheus-leirin tuki ry:n leiritoiminnan tarkastelua (pro gradu, Tampereen yliopisto<\/p>\n<p>Kati Niemel\u00e4 (2007): Rippikoulu ja Prometheus-leiri aikuistumisriittein\u00e4 (teoksessa Kuure, Vuori &amp; Gissler: Viattomuudesta vimmaan: Lapsuudesta nuoruuteen -siirtym\u00e4vaiheen tarkastelua)<\/p>\n<\/div>\n<\/div>\n        <\/div>\n    <\/div>\n<\/section>\n                <\/div>\n            <\/div>\n            <\/div>\n<\/section>","protected":false},"excerpt":{"rendered":"","protected":false},"author":89,"featured_media":0,"parent":20374,"menu_order":0,"comment_status":"closed","ping_status":"closed","template":"","meta":{"_acf_changed":false,"inline_featured_image":false,"footnotes":""},"sivun_tyyppi":[65],"class_list":["post-21347","page","type-page","status-publish","hentry","sivun_tyyppi-julkinen-sivu"],"acf":[],"_links":{"self":[{"href":"https:\/\/www.protu.fi\/sv\/wp-json\/wp\/v2\/pages\/21347","targetHints":{"allow":["GET"]}}],"collection":[{"href":"https:\/\/www.protu.fi\/sv\/wp-json\/wp\/v2\/pages"}],"about":[{"href":"https:\/\/www.protu.fi\/sv\/wp-json\/wp\/v2\/types\/page"}],"author":[{"embeddable":true,"href":"https:\/\/www.protu.fi\/sv\/wp-json\/wp\/v2\/users\/89"}],"replies":[{"embeddable":true,"href":"https:\/\/www.protu.fi\/sv\/wp-json\/wp\/v2\/comments?post=21347"}],"version-history":[{"count":5,"href":"https:\/\/www.protu.fi\/sv\/wp-json\/wp\/v2\/pages\/21347\/revisions"}],"predecessor-version":[{"id":21782,"href":"https:\/\/www.protu.fi\/sv\/wp-json\/wp\/v2\/pages\/21347\/revisions\/21782"}],"up":[{"embeddable":true,"href":"https:\/\/www.protu.fi\/sv\/wp-json\/wp\/v2\/pages\/20374"}],"wp:attachment":[{"href":"https:\/\/www.protu.fi\/sv\/wp-json\/wp\/v2\/media?parent=21347"}],"wp:term":[{"taxonomy":"sivun_tyyppi","embeddable":true,"href":"https:\/\/www.protu.fi\/sv\/wp-json\/wp\/v2\/sivun_tyyppi?post=21347"}],"curies":[{"name":"wp","href":"https:\/\/api.w.org\/{rel}","templated":true}]}}