{"id":21353,"date":"2023-02-06T15:14:48","date_gmt":"2023-02-06T13:14:48","guid":{"rendered":"https:\/\/uusi.protu.fi\/?page_id=21353"},"modified":"2025-11-27T14:34:48","modified_gmt":"2025-11-27T12:34:48","slug":"protu-tidningen","status":"publish","type":"page","link":"https:\/\/www.protu.fi\/sv\/kontaktuppgifter\/protu-tidningen\/","title":{"rendered":"Protu tidningen"},"content":{"rendered":"<section class=\"block-container vaalea-tausta\">\n    <div class=\"container-fluid\">\n                    <div class=\"row justify-content-center\">\n                <div class=\"col-lg-11\">\n                    \n\n<style>\n\n<\/style>\n\n<section class=\"kapea-teksti\">\n    <div class=\"row\">\n        <div class=\"col-lg-9\">\n            <p>Protu tidningen Protu, eller Protu-lehti, \u00e4r en medlemstidning f\u00f6r Prometheus-l\u00e4grets st\u00f6d rf, som talar om saker som h\u00e4nder i f\u00f6reningen neutralt och vid behov kritiskt, samt en kulturtidning, som talar om sociala, filosofiska och kulturella \u00e4mnen av intresse f\u00f6r unga m\u00e4nniskor med nyfiket funderande.<\/p>\n<p>Liksom f\u00f6reningen \u00e4r Protu politiskt och religi\u00f6st obunden.<\/p>\n<p>Protu ger ut tv\u00e5 papperstidningar varje \u00e5r. Inneh\u00e5ll publiceras ocks\u00e5 aktivt online.<\/p>\n<p>Protu tidningens hemsida: (uppdateras)<\/p>\n        <\/div>\n    <\/div>\n<\/section>\n                <\/div>\n            <\/div>\n            <\/div>\n<\/section>","protected":false},"excerpt":{"rendered":"","protected":false},"author":89,"featured_media":0,"parent":20379,"menu_order":0,"comment_status":"closed","ping_status":"closed","template":"","meta":{"_acf_changed":false,"inline_featured_image":false,"footnotes":""},"sivun_tyyppi":[],"class_list":["post-21353","page","type-page","status-publish","hentry"],"acf":[],"_links":{"self":[{"href":"https:\/\/www.protu.fi\/sv\/wp-json\/wp\/v2\/pages\/21353","targetHints":{"allow":["GET"]}}],"collection":[{"href":"https:\/\/www.protu.fi\/sv\/wp-json\/wp\/v2\/pages"}],"about":[{"href":"https:\/\/www.protu.fi\/sv\/wp-json\/wp\/v2\/types\/page"}],"author":[{"embeddable":true,"href":"https:\/\/www.protu.fi\/sv\/wp-json\/wp\/v2\/users\/89"}],"replies":[{"embeddable":true,"href":"https:\/\/www.protu.fi\/sv\/wp-json\/wp\/v2\/comments?post=21353"}],"version-history":[{"count":7,"href":"https:\/\/www.protu.fi\/sv\/wp-json\/wp\/v2\/pages\/21353\/revisions"}],"predecessor-version":[{"id":86163,"href":"https:\/\/www.protu.fi\/sv\/wp-json\/wp\/v2\/pages\/21353\/revisions\/86163"}],"up":[{"embeddable":true,"href":"https:\/\/www.protu.fi\/sv\/wp-json\/wp\/v2\/pages\/20379"}],"wp:attachment":[{"href":"https:\/\/www.protu.fi\/sv\/wp-json\/wp\/v2\/media?parent=21353"}],"wp:term":[{"taxonomy":"sivun_tyyppi","embeddable":true,"href":"https:\/\/www.protu.fi\/sv\/wp-json\/wp\/v2\/sivun_tyyppi?post=21353"}],"curies":[{"name":"wp","href":"https:\/\/api.w.org\/{rel}","templated":true}]}}