{"id":21356,"date":"2023-02-06T15:18:44","date_gmt":"2023-02-06T13:18:44","guid":{"rendered":"https:\/\/uusi.protu.fi\/?page_id=21356"},"modified":"2023-02-09T13:58:40","modified_gmt":"2023-02-09T11:58:40","slug":"prometheuslagrets-stodstiftelse","status":"publish","type":"page","link":"https:\/\/www.protu.fi\/sv\/kontaktuppgifter\/prometheuslagrets-stodstiftelse\/","title":{"rendered":"Prometheusl\u00e4grets st\u00f6dstiftelse"},"content":{"rendered":"<section class=\"block-container vaalea-tausta\">\n    <div class=\"container-fluid\">\n                    <div class=\"row justify-content-center\">\n                <div class=\"col-lg-11\">\n                    \n\n<style>\n\n<\/style>\n\n<section class=\"kapea-teksti\">\n    <div class=\"row\">\n        <div class=\"col-lg-9\">\n            <p>Prometheusl\u00e4grets st\u00f6dstiftelse startade sin verksamhet 2018. Stiftelsen st\u00f6djer den sortens religi\u00f6st och politiskt oengagerade uppvuxningsutbildning, vars m\u00e5l \u00e4r att st\u00f6dja unga i att forma sin individuella livs\u00e5sk\u00e5dning, samtidigt som man f\u00f6rebygger oj\u00e4mlikhet.<\/p>\n<p>Prometheusl\u00e4grets st\u00f6dstiftelse fyller sitt syfte genom att bevilja bidrag till ideella organisationer som anordnar aktiviteter i enlighet med stiftelsens \u00e4ndam\u00e5l.<\/p>\n<p>Stiftelsens hemsida: <a title=\"Siirry s\u00e4\u00e4ti\u00f6n verkkosivuille\" href=\"https:\/\/www.protusaatio.fi\/\" rel=\"nofollow noopener\" target=\"_blank\">https:\/\/www.protusaatio.fi\/<\/a><\/p>\n        <\/div>\n    <\/div>\n<\/section>\n                <\/div>\n            <\/div>\n            <\/div>\n<\/section>","protected":false},"excerpt":{"rendered":"","protected":false},"author":89,"featured_media":0,"parent":20379,"menu_order":0,"comment_status":"closed","ping_status":"closed","template":"","meta":{"_acf_changed":false,"inline_featured_image":false,"footnotes":""},"sivun_tyyppi":[65],"class_list":["post-21356","page","type-page","status-publish","hentry","sivun_tyyppi-julkinen-sivu"],"acf":[],"_links":{"self":[{"href":"https:\/\/www.protu.fi\/sv\/wp-json\/wp\/v2\/pages\/21356","targetHints":{"allow":["GET"]}}],"collection":[{"href":"https:\/\/www.protu.fi\/sv\/wp-json\/wp\/v2\/pages"}],"about":[{"href":"https:\/\/www.protu.fi\/sv\/wp-json\/wp\/v2\/types\/page"}],"author":[{"embeddable":true,"href":"https:\/\/www.protu.fi\/sv\/wp-json\/wp\/v2\/users\/89"}],"replies":[{"embeddable":true,"href":"https:\/\/www.protu.fi\/sv\/wp-json\/wp\/v2\/comments?post=21356"}],"version-history":[{"count":12,"href":"https:\/\/www.protu.fi\/sv\/wp-json\/wp\/v2\/pages\/21356\/revisions"}],"predecessor-version":[{"id":21754,"href":"https:\/\/www.protu.fi\/sv\/wp-json\/wp\/v2\/pages\/21356\/revisions\/21754"}],"up":[{"embeddable":true,"href":"https:\/\/www.protu.fi\/sv\/wp-json\/wp\/v2\/pages\/20379"}],"wp:attachment":[{"href":"https:\/\/www.protu.fi\/sv\/wp-json\/wp\/v2\/media?parent=21356"}],"wp:term":[{"taxonomy":"sivun_tyyppi","embeddable":true,"href":"https:\/\/www.protu.fi\/sv\/wp-json\/wp\/v2\/sivun_tyyppi?post=21356"}],"curies":[{"name":"wp","href":"https:\/\/api.w.org\/{rel}","templated":true}]}}