{"id":21369,"date":"2023-02-06T15:23:28","date_gmt":"2023-02-06T13:23:28","guid":{"rendered":"https:\/\/uusi.protu.fi\/?page_id=21369"},"modified":"2026-02-27T10:29:45","modified_gmt":"2026-02-27T08:29:45","slug":"anmal-ett-trakasseriefall","status":"publish","type":"page","link":"https:\/\/www.protu.fi\/sv\/kontaktuppgifter\/anmal-ett-trakasseriefall\/","title":{"rendered":"Anm\u00e4l ett trakasseriefall"},"content":{"rendered":"<section class=\"block-container vaalea-tausta\">\n    <div class=\"container-fluid\">\n                    <div class=\"row justify-content-center\">\n                <div class=\"col-lg-11\">\n                    \n\n<div class=\"wp-block-columns is-layout-flex wp-container-core-columns-is-layout-9d6595d7 wp-block-columns-is-layout-flex\">\n<div class=\"wp-block-column is-layout-flow wp-block-column-is-layout-flow\" style=\"flex-basis:700px\">\n<p>P\u00e5 Protu tar vi mobbning, trakasserier och andra incidenter som orsakar otrygghet och obehag p\u00e5 allvar.<\/p>\n\n\n\n<ul class=\"wp-block-list\">\n<li><strong>Om du st\u00f6ter<\/strong>&nbsp;p\u00e5 ol\u00e4mpligt beteende, tal eller andra aktiviteter p\u00e5 Protul\u00e4ger, tr\u00e4ning eller andra Protu-aktiviteter som f\u00e5r dig att k\u00e4nna dig obekv\u00e4m eller os\u00e4ker,&nbsp;<strong>kan du informera<\/strong>&nbsp;Protu om det genom att anv\u00e4nda <a href=\"https:\/\/forms.office.com\/e\/NNb8NeLsR1\" target=\"_blank\" rel=\"noreferrer noopener nofollow\">detta formul\u00e4r<\/a>&nbsp;(\u00e4ven anonymt*), via e-post eller direkt till n\u00e5gon av personerna nedan genom att ringa, smsa eller WhatsAppa.<\/li>\n\n\n\n<li>Prometheus-l\u00e4grets st\u00f6d rf:s&nbsp;<strong>trakasserierkontaktpersoner<\/strong>&nbsp;\u00e4r:\n<ul class=\"wp-block-list\">\n<li>Elias Heikkil\u00e4 0406595530<\/li>\n\n\n\n<li>Romeo Keijupuro 0401628338<\/li>\n\n\n\n<li>Krisu Kirjavainen 0406101924<\/li>\n\n\n\n<li>Petra Kontro 04578321481<\/li>\n<\/ul>\n<\/li>\n\n\n\n<li>E-postadresser \u00e4r i formatet f\u00f6rnamn.efternamn@protu.fi och alla trakasseringskontaktpersoner kan n\u00e5s p\u00e5&nbsp;<a href=\"mailto:hairintailmoitus@protu.fi\">hairintailmoitus@protu.fi<\/a><\/li>\n<\/ul>\n<\/div>\n<\/div>\n\n                <\/div>\n            <\/div>\n            <\/div>\n<\/section>","protected":false},"excerpt":{"rendered":"","protected":false},"author":89,"featured_media":0,"parent":20379,"menu_order":0,"comment_status":"closed","ping_status":"closed","template":"","meta":{"_acf_changed":false,"inline_featured_image":false,"footnotes":""},"sivun_tyyppi":[],"class_list":["post-21369","page","type-page","status-publish","hentry"],"acf":[],"_links":{"self":[{"href":"https:\/\/www.protu.fi\/sv\/wp-json\/wp\/v2\/pages\/21369","targetHints":{"allow":["GET"]}}],"collection":[{"href":"https:\/\/www.protu.fi\/sv\/wp-json\/wp\/v2\/pages"}],"about":[{"href":"https:\/\/www.protu.fi\/sv\/wp-json\/wp\/v2\/types\/page"}],"author":[{"embeddable":true,"href":"https:\/\/www.protu.fi\/sv\/wp-json\/wp\/v2\/users\/89"}],"replies":[{"embeddable":true,"href":"https:\/\/www.protu.fi\/sv\/wp-json\/wp\/v2\/comments?post=21369"}],"version-history":[{"count":13,"href":"https:\/\/www.protu.fi\/sv\/wp-json\/wp\/v2\/pages\/21369\/revisions"}],"predecessor-version":[{"id":87213,"href":"https:\/\/www.protu.fi\/sv\/wp-json\/wp\/v2\/pages\/21369\/revisions\/87213"}],"up":[{"embeddable":true,"href":"https:\/\/www.protu.fi\/sv\/wp-json\/wp\/v2\/pages\/20379"}],"wp:attachment":[{"href":"https:\/\/www.protu.fi\/sv\/wp-json\/wp\/v2\/media?parent=21369"}],"wp:term":[{"taxonomy":"sivun_tyyppi","embeddable":true,"href":"https:\/\/www.protu.fi\/sv\/wp-json\/wp\/v2\/sivun_tyyppi?post=21369"}],"curies":[{"name":"wp","href":"https:\/\/api.w.org\/{rel}","templated":true}]}}