{"id":28047,"date":"2023-02-10T12:46:33","date_gmt":"2023-02-10T10:46:33","guid":{"rendered":"https:\/\/uusi.protu.fi\/information-om-protu\/protun-saannot\/"},"modified":"2026-02-10T13:55:01","modified_gmt":"2026-02-10T11:55:01","slug":"stadgar-for-foreningen","status":"publish","type":"page","link":"https:\/\/www.protu.fi\/sv\/information-om-protu\/stadgar-for-foreningen\/","title":{"rendered":"Stadgar f\u00f6r f\u00f6reningen"},"content":{"rendered":"<section class=\"block-container vaalea-tausta\">\n    <div class=\"container-fluid\">\n                    <div class=\"row justify-content-center\">\n                <div class=\"col-lg-11\">\n                    \n\n<style>\n\n<\/style>\n\n<section class=\"kapea-teksti\">\n    <div class=\"row\">\n        <div class=\"col-lg-9\">\n            <h2><strong>Stadgar f\u00f6r f\u00f6reningen Prometheus-leirin tuki \u2013 Prometheusl\u00e4grets st\u00f6d rf<\/strong><\/h2>\n<p><em>Uppdaterade vid v\u00e5rm\u00f6tet 25.5.2024.<\/em><\/p>\n<h1>1. F\u00f6reningens namn och hemort<\/h1>\n<p>F\u00f6reningens namn \u00e4r Prometheus-leirin tuki ry, Prometheus-l\u00e4grets st\u00f6d rf och dess hemort \u00e4r Helsingfors. F\u00f6reningen anv\u00e4nder den inofficiella f\u00f6rkortningen av namnet, Protu rf. F\u00f6reningen \u00e4r svensk-och finskspr\u00e5kig. Protokollspr\u00e5ket \u00e4rfinska.<\/p>\n<h1>2. Syfte och verksamhetens art<\/h1>\n<p>F\u00f6reningen har som syfte att organisera religi\u00f6st och politiskt obunden utbildning inf\u00f6r vuxenheten, vars m\u00e5l \u00e4r att st\u00f6dja unga i att bygga upp sin egen livs\u00e5sk\u00e5dning. Dessutom \u00e4r syftet att s\u00e4kra m\u00f6jligheten till utbildning inf\u00f6rvuxenheten f\u00f6r unga som inte tillh\u00f6r religi\u00f6sa samfund samt icke religi\u00f6sa unga.<\/p>\n<p>F\u00f6r att uppn\u00e5 sitt syfte ordnar f\u00f6reningen l\u00e4ger, som kallas f\u00f6r Prometheusl\u00e4ger, samt kurser och m\u00f6ten, g\u00f6r upp ett regelverk f\u00f6r l\u00e4gren, utbildar l\u00e4gerledare, uppr\u00e4tth\u00e5ller kontakter mellan unga som varit p\u00e5 l\u00e4ger, informerar om l\u00e4gren, bedriver publikationsverksamhet, uppr\u00e4tth\u00e5ller kontakter med sammanslutningar som arrangerar motsvarande l\u00e4ger utomlands samt ordnar annan verksamhet som st\u00f6der f\u00f6reningens syfte.<\/p>\n<p>F\u00f6r att st\u00f6dja sin verksamhet kan f\u00f6reningen ta emot donationer och testamenten samt med vederb\u00f6rligt tillst\u00e5nd ordna basarer, fester, lotterier och penninginsamlingar.<\/p>\n<h1>3. Medlemmar<\/h1>\n<p>Till medlemmar i f\u00f6reningen kan godk\u00e4nnas f\u00f6ljande, som accepterar f\u00f6reningens syfte:<\/p>\n<ul>\n<li>sammanslutningar med r\u00e4ttslig handlingsf\u00f6rm\u00e5ga<\/li>\n<li>enskilda personer<\/li>\n<li>personmedlemmars familjemedlemmar som bor i samma hush\u00e5ll.<\/li>\n<\/ul>\n<p>Till st\u00f6dmedlemmar kan godk\u00e4nnas enskilda personer, en personmedlems familjemedlemmar som bor i samma hush\u00e5ll och sammanslutningar som vill st\u00f6dja f\u00f6reningens syfte och verksamhet. Egentliga medlemmar och st\u00f6dmedlemmar har samma r\u00e4ttigheter.<\/p>\n<p>Styrelsen beslutar om godk\u00e4nnande av medlemmar.<\/p>\n<p>En medlem har r\u00e4tt att uttr\u00e4da ur f\u00f6reningen genom att skriftligen anm\u00e4la detta till f\u00f6reningens styrelse eller ordf\u00f6rande, eller genom att anm\u00e4la sitt uttr\u00e4de att antecknas i f\u00f6reningsm\u00f6tets protokoll.<\/p>\n<p>Styrelsen kan utesluta en medlem ur f\u00f6reningen, om medlemmen har l\u00e4mnat sin f\u00f6rfallna<br \/>\nmedlemsavgift obetald. I annat fall beslutar f\u00f6reningsm\u00f6tet om uteslutande av medlem.<\/p>\n<p>Beslut om storleken av den medlemsavgift som betalas av medlemmarna fattas av h\u00f6stm\u00f6tet. Medlemsavgifter av olika storlekar kan beslutas f\u00f6r sammanslutningar, personmedlemmar och familjemedlemmar som bor i samma hush\u00e5ll som en personmedlem samtf\u00f6r st\u00f6dmedlemmar, familjemedlemmar som bor i samma hush\u00e5ll som en st\u00f6dmedlem samtf\u00f6r sammanslutningar som \u00e4r st\u00f6dmedlemmar. Dessutom kan en l\u00e4gre medlemsavgift \u00e4n den som g\u00e4llerf\u00f6r andra personmedlemmar fastst\u00e4llas f\u00f6r unga, personer som studerar p\u00e5 heltid, arbetsl\u00f6sa, personer som fullg\u00f6r bev\u00e4ringstj\u00e4nst eller civiltj\u00e4nst, personer som \u00e4r f\u00f6r\u00e4ldra- eller v\u00e5rdlediga samt f\u00f6r pensionerade personmedlemmar.<\/p>\n<h1>4. F\u00f6reningsm\u00f6ten<\/h1>\n<p>F\u00f6reningens ordinarie m\u00f6ten \u00e4r h\u00f6stm\u00f6tet och v\u00e5rm\u00f6tet. H\u00f6stm\u00f6tet h\u00e5lls senast i slutet av november och v\u00e5rm\u00f6tet senast i slutet av maj den dag som fastst\u00e4lls av styrelsen.<\/p>\n<p>Ytterligare f\u00f6reningsm\u00f6ten ska h\u00e5llas d\u00e5 styrelsen anser att det finns sk\u00e4l d\u00e4rtill eller d\u00e5 minst en tiondedel (1\/10) av f\u00f6reningens medlemmar eller 100 medlemmar skriftligen beg\u00e4r det f\u00f6r behandling av ett angivet \u00e4rende. M\u00f6tet ska sammankallas inom en m\u00e5nad fr\u00e5n det att beg\u00e4ran framst\u00e4llts.<\/p>\n<p>\u00c4renden avg\u00f6rs med enkel r\u00f6stmajoritet f\u00f6rutom vid beslut i \u00e4renden som n\u00e4mns i 12 \u00a7. Vid lika r\u00f6stetal avg\u00f6r ordf\u00f6randens r\u00f6st, utom vid val samt vid sluten omr\u00f6stning, d\u00e4r lotten avg\u00f6r. Sluten omr\u00f6stning ordnas vid personval eller d\u00e5 minst en m\u00f6tesdeltagare kr\u00e4ver det.<\/p>\n<p>Varje medlem som genomg\u00e5tt ett Prometheusl\u00e4ger eller som fyllt 15 \u00e5r har r\u00f6str\u00e4tt och en r\u00f6st vid f\u00f6reningsm\u00f6ten. R\u00f6str\u00e4tten f\u00f6ruts\u00e4tter att samtliga f\u00f6rfallna medlemsavgifter fr\u00e5n medlemstiden har betalats innan m\u00f6tet inleds.<\/p>\n<p>En medlem kan genom fullmakt befullm\u00e4ktiga en annan medlem att f\u00f6retr\u00e4da hen och anv\u00e4nda hens r\u00f6str\u00e4tt vid m\u00f6tet. Om den medlem som ska f\u00f6retr\u00e4das \u00e4r en sammanslutning kan \u00e4ven en person som inte \u00e4r medlem i f\u00f6reningen fungera som m\u00f6tesrepresentant. Varje medlem och m\u00f6tesrepresentant kan anv\u00e4nda h\u00f6gst en fullmakt av en annan medlem som ber\u00e4ttigartill omr\u00f6stning. Styrelsen kan st\u00e4lla till\u00e4ggskrav p\u00e5 inl\u00e4mningen av fullmakt f\u00f6r s\u00e4kerst\u00e4llande av fullmaktens riktighet. Dessa till\u00e4ggskrav ska n\u00e4mnas i m\u00f6teskallelsen.<\/p>\n<p>F\u00f6reningsm\u00f6ten sammankallas av styrelsen. M\u00f6teskallelsen ska tillst\u00e4llas tidigasttv\u00e5 (2) m\u00e5nader och senast tv\u00e5 veckor f\u00f6re m\u00f6tet genom att skicka kallelsen per e-post eller skriftligen till varje medlem.<\/p>\n<p>Om en f\u00f6reningsmedlem vill f\u00e5 ett \u00e4rende behandlat vid f\u00f6reningsm\u00f6tet, ska hen skriftligen meddela detta till styrelsen senast den 1 o februari f\u00f6r v\u00e5rm\u00f6tet och senast den 31 augusti f\u00f6r h\u00f6stm\u00f6tet. Beslut kan \u00e4ven fattas i andra \u00e4renden \u00e4n de som n\u00e4mns i f\u00f6redragningslistan om de med tv\u00e5 tredjedelars (2\/3) r\u00f6stmajoritet konstateras vara br\u00e5dskande med beaktande av 24 \u00a7 i f\u00f6reningslagen.<\/p>\n<p>P\u00e5 v\u00e5rm\u00f6tet<\/p>\n<ul>\n<li>framst\u00e4lls bokslut, styrelsens verksamhetsber\u00e4ttelse och revisorernas utl\u00e5tande<\/li>\n<li>beslutas om fastst\u00e4llande av bokslutet och beviljande av ansvarsfrihet f\u00f6r styrelseledam\u00f6ter och andra ansvarsskyldiga<\/li>\n<li>behandlas \u00f6vriga \u00e4renden som n\u00e4mns i m\u00f6teskallelsen och som framst\u00e4llts f\u00f6r m\u00f6tet.<\/li>\n<\/ul>\n<p>P\u00e5 h\u00f6stm\u00f6tet<\/p>\n<ul>\n<li>beslutas om storleken av medlemsavgiften f\u00f6r kommande verksamhetsperiod<\/li>\n<li>fastst\u00e4lls verksamhetsplan och budget f\u00f6r kommande verksamhetsperiod<\/li>\n<li>v\u00e4ljs \u00e5rligen ordinarie styrelseledam\u00f6ter i st\u00e4llet f\u00f6r dem som st\u00e5r i tur att avg\u00e5 och vartannat \u00e5r styrelseordf\u00f6rande<\/li>\n<li>v\u00e4ljs tv\u00e5 revisorer och tv\u00e5 revisorssuppleanter f\u00f6r ett kalender\u00e5r i s\u00e4nder<\/li>\n<li>behandlas \u00f6vriga \u00e4renden som n\u00e4mns i m\u00f6teskallelsen och som framst\u00e4llts f\u00f6r m\u00f6tet.<\/li>\n<\/ul>\n<h1>5. Styrelse<\/h1>\n<p>F\u00f6reningens styrelse best\u00e5r av ordf\u00f6randen och sex (6) ordinarie ledam\u00f6ter, som vid h\u00f6stm\u00f6tet v\u00e4ljs f\u00f6r tv\u00e5 f\u00f6ljande kalender\u00e5r. Styrelseledam\u00f6ternas mandatperiod \u00e4r tv\u00e5 {2) \u00e5r. Av ordinarie ledam\u00f6terna st\u00e5r \u00e5rligen h\u00e4lften i tur att avg\u00e5. Av ordinarie ledam\u00f6terna ska minsttre (3) vara myndiga vid ing\u00e5ngen avverksamhetsperioden.<\/p>\n<p>Omr\u00f6stningen vid generalf\u00f6rsamlingar genomf\u00f6rs genom att utnyttja teknologi som l\u00e4mpar sig f\u00f6r elektronisk omr\u00f6stning, n\u00e4r minst en r\u00f6stber\u00e4ttigad deltar i generalf\u00f6rsamlingen p\u00e5 distans.<\/p>\n<p>Styrelseordf\u00f6randen v\u00e4ljs genom majoritetsval. Om ingen kandidat f\u00e5r mer \u00e4n h\u00e4lften av de avgivna r\u00f6sterna, ska en andra omr\u00f6stning h\u00e5llas mellan de tv\u00e5 kandidater som f\u00e5tt flest r\u00f6ster.<\/p>\n<p>Styrelseledam\u00f6terna v\u00e4ljs genom s.k. acceptr\u00f6stning, som f\u00f6rr\u00e4ttas p\u00e5 f\u00f6ljande s\u00e4tt:<\/p>\n<ol>\n<li>Varje r\u00f6stande skriver p\u00e5 sin r\u00f6stsedel namnen p\u00e5 alla de kandidater som han eller hon vill underst\u00f6da vid omr\u00f6stningen;<\/li>\n<li>R\u00f6sterna f\u00f6r varje kandidat sammanr\u00e4knas. Varje namn som har skrivits p\u00e5 en r\u00f6stsedel \u00e4r v\u00e4rt en r\u00f6st. Om ett namn f\u00f6rekommer flera g\u00e5nger p\u00e5 samma sedel, ger dessa bara en r\u00f6st.<\/li>\n<li>De som f\u00e5tt flest r\u00f6ster blir valda, \u00e4nd\u00e5 s\u00e5 att 3 personer v\u00e4ljs alltid i st\u00e4llet f\u00f6r dem som st\u00e5r i tur att avg\u00e5.<\/li>\n<\/ol>\n<p>Styrelsen utser inom sig en f\u00f6rsta och andra vice ordf\u00f6rande och utn\u00e4mner andra beh\u00f6vliga funktion\u00e4rer.<\/p>\n<p>Styrelsen utser beh\u00f6vliga organ och utn\u00e4mner medlemmar till dem.<\/p>\n<p>Styrelsen b\u00f6r sammankallas minst fem (5) dygn f\u00f6re m\u00f6tet om inte sake ns br\u00e5dskande natur kr\u00e4ver annat, i vilket fall varje styrelseledamot ska ha r\u00e4tt att yttra sig s\u00e5som anges i verksamhetsreglerna.<\/p>\n<p>Styrelsen \u00e4r beslutf\u00f6r n\u00e4r ordf\u00f6randen eller minst en vice ordf\u00f6rande och minst h\u00e4lften av<br \/>\nmedlemmarna \u00e4r n\u00e4rvarande. Som styrelsens beslut g\u00e4ller den mening som meddelats av fler \u00e4n h\u00e4lften av de n\u00e4rvarande styrelseledam\u00f6terna. Vid lika r\u00f6stetal avg\u00f6r ordf\u00f6randes \u00e5sikt, vid val \u00e4nd\u00e5 lotten.<\/p>\n<p>Ordf\u00f6randens och styrelseledam\u00f6ternas mandatperiod \u00e4rtv\u00e5 (2) kalender\u00e5r. Om en \u00e4ndring i styrelsens storlek sker, fastst\u00e4ller generalf\u00f6rsamlingen \u00f6verg\u00e5ngstidtabellen f\u00f6r \u00e4ndringen av styrelsens storlek.<\/p>\n<p>Styrelsen har som uppgift att<\/p>\n<ol>\n<li>styra och \u00f6vervaka f\u00f6reningens verksamhet<\/li>\n<li>s\u00f6rja f\u00f6r f\u00f6reningens ekonomi och svara f\u00f6r sk\u00f6tseln av f\u00f6reningens egendom<\/li>\n<li>bereda och sammankalla f\u00f6reningsm\u00f6tena<\/li>\n<li>s\u00f6rja f\u00f6r verkst\u00e4llandet av f\u00f6reningsm\u00f6tenas beslut<\/li>\n<li>godk\u00e4nna f\u00f6reningens medlemmar och f\u00f6ra en medlemsf\u00f6rteckning<\/li>\n<li>bereda de verksamhetsregler som n\u00e4mns i dessa stadgarf\u00f6r godk\u00e4nnande av f\u00f6reningsm\u00f6tet<\/li>\n<li>utse beh\u00f6vliga funktion\u00e4rer f\u00f6r f\u00f6reningen.<\/li>\n<\/ol>\n<p>Ordf\u00f6randen har som uppgift att<\/p>\n<ol>\n<li>leda f\u00f6reningens verksamhet<\/li>\n<li>sammankalla styrelsens m\u00f6ten och f\u00f6ra ordet vid dem<\/li>\n<li>f\u00f6retr\u00e4da f\u00f6reningen i enlighet med styrelsens beslut och verksamhetsreglerna.<\/li>\n<\/ol>\n<h1>6. Funktion\u00e4rer<\/h1>\n<p>F\u00f6r sk\u00f6tseln av praktiska \u00e4renden har f\u00f6reningen ett kansli med beh\u00f6vlig personal.<\/p>\n<h1>7. Verksamhetsregler<\/h1>\n<p>N\u00e4rmare regler kan fastst\u00e4lls i verksamhetsreglerna. F\u00f6reningsm\u00f6tet fattar beslut om<br \/>\nverksamhetsreglerna.<\/p>\n<h1>8. Ekonomi<\/h1>\n<p>F\u00f6reningens r\u00e4kenskapsperiod \u00e4r ett kalender\u00e5r.<\/p>\n<p>Bokslutet med tillh\u00f6rande handlingar ska \u00f6verl\u00e4mnas till revisorerna senast en m\u00e5nad f\u00f6re v\u00e5rm\u00f6tet. Revisorerna ska \u00f6verl\u00e4mna sitt utl\u00e5tande till styrelsen senast tv\u00e5 veckor f\u00f6re v\u00e5rm\u00f6tet.<\/p>\n<h1>9. Tecknande av f\u00f6reningens namn<\/h1>\n<p>F\u00f6reningens namn f\u00e5r tecknas av ordf\u00f6randen, den f\u00f6rsta vice ordf\u00f6randen, den andra vice<br \/>\nordf\u00f6randen eller verksamhetsledaren, tv\u00e5 tillsammans. D\u00e4rtill kan styrelsen bevilja n\u00e5gon personlig r\u00e4tt att teckna f\u00f6reningens namn ensam.<\/p>\n<h1>10. Stadge\u00e4ndring och uppl\u00f6sning av f\u00f6reningen<\/h1>\n<p>Beslut som g\u00e4ller \u00e4ndring av dessa stadgar eller uppl\u00f6sning av f\u00f6reningen godk\u00e4nns, om f\u00f6rslaget till \u00e4ndring eller uppl\u00f6sning som n\u00e4mnts i m\u00f6teskallelsen vid en omr\u00f6stning under m\u00f6tet har erh\u00e5llit tre fj\u00e4rdedelar (3\/4) av r\u00f6sterna.<\/p>\n<p>Uppl\u00f6sning av f\u00f6reningen f\u00f6ruts\u00e4tter att beslutet fattats vid tv\u00e5 p\u00e5 varandra f\u00f6ljande medlemsm\u00f6ten. Minst en (1) m\u00e5nad skall f\u00f6rflyta mellan m\u00f6tena.<\/p>\n<p>M\u00f6tet som beslutar om uppl\u00f6sning av f\u00f6reningen ska ocks\u00e5 besluta om \u00f6verl\u00e5telse av f\u00f6reningens kvarvarande tillg\u00e5ngar till en s\u00e5dan verksamhet som fr\u00e4mjar dess m\u00e5l som anges i 2 \u00a7 i dessa stadgar.<\/p>\n        <\/div>\n    <\/div>\n<\/section>\n                <\/div>\n            <\/div>\n            <\/div>\n<\/section>","protected":false},"excerpt":{"rendered":"","protected":false},"author":7,"featured_media":0,"parent":20374,"menu_order":4,"comment_status":"closed","ping_status":"closed","template":"","meta":{"_acf_changed":false,"inline_featured_image":false,"footnotes":""},"sivun_tyyppi":[65],"class_list":["post-28047","page","type-page","status-publish","hentry","sivun_tyyppi-julkinen-sivu"],"acf":[],"_links":{"self":[{"href":"https:\/\/www.protu.fi\/sv\/wp-json\/wp\/v2\/pages\/28047","targetHints":{"allow":["GET"]}}],"collection":[{"href":"https:\/\/www.protu.fi\/sv\/wp-json\/wp\/v2\/pages"}],"about":[{"href":"https:\/\/www.protu.fi\/sv\/wp-json\/wp\/v2\/types\/page"}],"author":[{"embeddable":true,"href":"https:\/\/www.protu.fi\/sv\/wp-json\/wp\/v2\/users\/7"}],"replies":[{"embeddable":true,"href":"https:\/\/www.protu.fi\/sv\/wp-json\/wp\/v2\/comments?post=28047"}],"version-history":[{"count":6,"href":"https:\/\/www.protu.fi\/sv\/wp-json\/wp\/v2\/pages\/28047\/revisions"}],"predecessor-version":[{"id":86877,"href":"https:\/\/www.protu.fi\/sv\/wp-json\/wp\/v2\/pages\/28047\/revisions\/86877"}],"up":[{"embeddable":true,"href":"https:\/\/www.protu.fi\/sv\/wp-json\/wp\/v2\/pages\/20374"}],"wp:attachment":[{"href":"https:\/\/www.protu.fi\/sv\/wp-json\/wp\/v2\/media?parent=28047"}],"wp:term":[{"taxonomy":"sivun_tyyppi","embeddable":true,"href":"https:\/\/www.protu.fi\/sv\/wp-json\/wp\/v2\/sivun_tyyppi?post=28047"}],"curies":[{"name":"wp","href":"https:\/\/api.w.org\/{rel}","templated":true}]}}