{"id":28143,"date":"2023-02-27T18:40:37","date_gmt":"2023-02-27T16:40:37","guid":{"rendered":"https:\/\/uusi.protu.fi\/?page_id=28143"},"modified":"2023-02-27T18:40:38","modified_gmt":"2023-02-27T16:40:38","slug":"att-bli-krisjour","status":"publish","type":"page","link":"https:\/\/www.protu.fi\/sv\/med-i-verksamheten\/till-andra-aktiva-uppgifter\/att-bli-krisjour\/","title":{"rendered":"Att bli krisjour"},"content":{"rendered":"<section class=\"block-container vaalea-tausta\">\n    <div class=\"container-fluid\">\n                    <div class=\"row justify-content-center\">\n                <div class=\"col-lg-11\">\n                    \n\n<div class=\"wp-block-buttons is-layout-flex wp-block-buttons-is-layout-flex\">\n<div class=\"wp-block-button\"><a class=\"wp-block-button__link wp-element-button\" href=\"\/aktiiviksi-haku\/?kohde=kriisi\">Ans\u00f6k om att bli KRISJOUR h\u00e4r<\/a><\/div>\n<\/div>\n\n\n\n<style>\n\n<\/style>\n\n<section class=\"kapea-teksti\">\n    <div class=\"row\">\n        <div class=\"col-lg-9\">\n            <p>Kan du erbjuda dig att st\u00f6dja sommarl\u00e4gerteamen i rollen som frivillig krisjour? Som krisjour ger du r\u00e5d till team per telefon i akuta krissituationer och skickar \u00e4rendet vidare till den ansvarige. Du \u00e4r tillg\u00e4nglig f\u00f6r teamen dygnet runt, men eftersom Protus kansli tar emot samtal under kansliets \u00f6ppettider inneb\u00e4r det praktiskt taget kv\u00e4llar och helger.<\/p>\n<p>Vi kr\u00e4ver att krisjourer har kunskap om Protus organisation, att de \u00e4r myndiga, att de f\u00f6rbinder sig till sekretess och att de kan hantera och reglera k\u00e4nslor. Kunskaper om social- och h\u00e4lsolagstiftning \u00e4r meriterande, men inte obligatoriskt p\u00e5 f\u00f6rhand. N\u00e4r det g\u00e4ller uppgiften kan vi \u00e4ven introducera dig till detta i v\u00e4sentliga delar. Vi s\u00f6ker personer som kan engagera sig i uppdraget under minst 1\u20132 veckor under sommaren som krisjourer. Tj\u00e4nsten kan \u00e4ven g\u00e4rna tas emot f\u00f6r l\u00e4ngre tid.<\/p>\n<p>En noggrann orientering ges till uppgiften. Protus kansli st\u00f6djer uppdraget. Krisjour g\u00e4ller endast akuta \u00e4renden, icke akuta \u00e4renden kommer att hanteras av teamens allm\u00e4nna st\u00f6dpersonal.<\/p>\n        <\/div>\n    <\/div>\n<\/section>\n\n\n<style>\n    .sisalto {\n        margin-bottom: 20px;\n    }\n    .sisalto .image-col img {\n        max-width: 100%;\n    }\n    .sisalto .image-col img.oikea {\n        padding-left: 20px;\n    }\n    .sisalto .image-col img.vasen {\n        padding-right: 20px;\n        margin-bottom: 30px;\n    }\n    .sisalto h2, .sisalto h3 {\n        margin: 10px 0 20px;\n    }\n<\/style>\n\n<section class=\"sisalto\">\n    <div class=\"row justify-content-center\">\n                    <div class=\"col-lg-6 text-link\">\n                            <\/div>\n            <div class=\"col-lg-6 image-col\">\n                            <\/div> \n            <\/div>\n<\/section> \n                <\/div>\n            <\/div>\n            <\/div>\n<\/section>","protected":false},"excerpt":{"rendered":"","protected":false},"author":89,"featured_media":0,"parent":21299,"menu_order":0,"comment_status":"closed","ping_status":"closed","template":"","meta":{"_acf_changed":false,"inline_featured_image":false,"footnotes":""},"sivun_tyyppi":[65],"class_list":["post-28143","page","type-page","status-publish","hentry","sivun_tyyppi-julkinen-sivu"],"acf":[],"_links":{"self":[{"href":"https:\/\/www.protu.fi\/sv\/wp-json\/wp\/v2\/pages\/28143","targetHints":{"allow":["GET"]}}],"collection":[{"href":"https:\/\/www.protu.fi\/sv\/wp-json\/wp\/v2\/pages"}],"about":[{"href":"https:\/\/www.protu.fi\/sv\/wp-json\/wp\/v2\/types\/page"}],"author":[{"embeddable":true,"href":"https:\/\/www.protu.fi\/sv\/wp-json\/wp\/v2\/users\/89"}],"replies":[{"embeddable":true,"href":"https:\/\/www.protu.fi\/sv\/wp-json\/wp\/v2\/comments?post=28143"}],"version-history":[{"count":2,"href":"https:\/\/www.protu.fi\/sv\/wp-json\/wp\/v2\/pages\/28143\/revisions"}],"predecessor-version":[{"id":28145,"href":"https:\/\/www.protu.fi\/sv\/wp-json\/wp\/v2\/pages\/28143\/revisions\/28145"}],"up":[{"embeddable":true,"href":"https:\/\/www.protu.fi\/sv\/wp-json\/wp\/v2\/pages\/21299"}],"wp:attachment":[{"href":"https:\/\/www.protu.fi\/sv\/wp-json\/wp\/v2\/media?parent=28143"}],"wp:term":[{"taxonomy":"sivun_tyyppi","embeddable":true,"href":"https:\/\/www.protu.fi\/sv\/wp-json\/wp\/v2\/sivun_tyyppi?post=28143"}],"curies":[{"name":"wp","href":"https:\/\/api.w.org\/{rel}","templated":true}]}}