{"id":28219,"date":"2023-02-28T11:12:57","date_gmt":"2023-02-28T09:12:57","guid":{"rendered":"https:\/\/uusi.protu.fi\/?page_id=28219"},"modified":"2023-10-10T07:52:35","modified_gmt":"2023-10-10T04:52:35","slug":"donera","status":"publish","type":"page","link":"https:\/\/www.protu.fi\/sv\/donera\/","title":{"rendered":"Donera"},"content":{"rendered":"<section class=\"block-container \">\n    <div class=\"container-fluid\">\n                    <div class=\"row justify-content-center\">\n                <div class=\"col-lg-11\">\n                    \n\n<style>\n\n<\/style>\n\n<section class=\"kapea-teksti\">\n    <div class=\"row\">\n        <div class=\"col-lg-9\">\n            <p>Tror du att v\u00e4rlden beh\u00f6ver fler sj\u00e4lvst\u00e4ndigt och kritiskt t\u00e4nkande m\u00e4nniskor, unga och vuxna? G\u00f6r en donation till Protu. Med din donation kommer vi att ge unga m\u00e4nniskor en minnesv\u00e4rd l\u00e4gerupplevelse och tillsammans kommer vi att ge en gnista till t\u00e4nkande.<\/p>\n<p>Protul\u00e4ger \u00e4r nu mer popul\u00e4ra \u00e4n n\u00e5gonsin. Platserna tas ur kontroll och efterfr\u00e5gan skulle vara mycket mer \u00e4n vad vi kan anordna l\u00e4ger f\u00f6r.<\/p>\n<p>Vi vill ut\u00f6ka v\u00e5r verksamhet s\u00e5 att vi kan erbjuda en campingplats till alla som vill ha det. Din donation hj\u00e4lper oss att v\u00e4xa.<\/p>\n<p>Du kan donera genom att g\u00f6ra en bank\u00f6verf\u00f6ring FI51 1745 3000 0978 83 (Prometheus-l\u00e4grets st\u00f6d rf). Varje donation \u00e4r viktig f\u00f6r oss.<\/p>\n<p>Polisstyrelsens uppb\u00f6rdstillst\u00e5nd nr RA\/2022\/924.<\/p>\n        <\/div>\n    <\/div>\n<\/section>\n                <\/div>\n            <\/div>\n            <\/div>\n<\/section>","protected":false},"excerpt":{"rendered":"","protected":false},"author":89,"featured_media":0,"parent":0,"menu_order":0,"comment_status":"closed","ping_status":"closed","template":"","meta":{"_acf_changed":false,"inline_featured_image":false,"footnotes":""},"sivun_tyyppi":[],"class_list":["post-28219","page","type-page","status-publish","hentry"],"acf":[],"_links":{"self":[{"href":"https:\/\/www.protu.fi\/sv\/wp-json\/wp\/v2\/pages\/28219","targetHints":{"allow":["GET"]}}],"collection":[{"href":"https:\/\/www.protu.fi\/sv\/wp-json\/wp\/v2\/pages"}],"about":[{"href":"https:\/\/www.protu.fi\/sv\/wp-json\/wp\/v2\/types\/page"}],"author":[{"embeddable":true,"href":"https:\/\/www.protu.fi\/sv\/wp-json\/wp\/v2\/users\/89"}],"replies":[{"embeddable":true,"href":"https:\/\/www.protu.fi\/sv\/wp-json\/wp\/v2\/comments?post=28219"}],"version-history":[{"count":9,"href":"https:\/\/www.protu.fi\/sv\/wp-json\/wp\/v2\/pages\/28219\/revisions"}],"predecessor-version":[{"id":49424,"href":"https:\/\/www.protu.fi\/sv\/wp-json\/wp\/v2\/pages\/28219\/revisions\/49424"}],"wp:attachment":[{"href":"https:\/\/www.protu.fi\/sv\/wp-json\/wp\/v2\/media?parent=28219"}],"wp:term":[{"taxonomy":"sivun_tyyppi","embeddable":true,"href":"https:\/\/www.protu.fi\/sv\/wp-json\/wp\/v2\/sivun_tyyppi?post=28219"}],"curies":[{"name":"wp","href":"https:\/\/api.w.org\/{rel}","templated":true}]}}