{"id":29205,"date":"2023-03-06T11:19:18","date_gmt":"2023-03-06T09:19:18","guid":{"rendered":"https:\/\/www.protu.fi\/?page_id=29205"},"modified":"2023-03-06T11:19:19","modified_gmt":"2023-03-06T09:19:19","slug":"tietosuojaseloste","status":"publish","type":"page","link":"https:\/\/www.protu.fi\/sv\/tietosuojaseloste\/","title":{"rendered":"Tietosuojaseloste"},"content":{"rendered":"<section class=\"block-container vaalea-tausta\">\n    <div class=\"container-fluid\">\n                    <div class=\"row justify-content-center\">\n                <div class=\"col-lg-11\">\n                    \n\n<style>\n\n<\/style>\n\n<section class=\"kapea-teksti\">\n    <div class=\"row\">\n        <div class=\"col-lg-9\">\n            <p><em>Tietosuojaselosteen uudistaminen on ty\u00f6n alla. P\u00e4ivitetty tietosuojaseloste julkaistaan kev\u00e4\u00e4ll\u00e4 2023.<\/em><\/p>\n<p>T\u00e4m\u00e4 tietosuojalauseke kuvaa sit\u00e4, miten Prometheus-leirin tuki ry ker\u00e4\u00e4 ja k\u00e4sittelee henkil\u00f6tietoja. Suhtaudumme vakavasti kaikkien k\u00e4ytt\u00e4jiemme henkil\u00f6tietoihin ja toimimme aktiivisesti pit\u00e4\u00e4ksemme tietosi turvassa ja tiedon ker\u00e4\u00e4misen ja k\u00e4yt\u00f6n l\u00e4pin\u00e4kyv\u00e4n\u00e4.<\/p>\n<h2 class=\"western\">Mit\u00e4 tietoja ker\u00e4\u00e4mme?<\/h2>\n<p>Tiedot, jotka olet antanut meille kirjautuessasi sivustolle tai k\u00e4ytt\u00e4ess\u00e4si palveluitamme kuten<\/p>\n<ul>\n<li>nimesi, syntym\u00e4aikasi, yhteystietosi, \u00e4idinkielesi ja kielitaitosi<\/li>\n<li>huoltajasi nimi ja h\u00e4nen yhteystiedot, jos olet alle 18-vuotias<\/li>\n<li>tiedot mahdollisesta j\u00e4senyydest\u00e4si ja luottamusteht\u00e4vist\u00e4si j\u00e4rjest\u00f6ss\u00e4mme<\/li>\n<li>vastaukset jotka olet antanut kyselyihimme<\/li>\n<li>muut tiedot joita olet sy\u00f6tt\u00e4nyt osallistuaksesi toimintaamme tai ostaaksesi meilt\u00e4 palveluja. Esimerkiksi leirille ilmoittautumisen yhteydess\u00e4 kysymme tietoja siit\u00e4 mit\u00e4 koulua k\u00e4yt ja muista toiveistasi leirin suhteen.<\/li>\n<\/ul>\n<p>&nbsp;<\/p>\n<p>Ker\u00e4\u00e4mme passiivisesti tietoa sinusta k\u00e4ytt\u00e4ess\u00e4si sivujamme, mm.<\/p>\n<ul>\n<li>sivuille tallentamasi tekstit ja tiedostot<\/li>\n<li>tietokone- ja ohjelmistotiedot, kuten uniikki verkkotunnuksesi, IP-osoitteesi ja k\u00e4ytt\u00e4m\u00e4si verkkoselain<\/li>\n<li>k\u00e4ytt\u00e4j\u00e4tilisi luontiaika ja sen viimeisin k\u00e4ytt\u00f6hetki<\/li>\n<\/ul>\n<p>&nbsp;<\/p>\n<p>T\u00e4m\u00e4n lis\u00e4ksi ker\u00e4\u00e4mme sinusta tietoja osallistuessasi toimintaamme. Esimerkiksi koulutuksissamme ker\u00e4\u00e4mme tietoa niist\u00e4, jotka haluavat toimia leirin tai koulutusten vet\u00e4jin\u00e4 tai muissa vastuuteht\u00e4viss\u00e4. N\u00e4m\u00e4 tiedot ovat sek\u00e4 sinun itsesi meille antamia ett\u00e4 tietyiss\u00e4 tapauksissa my\u00f6s jonkun toisen sinusta havainnoimalla tekemi\u00e4 arviointeja.\u00a0Ker\u00e4\u00e4mme n\u00e4it\u00e4 tietoja varmistaaksemme, ett\u00e4 saamme mahdollisimman hyvi\u00e4 ja toimivia vet\u00e4j\u00e4tiimej\u00e4 toimintaamme. Kun osallistut toimintaamme, jossa t\u00e4llaista tietoa ker\u00e4t\u00e4\u00e4n, kerromme sinulle aina erikseen etuk\u00e4teen, mit\u00e4 tietoa sinusta ker\u00e4\u00e4mme, kuka sit\u00e4 k\u00e4sittelee ja kuinka kauan sit\u00e4 s\u00e4ilytet\u00e4\u00e4n.<\/p>\n<p>Mik\u00e4li haet leiriohjaajaksi, Protu saattaa my\u00f6s pyyt\u00e4\u00e4 sinua toimittamaan rikosrekisteriotteesi lasten kanssa toimivien vapaaehtoisten rikostaustan selvitt\u00e4mist\u00e4 koskevan lain mukaisesti. Rikosrekisteriotteen sis\u00e4lt\u00f6\u00e4 ei tallenneta Protun j\u00e4rjestelmiin, ainoastaan tieto sen tarkistamisesta ja sen perusteella tehdyst\u00e4 p\u00e4\u00e4t\u00f6ksest\u00e4.<\/p>\n<p>K\u00e4yt\u00e4mme tarvittaessa postin osoitetietopalvelua pit\u00e4m\u00e4\u00e4n osoitteesi ajan tasalla. Emme ker\u00e4\u00e4 muilta kolmansilta osapuolilta tietoja sinusta.<\/p>\n<p>Osan henkil\u00f6tiedoistasi antaminen on sinulle pakollista, jos haluat osallistua toimintaamme, ja osan vapaaehtoista.<\/p>\n<h2 class=\"western\">Miksi ker\u00e4\u00e4mme tietoja?<\/h2>\n<p>Ker\u00e4\u00e4mme tietoja sinusta voidaksemme tarjota sinulle sinulle yhdistyksemme palveluita, joko asiakkuuteesi tai Prometheus-leirin tuki ry:n j\u00e4senyyteen liittyen. Lis\u00e4ksi k\u00e4yt\u00e4mme tietojasi huolehtiaksemme yhdistyksemme asianmukaisesta hallinnosta sek\u00e4 kehitt\u00e4\u00e4ksemme omaa toimintaamme, esimerkiksi laatimalla tilastoja toimintaamme osallistuvista.<\/p>\n<p>Sivujemme ja rekisterimme ensisijaiset k\u00e4ytt\u00f6tarkoitukset ovat leirien ja muiden tapahtumien hallinnointi sek\u00e4 j\u00e4senist\u00f6n palveleminen. Ker\u00e4\u00e4mme esimerkiksi ruokavaliotietoja, jotta voimme olla varmoja, ett\u00e4 saat aina turvallista ruokaa osallistuessasi tapahtumiimme. Kysymme my\u00f6s mahdollisista sairauksistasi, jotka voivat vaikuttaa esimerkiksi leiripaikan valintaan tai omaan viihtyvyyteesi leirill\u00e4si.<\/p>\n<p>Suhtaudumme n\u00e4ihin tietoihin vakavasti emmek\u00e4 k\u00e4yt\u00e4 tietoa muuhun kuin tapahtumien vet\u00e4jien apuna ja leiripaikan soveltuvuuden varmistamiseen. Mik\u00e4li emme n\u00e4it\u00e4 tietoja mielest\u00e4si sinusta tarvitse tai ne eiv\u00e4t ole en\u00e4\u00e4 ajankohtaisia, voit j\u00e4tt\u00e4\u00e4 tiedot kertomatta tai poistaa jo kertaalleen sy\u00f6tt\u00e4m\u00e4si tiedot.<\/p>\n<p>Vaadimme sivustomme alaik\u00e4isilt\u00e4 k\u00e4ytt\u00e4jilt\u00e4 huoltajan yhteystietoja varmistuaksemme, ett\u00e4 heill\u00e4 on huoltajan lupa osallistua toimintaamme, ja jotta esimerkiksi onnettomuuden sattuessa saamme varmasti yhteyden osallistujan huoltajaan. L\u00e4het\u00e4mme esimerkiksi leirin ilmoittautumistiedot aina my\u00f6s huoltajan s\u00e4hk\u00f6postiosoitteeseen.<\/p>\n<p>Lis\u00e4ksi ker\u00e4\u00e4mme tietoja siten kuin se on tarpeellista lakis\u00e4\u00e4teisen velvoitteiden tai viranomaisp\u00e4\u00e4t\u00f6ksien noudattamiseksi. My\u00f6s osa rahoittajistamme vaatii meilt\u00e4 tilastotietoa esimerkiksi toimintaamme osallistuvien ja j\u00e4sentemme ik\u00e4- ja sukupuolijakaumasta.<\/p>\n<p>Tietoa ker\u00e4t\u00e4\u00e4n my\u00f6s analysointiin ja tilastollisiin tarkoituksiin parantaaksemme palveluitamme. Lokitietoja esimerkiksi virhetilanteista ker\u00e4\u00e4mme pit\u00e4\u00e4ksemme tietosi turvassa ja yll\u00e4pit\u00e4\u00e4ksemme sivuston toimintaa.<\/p>\n<p>&nbsp;<\/p>\n<h2 class=\"western\">Kuka tietojasi k\u00e4sittelee?<\/h2>\n<p>Pyrimme k\u00e4sittelem\u00e4\u00e4n tietojasi siten, ett\u00e4 vain ne tiedot, joita kulloinkin tarvitaan n\u00e4kyv\u00e4t tietojen k\u00e4sittelij\u00e4lle. Kun esimerkiksi osallistut tapahtumiimme, tapahtumien vet\u00e4j\u00e4t n\u00e4kev\u00e4t nimesi, yhteystietosi, ilmoittautumistietosi kyseiseen tapahtumaan sek\u00e4 mahdolliset muut huomioitavat asiat. Tapahtuman kokit n\u00e4kev\u00e4t nimesi, yhteystietosi ja ruokavaliosi, jotta voivat ottaa yhteytt\u00e4 mahdollisten v\u00e4\u00e4rinymm\u00e4rrysten v\u00e4ltt\u00e4miseksi erikoisruokavalioihin liittyen.<\/p>\n<p>Sivustollamme on k\u00e4yt\u00f6ss\u00e4 monitasoinen k\u00e4ytt\u00f6oikeusj\u00e4rjestelm\u00e4. Jos jonkun vapaaehtoisen t\u00e4ytyy esimerkiksi pysty\u00e4 tavoittamaan kuka tahansa aktiivi, h\u00e4n saattaa n\u00e4hd\u00e4 puhelinnumerosi ja s\u00e4hk\u00f6postiosoitteesi mutta ei kuitenkaan kotiosoitettasi.<\/p>\n<p>Sivujen tekniset yll\u00e4pit\u00e4j\u00e4t ja toimiston ty\u00f6ntekij\u00e4t voivat k\u00e4sitell\u00e4 kaikkia sivuston tietoja. My\u00f6s\u00a0j\u00e4rjest\u00f6n hallinnolla\u00a0on laajat lukuoikeudet j\u00e4senist\u00f6n tietoihin.<\/p>\n<p>J\u00e4rjest\u00f6mme toiminta perustuu vapaaehtoisiin, joille olemme jakaneet j\u00e4rjest\u00f6ss\u00e4 vastuuta erilaisista toiminnoista jaostojen kautta. Esimerkiksi leirijaostolla on oikeuksia n\u00e4hd\u00e4 leirien ilmoittautumistietoja, jotta he voivat reagoida mahdollisiin leiripaikkojen peruuntumisiin ja hallita leirien ilmoittautumisen sujumista. Koulutusjaosto valitsee kouluttajat ja k\u00e4sittelee kouluttajiin liittyv\u00e4\u00e4 tietoa. Vain rekrytointiryhm\u00e4 k\u00e4sittelee leirin ja koulutusten vet\u00e4jist\u00e4 ker\u00e4tty\u00e4 tiimivet\u00e4jyyteen liittyv\u00e4\u00e4 tietoa muodostaakseen heist\u00e4 vet\u00e4j\u00e4tiimej\u00e4 kes\u00e4n leireille. Prometheus-leirin tuki ry:n j\u00e4senist\u00f6n valitsema puheenjohtaja ja hallitus valitsevat kaikki muut henkil\u00f6t luottamusteht\u00e4viin niin jaostoissa kuin toimielimiss\u00e4.<\/p>\n<p>Saatamme k\u00e4ytt\u00e4\u00e4 kolmansina osapuolina toimivia tahoja erilaisten palveluiden kuten it-palveluiden (mukaan lukien tietojen taltiointia) ja maksutapahtumiin liittyvien palveluiden toteuttamiseen. N\u00e4it\u00e4 teht\u00e4vi\u00e4 suorittaessaan mainitut kolmannet osapuolet voivat saada p\u00e4\u00e4syn henkil\u00f6tietoihisi, mutta he ovat velvoitettuja k\u00e4sittelem\u00e4\u00e4n niit\u00e4 ainoastaan meid\u00e4n puolestamme ja meid\u00e4n ohjeidemme mukaisesti.<\/p>\n<h2 class=\"western\">Miten s\u00e4ilyt\u00e4mme tietoja ja kuinka kauan?<\/h2>\n<p>Tietojen s\u00e4ilytt\u00e4miseen saatetaan k\u00e4ytt\u00e4\u00e4\u00a0ulkopuolisia palveluita kuten Google-palvelut, joiden yll\u00e4pit\u00e4m\u00e4t palvelimet saattavat sijaita fyysisesti EU- ja ETA-alueen ulkopuolella.<\/p>\n<p>S\u00e4ilyt\u00e4mme tietojasi vain siihen saakka kunnes emme en\u00e4\u00e4 tarvitse niit\u00e4. K\u00e4ytt\u00e4j\u00e4tietoja s\u00e4ilyt\u00e4mme enint\u00e4\u00e4n seuraavan vuoden loppuun tilin poistamisesta, jos et ole osallistunut leireillemme tai ollut j\u00e4senemme. Henkil\u00f6tietoja sis\u00e4lt\u00e4vi\u00e4 vastauksia kyselyihin ja tiimin vet\u00e4jist\u00e4 ker\u00e4tty\u00e4 tietoa s\u00e4ilyt\u00e4mme enint\u00e4\u00e4n kaksi vuotta, mutta tuhoamme tiedot joka tapauksessa mahdollisimman nopeasti, kun tietoja ei en\u00e4\u00e4 tarvita, useimmiten jo samana vuonna.<\/p>\n<p>Anonymisoituja tietoja s\u00e4ilyt\u00e4mme tarpeen mukaan toistaiseksi. Anonymisoiduissa tiedoissa ei ole mukana mit\u00e4\u00e4n henkil\u00f6tietoja, joista vastaajan voisi tunnistaa, mutta niiden perusteella voimme tilastoida ja tarkkailla toimintamme kehittymist\u00e4. Ilmoittautumis- ja j\u00e4senyystietosi poistetaan\u00a0tai anonymisoidaan viimeist\u00e4\u00e4n 10 vuoden j\u00e4lkeen, jos et en\u00e4\u00e4 osallistu toimintaamme. Leiri-ilmoittautumisen yhteydess\u00e4 antamasi lis\u00e4tiedot poistetaan, kun niit\u00e4 ei en\u00e4\u00e4 tarvita, viimeist\u00e4\u00e4n vuoden sis\u00e4ll\u00e4 leirist\u00e4.<\/p>\n<h2 class=\"western\">Miten p\u00e4\u00e4sen katsomaan tietojani?<\/h2>\n<p>Sinulla on oikeus p\u00e4\u00e4st\u00e4 katsomaan kaikkia henkil\u00f6tietojasi, jotka olemme sinusta ker\u00e4nneet. Lis\u00e4ksi sinulla on oikeus poistaa henkil\u00f6tiedot silt\u00e4 osin, kun niit\u00e4 ei tarvita, sek\u00e4 oikeus korjata tietosi.<\/p>\n<p>Suurinta osaa henkil\u00f6tiedoistasi voit katsoa ja muokata profiilisivusi kautta. Voit muokata sinulle l\u00e4hetett\u00e4vien s\u00e4hk\u00f6postiviestien sis\u00e4lt\u00f6rajoituksia samalla sivulla.<\/p>\n<p>Mik\u00e4li haluat n\u00e4hd\u00e4 tai muokata vastauksiasi, joita olet antanut kyselyihin, kuten leiritiimil\u00e4isten aikataulukyselyihin tai palautelomakkeisiin, voit useimmiten n\u00e4hd\u00e4 omat vastauksesi samalta sivulta, jossa olet ne t\u00e4ytt\u00e4nyt. Vaihtoehtoisesti sivulla kerrotaan, kuka tietoja k\u00e4sittelee, jolloin voit ottaa suoraan yhteytt\u00e4 tiedon ker\u00e4\u00e4j\u00e4\u00e4n. Jos et l\u00f6yd\u00e4 oikeaa lomaketta, voit aina ottaa yhteytt\u00e4 toimistoomme, joka voi auttaa sinua n\u00e4kem\u00e4\u00e4n omat tietosi, korjaamaan niit\u00e4 tai poistamaan ne.<\/p>\n<p>Mik\u00e4li haluat n\u00e4hd\u00e4 kaikki tietosi, joita meid\u00e4n j\u00e4rjestelm\u00e4ss\u00e4mme sinusta on ker\u00e4ttyn\u00e4, otathan yhteytt\u00e4 toimistoomme. Yhteystiedot ovat sivun alalaidassa.<\/p>\n<h2 class=\"western\">Miten voin poistaa tietojani?<\/h2>\n<p>Mik\u00e4li haluat poistaa kaikki tietosi, ota yhteytt\u00e4 toimistoomme. Mik\u00e4li olet Protun j\u00e4sen, pit\u00e4\u00e4 sinun ensin lopettaa j\u00e4senyytesi ilmoittamalla siit\u00e4 s\u00e4hk\u00f6postitse\u00a0<a href=\"mailto:protu@protu.fi\">protu@protu.fi<\/a>\u00a0-osoitteeseen Protun toimistolle.<\/p>\n<p>Perhej\u00e4senyytt\u00e4 lopetettaessa tulee ilmoittaa, onko kyseess\u00e4 j\u00e4senyyden muuttaminen yksil\u00f6j\u00e4senyydeksi ja kertoa henkil\u00f6t, jotka eroavat ja kuka j\u00e4\u00e4 j\u00e4seneksi \u00a0&#8211; vai lopetetaanko kaikkien j\u00e4senyys. J\u00e4senmaksun maksamatta j\u00e4tt\u00e4minen ei riit\u00e4 yhdistyksest\u00e4 eroamiseen.<\/p>\n<p>Huomaa, ett\u00e4 j\u00e4senyyden lopettaminen ei automaattisesti tarkoita my\u00f6s tietojesi poistamista j\u00e4rjestelmist\u00e4mme. Jo eronneiden j\u00e4senten tiedot poistetaan kuitenkin viimeist\u00e4\u00e4n siin\u00e4 vaiheessa, kun j\u00e4senyydest\u00e4si tai viimeisimm\u00e4st\u00e4 osallistumisestasi tapahtumiimme on kulunut kymmenen vuotta.<\/p>\n<h2 class=\"western\">Miten erityisesti alaik\u00e4iset?<\/h2>\n<p>Suhtaudumme vakavasti lasten ja nuorten yksityisyyden suojeluun ja vaadimme kaikilta alaik\u00e4isilt\u00e4 huoltajan suostumuksen toimintaamme osallistumisesta. Kaikilta alaik\u00e4isilt\u00e4 toimintaamme osallistuvilta vaaditaan huoltajan yhteystiedot k\u00e4ytt\u00e4j\u00e4tietoihin huoltajan suostumuksen vakuuttamiseksi sek\u00e4 mahdollisten h\u00e4t\u00e4tilanteiden varalta.<\/p>\n<p>Kun toimintaamme osallistuva henkil\u00f6 t\u00e4ytt\u00e4\u00e4 18 vuotta, h\u00e4nell\u00e4 on oikeus poistaa huoltajansa nimi ja yhteystiedot k\u00e4ytt\u00e4j\u00e4profiilistaan.<\/p>\n<h2 class=\"western\">Lis\u00e4tietoja ja yhteystietomme<\/h2>\n<p>Mik\u00e4li sinulla on kysytt\u00e4v\u00e4\u00e4 tietosuoja-asioihin liittyen, otathan yhteytt\u00e4 meihin. Yhteystiedot l\u00f6yd\u00e4t sivun alalaidasta.<\/p>\n        <\/div>\n    <\/div>\n<\/section>\n                <\/div>\n            <\/div>\n            <\/div>\n<\/section>","protected":false},"excerpt":{"rendered":"","protected":false},"author":89,"featured_media":0,"parent":0,"menu_order":0,"comment_status":"closed","ping_status":"closed","template":"","meta":{"_acf_changed":false,"inline_featured_image":false,"footnotes":""},"sivun_tyyppi":[65],"class_list":["post-29205","page","type-page","status-publish","hentry","sivun_tyyppi-julkinen-sivu"],"acf":[],"_links":{"self":[{"href":"https:\/\/www.protu.fi\/sv\/wp-json\/wp\/v2\/pages\/29205","targetHints":{"allow":["GET"]}}],"collection":[{"href":"https:\/\/www.protu.fi\/sv\/wp-json\/wp\/v2\/pages"}],"about":[{"href":"https:\/\/www.protu.fi\/sv\/wp-json\/wp\/v2\/types\/page"}],"author":[{"embeddable":true,"href":"https:\/\/www.protu.fi\/sv\/wp-json\/wp\/v2\/users\/89"}],"replies":[{"embeddable":true,"href":"https:\/\/www.protu.fi\/sv\/wp-json\/wp\/v2\/comments?post=29205"}],"version-history":[{"count":1,"href":"https:\/\/www.protu.fi\/sv\/wp-json\/wp\/v2\/pages\/29205\/revisions"}],"predecessor-version":[{"id":29213,"href":"https:\/\/www.protu.fi\/sv\/wp-json\/wp\/v2\/pages\/29205\/revisions\/29213"}],"wp:attachment":[{"href":"https:\/\/www.protu.fi\/sv\/wp-json\/wp\/v2\/media?parent=29205"}],"wp:term":[{"taxonomy":"sivun_tyyppi","embeddable":true,"href":"https:\/\/www.protu.fi\/sv\/wp-json\/wp\/v2\/sivun_tyyppi?post=29205"}],"curies":[{"name":"wp","href":"https:\/\/api.w.org\/{rel}","templated":true}]}}