{"id":86462,"date":"2025-12-12T11:22:10","date_gmt":"2025-12-12T09:22:10","guid":{"rendered":"https:\/\/www.protu.fi\/?page_id=86462"},"modified":"2026-02-06T18:06:26","modified_gmt":"2026-02-06T16:06:26","slug":"anvisningar-for-anmalan-och-avgift","status":"publish","type":"page","link":"https:\/\/www.protu.fi\/sv\/delta-pa-prometheus-lager\/anvisningar-for-anmalan-och-avgift\/","title":{"rendered":"Anvisningar f\u00f6r anm\u00e4lan och avgift"},"content":{"rendered":"<section class=\"block-container \">\n    <div class=\"container-fluid\">\n                    <div class=\"row justify-content-center\">\n                <div class=\"col-lg-11\">\n                    \n\n<div class=\"wp-block-columns is-layout-flex wp-container-core-columns-is-layout-9d6595d7 wp-block-columns-is-layout-flex\">\n<div class=\"wp-block-column is-layout-flow wp-block-column-is-layout-flow\" style=\"flex-basis:700px\">\n<p><em>Anvisningarna p\u00e5 denna sida g\u00e4ller ungdomsl\u00e4gren och det (finskspr\u00e5kiga) sennul\u00e4gret. L\u00e4s om anm\u00e4lan och l\u00e4geravgiften f\u00f6r det (finskspr\u00e5kiga) vuxenl\u00e4gre<em>t <a href=\"https:\/\/www.protu.fi\/sv\/delta-pa-prometheus-lager\/vuxenlager\/\">h\u00e4r<\/a>.<\/em><\/em><\/p>\n\n\n\n<h2 class=\"wp-block-heading\">Anm\u00e4lan<\/h2>\n\n\n\n<p>Anm\u00e4lan till Protus (finskspr\u00e5kiga) sportlovsl\u00e4ger 2026 \u00e4r st\u00e4ngd.<\/p>\n\n\n\n<p>Anm\u00e4lan till sommaren 2026 \u00e5rs Protul\u00e4ger \u00f6ppnar onsdagen den 11.2.2026 kl. 10 som direktanm\u00e4lan. F\u00f6rbered dig p\u00e5 att l\u00e4gren fylls mycket snabbt efter att anm\u00e4lan \u00f6ppnar.<\/p>\n\n\n\n<ul class=\"wp-block-list\">\n<li>Anm\u00e4l dig till de svenskspr\u00e5kiga ungdomsl\u00e4gren (14\u201316 \u00e5r) <a href=\"https:\/\/www.protu.fi\/sv\/delta-pa-prometheus-lager\/ungdomslager\/\">h\u00e4r<\/a>.<\/li>\n\n\n\n<li>Anm\u00e4l dig till (det finskspr\u00e5kiga) sennul\u00e4gret (17\u201321 \u00e5r) <a href=\"https:\/\/www.protu.fi\/sv\/delta-pa-prometheus-lager\/sennulager\/\">h\u00e4r<\/a>.<\/li>\n\n\n\n<li>Aktiva (inkl. nya och \u00e5terv\u00e4ndande ledare) och l\u00e5ngvariga medlemmar kan anm\u00e4la sina minder\u00e5riga till f\u00f6rhandsanm\u00e4lningen senast 14.1 kl. 10. L\u00e4s mer <a href=\"https:\/\/www.protu.fi\/hae-kesan-2026-protuleirin-erityisalennusta-14-1-2026-klo-10-mennessa\/\">h\u00e4r<\/a> (p\u00e5 finska).<\/li>\n\n\n\n<li>Familjer i en s\u00e4rskilt svag ekonomisk situation kan ans\u00f6ka om en s\u00e4rskild rabatt senast den 14.1. L\u00e4s mer <a href=\"https:\/\/www.protu.fi\/hae-kesan-2026-protuleirin-erityisalennusta-14-1-2026-klo-10-mennessa\/\">h\u00e4r<\/a> (p\u00e5 finska).<\/li>\n<\/ul>\n\n\n\n<p><strong>Anm\u00e4lan kan g\u00f6ras endast via det elektroniska formul\u00e4ret och endast till ett l\u00e4ger. En deltagare under 18 \u00e5r anm\u00e4ls till l\u00e4gret av sin v\u00e5rdnadshavare.<\/strong> <strong>Anm\u00e4lan bekr\u00e4ftas genom att inom 7 dagar fylla i det formul\u00e4r som skickas per e-post (om formul\u00e4ret inte fylls i f\u00f6rfaller anm\u00e4lan och l\u00e4gerplatsen frig\u00f6rs). Bekanta dig med anm\u00e4lningsanvisningarna (nedan) f\u00f6re anm\u00e4lan.<\/strong><\/p>\n\n\n\n<figure class=\"wp-block-table\"><table class=\"has-fixed-layout\"><tbody><tr><td>Observera att p\u00e5 grund av rusning vid anm\u00e4lningsdagen \u00e4r informationen som visas p\u00e5 l\u00e4geranm\u00e4lningssidorna om huruvida det finns platser p\u00e5 l\u00e4gret inte n\u00f6dv\u00e4ndigtvis uppdaterad. Inom cirka 5 minuter efter anm\u00e4lan f\u00e5r du ett e-postmeddelande som bekr\u00e4ftar om du har f\u00e5tt en plats p\u00e5 l\u00e4gret eller om du f\u00e5tt en k\u00f6plats. L\u00e4s mer om anm\u00e4lningsanvisningarna nedan.<\/td><\/tr><\/tbody><\/table><\/figure>\n\n\n\n<h3 class=\"wp-block-heading\">Mer information om anm\u00e4lan<\/h3>\n\n\n<style>.kt-accordion-id86462_98e812-21 .kt-accordion-inner-wrap{column-gap:var(--global-kb-gap-md, 2rem);row-gap:0px;}.kt-accordion-id86462_98e812-21 .kt-accordion-panel-inner{border-top:0px solid transparent;border-right:0px solid transparent;border-bottom:0px solid transparent;border-left:0px solid transparent;padding-top:var(--global-kb-spacing-sm, 1.5rem);padding-right:var(--global-kb-spacing-sm, 1.5rem);padding-bottom:var(--global-kb-spacing-sm, 1.5rem);padding-left:var(--global-kb-spacing-sm, 1.5rem);}.kt-accordion-id86462_98e812-21 > .kt-accordion-inner-wrap > .wp-block-kadence-pane > .kt-accordion-header-wrap > .kt-blocks-accordion-header{border-top-color:#555555;border-top-style:solid;border-right-color:#555555;border-right-style:solid;border-bottom-color:#555555;border-bottom-style:solid;border-left-color:#555555;border-left-style:solid;border-top-left-radius:0px;border-top-right-radius:0px;border-bottom-right-radius:0px;border-bottom-left-radius:0px;background:#f2f2f2;font-size:18px;line-height:24px;color:#555555;padding-top:10px;padding-right:14px;padding-bottom:10px;padding-left:14px;}.kt-accordion-id86462_98e812-21:not( .kt-accodion-icon-style-basiccircle ):not( .kt-accodion-icon-style-xclosecircle ):not( .kt-accodion-icon-style-arrowcircle )  > .kt-accordion-inner-wrap > .wp-block-kadence-pane > .kt-accordion-header-wrap .kt-blocks-accordion-icon-trigger:after, .kt-accordion-id86462_98e812-21:not( .kt-accodion-icon-style-basiccircle ):not( .kt-accodion-icon-style-xclosecircle ):not( .kt-accodion-icon-style-arrowcircle )  > .kt-accordion-inner-wrap > .wp-block-kadence-pane > .kt-accordion-header-wrap .kt-blocks-accordion-icon-trigger:before{background:#555555;}.kt-accordion-id86462_98e812-21:not( .kt-accodion-icon-style-basic ):not( .kt-accodion-icon-style-xclose ):not( .kt-accodion-icon-style-arrow ) .kt-blocks-accordion-icon-trigger{background:#555555;}.kt-accordion-id86462_98e812-21:not( .kt-accodion-icon-style-basic ):not( .kt-accodion-icon-style-xclose ):not( .kt-accodion-icon-style-arrow ) .kt-blocks-accordion-icon-trigger:after, .kt-accordion-id86462_98e812-21:not( .kt-accodion-icon-style-basic ):not( .kt-accodion-icon-style-xclose ):not( .kt-accodion-icon-style-arrow ) .kt-blocks-accordion-icon-trigger:before{background:#f2f2f2;}.kt-accordion-id86462_98e812-21 > .kt-accordion-inner-wrap > .wp-block-kadence-pane > .kt-accordion-header-wrap > .kt-blocks-accordion-header:hover, \n\t\t\t\tbody:not(.hide-focus-outline) .kt-accordion-id86462_98e812-21 .kt-blocks-accordion-header:focus-visible{color:#444444;background:#eeeeee;border-top-color:#eeeeee;border-top-style:solid;border-right-color:#eeeeee;border-right-style:solid;border-bottom-color:#eeeeee;border-bottom-style:solid;border-left-color:#eeeeee;border-left-style:solid;}.kt-accordion-id86462_98e812-21:not( .kt-accodion-icon-style-basiccircle ):not( .kt-accodion-icon-style-xclosecircle ):not( .kt-accodion-icon-style-arrowcircle ) .kt-accordion-header-wrap .kt-blocks-accordion-header:hover .kt-blocks-accordion-icon-trigger:after, .kt-accordion-id86462_98e812-21:not( .kt-accodion-icon-style-basiccircle ):not( .kt-accodion-icon-style-xclosecircle ):not( .kt-accodion-icon-style-arrowcircle ) .kt-accordion-header-wrap .kt-blocks-accordion-header:hover .kt-blocks-accordion-icon-trigger:before, body:not(.hide-focus-outline) .kt-accordion-id86462_98e812-21:not( .kt-accodion-icon-style-basiccircle ):not( .kt-accodion-icon-style-xclosecircle ):not( .kt-accodion-icon-style-arrowcircle ) .kt-blocks-accordion--visible .kt-blocks-accordion-icon-trigger:after, body:not(.hide-focus-outline) .kt-accordion-id86462_98e812-21:not( .kt-accodion-icon-style-basiccircle ):not( .kt-accodion-icon-style-xclosecircle ):not( .kt-accodion-icon-style-arrowcircle ) .kt-blocks-accordion-header:focus-visible .kt-blocks-accordion-icon-trigger:before{background:#444444;}.kt-accordion-id86462_98e812-21:not( .kt-accodion-icon-style-basic ):not( .kt-accodion-icon-style-xclose ):not( .kt-accodion-icon-style-arrow ) .kt-accordion-header-wrap .kt-blocks-accordion-header:hover .kt-blocks-accordion-icon-trigger, body:not(.hide-focus-outline) .kt-accordion-id86462_98e812-21:not( .kt-accodion-icon-style-basic ):not( .kt-accodion-icon-style-xclose ):not( .kt-accodion-icon-style-arrow ) .kt-accordion-header-wrap .kt-blocks-accordion-header:focus-visible .kt-blocks-accordion-icon-trigger{background:#444444;}.kt-accordion-id86462_98e812-21:not( .kt-accodion-icon-style-basic ):not( .kt-accodion-icon-style-xclose ):not( .kt-accodion-icon-style-arrow ) .kt-accordion-header-wrap .kt-blocks-accordion-header:hover .kt-blocks-accordion-icon-trigger:after, .kt-accordion-id86462_98e812-21:not( .kt-accodion-icon-style-basic ):not( .kt-accodion-icon-style-xclose ):not( .kt-accodion-icon-style-arrow ) .kt-accordion-header-wrap .kt-blocks-accordion-header:hover .kt-blocks-accordion-icon-trigger:before, body:not(.hide-focus-outline) .kt-accordion-id86462_98e812-21:not( .kt-accodion-icon-style-basic ):not( .kt-accodion-icon-style-xclose ):not( .kt-accodion-icon-style-arrow ) .kt-accordion-header-wrap .kt-blocks-accordion-header:focus-visible .kt-blocks-accordion-icon-trigger:after, body:not(.hide-focus-outline) .kt-accordion-id86462_98e812-21:not( .kt-accodion-icon-style-basic ):not( .kt-accodion-icon-style-xclose ):not( .kt-accodion-icon-style-arrow ) .kt-accordion-header-wrap .kt-blocks-accordion-header:focus-visible .kt-blocks-accordion-icon-trigger:before{background:#eeeeee;}.kt-accordion-id86462_98e812-21 .kt-accordion-header-wrap .kt-blocks-accordion-header:focus-visible,\n\t\t\t\t.kt-accordion-id86462_98e812-21 > .kt-accordion-inner-wrap > .wp-block-kadence-pane > .kt-accordion-header-wrap > .kt-blocks-accordion-header.kt-accordion-panel-active{color:#ffffff;background:#444444;border-top-color:#444444;border-top-style:solid;border-right-color:#444444;border-right-style:solid;border-bottom-color:#444444;border-bottom-style:solid;border-left-color:#444444;border-left-style:solid;}.kt-accordion-id86462_98e812-21:not( .kt-accodion-icon-style-basiccircle ):not( .kt-accodion-icon-style-xclosecircle ):not( .kt-accodion-icon-style-arrowcircle )  > .kt-accordion-inner-wrap > .wp-block-kadence-pane > .kt-accordion-header-wrap > .kt-blocks-accordion-header.kt-accordion-panel-active .kt-blocks-accordion-icon-trigger:after, .kt-accordion-id86462_98e812-21:not( .kt-accodion-icon-style-basiccircle ):not( .kt-accodion-icon-style-xclosecircle ):not( .kt-accodion-icon-style-arrowcircle )  > .kt-accordion-inner-wrap > .wp-block-kadence-pane > .kt-accordion-header-wrap > .kt-blocks-accordion-header.kt-accordion-panel-active .kt-blocks-accordion-icon-trigger:before{background:#ffffff;}.kt-accordion-id86462_98e812-21:not( .kt-accodion-icon-style-basic ):not( .kt-accodion-icon-style-xclose ):not( .kt-accodion-icon-style-arrow ) .kt-blocks-accordion-header.kt-accordion-panel-active .kt-blocks-accordion-icon-trigger{background:#ffffff;}.kt-accordion-id86462_98e812-21:not( .kt-accodion-icon-style-basic ):not( .kt-accodion-icon-style-xclose ):not( .kt-accodion-icon-style-arrow ) .kt-blocks-accordion-header.kt-accordion-panel-active .kt-blocks-accordion-icon-trigger:after, .kt-accordion-id86462_98e812-21:not( .kt-accodion-icon-style-basic ):not( .kt-accodion-icon-style-xclose ):not( .kt-accodion-icon-style-arrow ) .kt-blocks-accordion-header.kt-accordion-panel-active .kt-blocks-accordion-icon-trigger:before{background:#444444;}@media all and (max-width: 1024px){.kt-accordion-id86462_98e812-21 .kt-accordion-panel-inner{border-top:0px solid transparent;border-right:0px solid transparent;border-bottom:0px solid transparent;border-left:0px solid transparent;}}@media all and (max-width: 1024px){.kt-accordion-id86462_98e812-21 > .kt-accordion-inner-wrap > .wp-block-kadence-pane > .kt-accordion-header-wrap > .kt-blocks-accordion-header{border-top-color:#555555;border-top-style:solid;border-right-color:#555555;border-right-style:solid;border-bottom-color:#555555;border-bottom-style:solid;border-left-color:#555555;border-left-style:solid;}}@media all and (max-width: 1024px){.kt-accordion-id86462_98e812-21 > .kt-accordion-inner-wrap > .wp-block-kadence-pane > .kt-accordion-header-wrap > .kt-blocks-accordion-header:hover, \n\t\t\t\tbody:not(.hide-focus-outline) .kt-accordion-id86462_98e812-21 .kt-blocks-accordion-header:focus-visible{border-top-color:#eeeeee;border-top-style:solid;border-right-color:#eeeeee;border-right-style:solid;border-bottom-color:#eeeeee;border-bottom-style:solid;border-left-color:#eeeeee;border-left-style:solid;}}@media all and (max-width: 1024px){.kt-accordion-id86462_98e812-21 .kt-accordion-header-wrap .kt-blocks-accordion-header:focus-visible,\n\t\t\t\t.kt-accordion-id86462_98e812-21 > .kt-accordion-inner-wrap > .wp-block-kadence-pane > .kt-accordion-header-wrap > .kt-blocks-accordion-header.kt-accordion-panel-active{border-top-color:#444444;border-top-style:solid;border-right-color:#444444;border-right-style:solid;border-bottom-color:#444444;border-bottom-style:solid;border-left-color:#444444;border-left-style:solid;}}@media all and (max-width: 767px){.kt-accordion-id86462_98e812-21 .kt-accordion-inner-wrap{display:block;}.kt-accordion-id86462_98e812-21 .kt-accordion-inner-wrap .kt-accordion-pane:not(:first-child){margin-top:0px;}.kt-accordion-id86462_98e812-21 .kt-accordion-panel-inner{border-top:0px solid transparent;border-right:0px solid transparent;border-bottom:0px solid transparent;border-left:0px solid transparent;}.kt-accordion-id86462_98e812-21 > .kt-accordion-inner-wrap > .wp-block-kadence-pane > .kt-accordion-header-wrap > .kt-blocks-accordion-header{border-top-color:#555555;border-top-style:solid;border-right-color:#555555;border-right-style:solid;border-bottom-color:#555555;border-bottom-style:solid;border-left-color:#555555;border-left-style:solid;}.kt-accordion-id86462_98e812-21 > .kt-accordion-inner-wrap > .wp-block-kadence-pane > .kt-accordion-header-wrap > .kt-blocks-accordion-header:hover, \n\t\t\t\tbody:not(.hide-focus-outline) .kt-accordion-id86462_98e812-21 .kt-blocks-accordion-header:focus-visible{border-top-color:#eeeeee;border-top-style:solid;border-right-color:#eeeeee;border-right-style:solid;border-bottom-color:#eeeeee;border-bottom-style:solid;border-left-color:#eeeeee;border-left-style:solid;}.kt-accordion-id86462_98e812-21 .kt-accordion-header-wrap .kt-blocks-accordion-header:focus-visible,\n\t\t\t\t.kt-accordion-id86462_98e812-21 > .kt-accordion-inner-wrap > .wp-block-kadence-pane > .kt-accordion-header-wrap > .kt-blocks-accordion-header.kt-accordion-panel-active{border-top-color:#444444;border-top-style:solid;border-right-color:#444444;border-right-style:solid;border-bottom-color:#444444;border-bottom-style:solid;border-left-color:#444444;border-left-style:solid;}}<\/style>\n<div class=\"wp-block-kadence-accordion alignnone\"><div class=\"kt-accordion-wrap kt-accordion-id86462_98e812-21 kt-accordion-has-7-panes kt-active-pane-0 kt-accordion-block kt-pane-header-alignment-left kt-accodion-icon-style-basic kt-accodion-icon-side-right\" style=\"max-width:1000px\"><div class=\"kt-accordion-inner-wrap\" data-allow-multiple-open=\"true\" data-start-open=\"none\">\n<div class=\"wp-block-kadence-pane kt-accordion-pane kt-accordion-pane-1 kt-pane86462_94ae70-35\"><div class=\"kt-accordion-header-wrap\"><button class=\"kt-blocks-accordion-header kt-acccordion-button-label-show\" type=\"button\"><span class=\"kt-blocks-accordion-title-wrap\"><span class=\"kt-blocks-accordion-title\"><strong>Anm\u00e4lningsformul\u00e4ret och L\u00e4gerdeltagarens uppgifter<\/strong> &#8211;<strong>formul\u00e4ret<\/strong><\/span><\/span><span class=\"kt-blocks-accordion-icon-trigger\"><\/span><\/button><\/div><div class=\"kt-accordion-panel kt-accordion-panel-hidden\"><div class=\"kt-accordion-panel-inner\">\n<p>Registrering kr\u00e4ver inte inloggning. Du kan registrera en campare p\u00e5 anm\u00e4lningsformul\u00e4ret. Det \u00e4r viktigt att skriva e-postadressen korrekt och p\u00e5 r\u00e4tt plats. Formul\u00e4ret fr\u00e5gar:<\/p>\n\n\n\n<ul class=\"wp-block-list\">\n<li>V\u00e5rdnadshavarens f\u00f6rnamn<\/li>\n\n\n\n<li>V\u00e5rdnadshavarens efternamn<\/li>\n\n\n\n<li>V\u00e5rdnadshavarens e-postadress<\/li>\n\n\n\n<li>V\u00e5rdnadshavarens telefonnummer<\/li>\n\n\n\n<li>L\u00e4gerdeltagares f\u00f6rnamn<\/li>\n\n\n\n<li>L\u00e4gerdeltagares efternamn<\/li>\n<\/ul>\n\n\n\n<p>Anm\u00e4lningsformul\u00e4ret \u00f6ppnas om det f\u00f6r n\u00e4rvarande finns lediga platser p\u00e5 l\u00e4gret. Att fylla i formul\u00e4ret garanterar dock inte att du f\u00e5r en l\u00e4gerplats, eftersom platserna kan vara fullbokade n\u00e4r formul\u00e4ret fylls i:<\/p>\n\n\n\n<ul class=\"wp-block-list\">\n<li>Om l\u00e4gerplatserna och reservplatserna fylls innan du skickar formul\u00e4ret f\u00e5r du meddelandet &#8221;Tilaisuus on t\u00e4ynn\u00e4&#8221; (&#8221;Evenemanget \u00e4r fullt&#8221;).<\/li>\n<\/ul>\n\n\n\n<ul class=\"wp-block-list\">\n<li>Om det fortfarande finns lediga platser eller reservplatser n\u00e4r du skickar formul\u00e4ret f\u00e5r du meddelandet &#8221;Tiedot on l\u00e4hetetty ja saat vahvistuksen s\u00e4hk\u00f6postiisi hetken kuluttua&#8221; (&#8221;Uppgifterna har skickats och du f\u00e5r en bekr\u00e4ftelse via e-post inom kort&#8221;).<\/li>\n<\/ul>\n\n\n\n<p>Efter en lyckad anm\u00e4lan till l\u00e4gerplats eller k\u00f6plats kommer du att f\u00e5 ett e-postmeddelande inom cirka 5 minuter:<\/p>\n\n\n\n<ul class=\"wp-block-list\">\n<li>Om du f\u00e5tt en plats p\u00e5 l\u00e4gret \u00e4r e-postens \u00e4mnesrad: &#8221;Ole hyv\u00e4 ja t\u00e4ydenn\u00e4 ilmoittautumistiedot&#8221; (&#8221;V\u00e4nligen fyll i anm\u00e4lningsuppgifterna&#8221;).<\/li>\n<\/ul>\n\n\n\n<ul class=\"wp-block-list\">\n<li>Om du f\u00e5tt en plats p\u00e5 k\u00f6n \u00e4r e-postens \u00e4mnesrad: (&#8221;Vahvistus protuleirin jonoon ilmoittautumisesta&#8221; (&#8221;Bekr\u00e4ftelse p\u00e5 anm\u00e4lan till protul\u00e4grets k\u00f6&#8221;).<\/li>\n<\/ul>\n\n\n\n<h4 class=\"wp-block-heading\"><strong>L\u00e4gerdeltagarens uppgifter -formul\u00e4ret<\/strong><\/h4>\n\n\n\n<p>N\u00e4r du har f\u00e5tt en plats direkt p\u00e5 l\u00e4gret eller fr\u00e5n reservlistan f\u00e5r du ett e-postmeddelande med \u00e4mnesraden &#8221;V\u00e4nligen fyll i anm\u00e4lningsuppgifterna&#8221;. Meddelandet inneh\u00e5ller en l\u00e4nk till L\u00e4gerdeltagarens uppgifter -formul\u00e4ret. I formul\u00e4ret l\u00e4mnas all information om deltagaren, inklusive kontaktuppgifter samt eventuella specialkost-, allergi- och andra upplysningar som l\u00e4gerledarna beh\u00f6ver ta h\u00e4nsyn till.<\/p>\n\n\n\n<p>N\u00e4r L\u00e4gerdeltagarens uppgifter -formul\u00e4ret har fyllts i \u00e4r l\u00e4geranm\u00e4lan bindande och <a href=\"https:\/\/www.protu.fi\/sv\/leveransvillkor\/\">avbokningsvillkoren<\/a> g\u00e4ller.<\/p>\n\n\n\n<p><mark style=\"background-color:rgba(0, 0, 0, 0)\" class=\"has-inline-color has-vivid-red-color\">\ud83e\udc82 <\/mark>Formul\u00e4ret m\u00e5ste fyllas i inom en vecka (7 dagar) efter anm\u00e4lan, annars upph\u00f6r anm\u00e4lan och l\u00e4gerplatsen g\u00e5r f\u00f6rlorad.<\/p>\n<\/div><\/div><\/div>\n\n\n\n<div class=\"wp-block-kadence-pane kt-accordion-pane kt-accordion-pane-5 kt-pane86462_892dd1-7a\"><div class=\"kt-accordion-header-wrap\"><button class=\"kt-blocks-accordion-header kt-acccordion-button-label-show\" type=\"button\"><span class=\"kt-blocks-accordion-title-wrap\"><span class=\"kt-blocks-accordion-title\"><strong><strong>K\u00f6 till l\u00e4gren<\/strong><\/strong><\/span><\/span><span class=\"kt-blocks-accordion-icon-trigger\"><\/span><\/button><\/div><div class=\"kt-accordion-panel kt-accordion-panel-hidden\"><div class=\"kt-accordion-panel-inner\">\n<p>Varje l\u00e4ger har 5 reservplatser. Man kan st\u00e4lla sig i k\u00f6 om l\u00e4gret \u00e4r fullt. Den som anm\u00e4ler sig till k\u00f6n f\u00e5r en bekr\u00e4ftelse via e-post.<\/p>\n\n\n\n<p>En person kan endast st\u00e5 i k\u00f6 till ett l\u00e4ger. Om du redan st\u00e5r i k\u00f6 till ett l\u00e4ger m\u00e5ste du f\u00f6rst avboka denna k\u00f6plats innan du kan anm\u00e4la dig eller st\u00e4lla dig i k\u00f6 till ett annat l\u00e4ger. Protus kontor tar bort eventuella extra k\u00f6platser utan separat meddelande.<\/p>\n\n\n\n<p>Om det blir avbokningar p\u00e5 l\u00e4gret f\u00e5r den f\u00f6rsta personen i k\u00f6n platsen. Du f\u00e5r ett meddelande till v\u00e5rdnadshavarens e-post med en l\u00e4nk till fr\u00e5geformul\u00e4ret Deltagarens uppgifter (se ovan). Formul\u00e4ret m\u00e5ste fyllas i inom 7 dagar efter att platsen erh\u00e5llits.<\/p>\n<\/div><\/div><\/div>\n\n\n\n<div class=\"wp-block-kadence-pane kt-accordion-pane kt-accordion-pane-6 kt-pane86462_f05ef1-3a\"><div class=\"kt-accordion-header-wrap\"><button class=\"kt-blocks-accordion-header kt-acccordion-button-label-show\" type=\"button\"><span class=\"kt-blocks-accordion-title-wrap\"><span class=\"kt-blocks-accordion-title\"><strong>Familjer med flera anm\u00e4lda<\/strong><\/span><\/span><span class=\"kt-blocks-accordion-icon-trigger\"><\/span><\/button><\/div><div class=\"kt-accordion-panel kt-accordion-panel-hidden\"><div class=\"kt-accordion-panel-inner\">\n<p>P\u00e5 grund av en teknisk begr\u00e4nsning i anm\u00e4lningssystemet kan endast en v\u00e5rdnadshavare anv\u00e4nda samma e-postadress f\u00f6r att anm\u00e4la en deltagare till sommarens 2026 l\u00e4ger. Om det finns fler \u00e4n en person i familjen som ska anm\u00e4las till ett protul\u00e4ger (t.ex. tvillingar), kontakta Protus kontor senast den 14.1.2026 via <a href=\"mailto:protu@protu.fi\">protu@protu.fi<\/a>.<\/p>\n<\/div><\/div><\/div>\n\n\n\n<div class=\"wp-block-kadence-pane kt-accordion-pane kt-accordion-pane-4 kt-pane86462_2636fc-8b\"><div class=\"kt-accordion-header-wrap\"><button class=\"kt-blocks-accordion-header kt-acccordion-button-label-show\" type=\"button\"><span class=\"kt-blocks-accordion-title-wrap\"><span class=\"kt-blocks-accordion-title\"><strong>Byta l\u00e4ger<\/strong><\/span><\/span><span class=\"kt-blocks-accordion-icon-trigger\"><\/span><\/button><\/div><div class=\"kt-accordion-panel kt-accordion-panel-hidden\"><div class=\"kt-accordion-panel-inner\">\n<p>P\u00e5 grund av den snabba fyllningen av l\u00e4ger och h\u00f6g efterfr\u00e5gan kan vi inte erbjuda direkta transfers mellan l\u00e4gren. Om du har ett n\u00f6dv\u00e4ndigt behov av att byta l\u00e4ger kan du anm\u00e4la dig till en ledig plats eller reservplats p\u00e5 ett annat l\u00e4ger. Villkoren f\u00f6r l\u00e4geravgiften g\u00e4ller \u00e4ven vid l\u00e4gerbyte.<\/p>\n<\/div><\/div><\/div>\n\n\n\n<div class=\"wp-block-kadence-pane kt-accordion-pane kt-accordion-pane-7 kt-pane86462_50048d-4a\"><div class=\"kt-accordion-header-wrap\"><button class=\"kt-blocks-accordion-header kt-acccordion-button-label-show\" type=\"button\"><span class=\"kt-blocks-accordion-title-wrap\"><span class=\"kt-blocks-accordion-title\"><strong>Avbokning av l\u00e4ger- eller reservplatsanm\u00e4lan<\/strong><\/span><\/span><span class=\"kt-blocks-accordion-icon-trigger\"><\/span><\/button><\/div><div class=\"kt-accordion-panel kt-accordion-panel-hidden\"><div class=\"kt-accordion-panel-inner\">\n<p>Du kan inte sj\u00e4lv avboka en l\u00e4ger- eller v\u00e4ntelista. Avbokning g\u00f6rs genom kansliet genom att maila&nbsp;<a href=\"mailto:protu@protu.fi\">protu@protu.fi<\/a>.<\/p>\n<\/div><\/div><\/div>\n<\/div><\/div><\/div>\n\n\n\n<h2 class=\"wp-block-heading\"><br>L\u00e4geravgift och rabatter<\/h2>\n\n\n\n<p>L\u00e4geravgiften betalas med faktura direkt onlinebetalning (med kreditkort eller bank\u00f6verf\u00f6ring) \u00e4r inte m\u00f6jlig. L\u00e4gerfakturor skickas till v\u00e5rdnadshavarens e-post f\u00f6re l\u00e4grets start.<\/p>\n\n\n\n<p>L\u00e4geravgiften t\u00e4cker helpension under hela l\u00e4gret, boende och olycksfallsf\u00f6rs\u00e4kring (f\u00f6r dem som \u00e4r sjukf\u00f6rs\u00e4krade i Finland). Priserna f\u00f6r l\u00e4gren 2026 \u00e4r f\u00f6ljande:<br><strong>\u2013 <strong>Ungdomsl\u00e4ger, finskspr\u00e5kiga<\/strong><\/strong> <strong><strong>sennul\u00e4ger:<\/strong><\/strong>&nbsp;439 \u20ac<br><strong>\u2013 Finskspr\u00e5kiga<strong> temal\u00e4ger f\u00f6r ungdomar:<\/strong><\/strong>&nbsp;vandrings- och bildkonstl\u00e4ger 505 \u20ac, \u00f6vriga 470 \u20ac<\/p>\n\n\n\n<h4 class=\"wp-block-heading\">Rabatter<\/h4>\n\n\n\n<p>De som har en ekonomiskt svag situation har r\u00e4tt till rabatt p\u00e5 l\u00e4geravgiften som \u00e4r 90 \u20ac. Detta kan v\u00e4ljas vid anm\u00e4lan till l\u00e4gret.<\/p>\n\n\n\n<p>Om deltagaren tillh\u00f6r ett familjemedlemskap (eller har ett individuellt medlemskap), har han r\u00e4tt till en medlemsrabatt p\u00e5 39 \u20ac.<\/p>\n\n\n\n<p>Familjer i en s\u00e4rskilt svag ekonomisk situation kan ans\u00f6ka om en s\u00e4rskild rabatt senast den 14.1. L\u00e4s mer <a href=\"https:\/\/www.protu.fi\/hae-kesan-2026-protuleirin-erityisalennusta-14-1-2026-klo-10-mennessa\/\">h\u00e4r<\/a> (p\u00e5 finska).<\/p>\n\n\n\n<h4 class=\"wp-block-heading\">Avbokningsvillkor<\/h4>\n\n\n\n<p>Se avbokningsvillkoren <a href=\"https:\/\/www.protu.fi\/sv\/leveransvillkor\/\">h\u00e4r<\/a>.<\/p>\n<\/div>\n<\/div>\n\n                <\/div>\n            <\/div>\n            <\/div>\n<\/section>","protected":false},"excerpt":{"rendered":"","protected":false},"author":89,"featured_media":0,"parent":20366,"menu_order":0,"comment_status":"closed","ping_status":"closed","template":"","meta":{"_acf_changed":false,"inline_featured_image":false,"footnotes":""},"sivun_tyyppi":[65],"class_list":["post-86462","page","type-page","status-publish","hentry","sivun_tyyppi-julkinen-sivu"],"acf":[],"_links":{"self":[{"href":"https:\/\/www.protu.fi\/sv\/wp-json\/wp\/v2\/pages\/86462","targetHints":{"allow":["GET"]}}],"collection":[{"href":"https:\/\/www.protu.fi\/sv\/wp-json\/wp\/v2\/pages"}],"about":[{"href":"https:\/\/www.protu.fi\/sv\/wp-json\/wp\/v2\/types\/page"}],"author":[{"embeddable":true,"href":"https:\/\/www.protu.fi\/sv\/wp-json\/wp\/v2\/users\/89"}],"replies":[{"embeddable":true,"href":"https:\/\/www.protu.fi\/sv\/wp-json\/wp\/v2\/comments?post=86462"}],"version-history":[{"count":21,"href":"https:\/\/www.protu.fi\/sv\/wp-json\/wp\/v2\/pages\/86462\/revisions"}],"predecessor-version":[{"id":86829,"href":"https:\/\/www.protu.fi\/sv\/wp-json\/wp\/v2\/pages\/86462\/revisions\/86829"}],"up":[{"embeddable":true,"href":"https:\/\/www.protu.fi\/sv\/wp-json\/wp\/v2\/pages\/20366"}],"wp:attachment":[{"href":"https:\/\/www.protu.fi\/sv\/wp-json\/wp\/v2\/media?parent=86462"}],"wp:term":[{"taxonomy":"sivun_tyyppi","embeddable":true,"href":"https:\/\/www.protu.fi\/sv\/wp-json\/wp\/v2\/sivun_tyyppi?post=86462"}],"curies":[{"name":"wp","href":"https:\/\/api.w.org\/{rel}","templated":true}]}}