{"id":86479,"date":"2025-12-12T11:49:28","date_gmt":"2025-12-12T09:49:28","guid":{"rendered":"https:\/\/www.protu.fi\/?page_id=86479"},"modified":"2026-01-16T08:18:42","modified_gmt":"2026-01-16T06:18:42","slug":"lagerplatser","status":"publish","type":"page","link":"https:\/\/www.protu.fi\/sv\/delta-pa-prometheus-lager\/lagerplatser\/","title":{"rendered":"L\u00e4gerplatser"},"content":{"rendered":"<section class=\"block-container vaalea-tausta\">\n    <div class=\"container-fluid\">\n                    <div class=\"row justify-content-center\">\n                <div class=\"col-lg-11\">\n                    \n\n<div class=\"wp-block-columns is-layout-flex wp-container-core-columns-is-layout-9d6595d7 wp-block-columns-is-layout-flex\">\n<div class=\"wp-block-column is-layout-flow wp-block-column-is-layout-flow\" style=\"flex-basis:700px\">\n<p>Protul\u00e4gren ordnas i l\u00e4gerf\u00f6rh\u00e5llanden p\u00e5 l\u00e4gerplatser som \u00e4gs av privata akt\u00f6rer och kommuner (Protu \u00e4ger inga l\u00e4gerplatser). Utrustningen och faciliteterna p\u00e5 l\u00e4gerplatserna varierar:<\/p>\n\n\n\n<ul class=\"wp-block-list\">\n<li>Boendet varierar fr\u00e5n l\u00e4ger till l\u00e4ger. P\u00e5 vissa campingar \u00e4r boende i sm\u00e5 rum, medan p\u00e5 andra sover alla i ett rum.<\/li>\n\n\n\n<li>Situationen f\u00f6r toaletter och duschar varierar fr\u00e5n l\u00e4ger till l\u00e4ger. Vissa campingplatser har inomhustoaletter och duschar, andra har utedass och tv\u00e4ttning sker i bastun med uppv\u00e4rmt vatten.<\/li>\n\n\n\n<li>I beskrivningen av l\u00e4gerplatsen hittar du ocks\u00e5 information om det \u00e4r m\u00f6jligt att delta med en personlig assistent (assistenten \u00f6vernattar i eget rum).<\/li>\n<\/ul>\n\n\n\n<p><strong>H\u00e4r \u00e4r listan \u00f6ver l\u00e4gerplatserna f\u00f6r de svenskspr\u00e5kiga l\u00e4gren \u00e5r 2026:<\/strong><\/p>\n\n\n\n<h4 class=\"wp-block-heading\">Nyland<\/h4>\n\n\n\n<ul class=\"wp-block-list\">\n<li><a href=\"https:\/\/www.protu.fi\/leiripaikka\/nuuksio\/\" target=\"_blank\" rel=\"noreferrer noopener\">Noux<\/a> (Esbo)<\/li>\n<\/ul>\n\n\n\n<h4 class=\"wp-block-heading\">Egentliga Finland<\/h4>\n\n\n\n<ul class=\"wp-block-list\">\n<li><a href=\"https:\/\/www.protu.fi\/leiripaikka\/oriniemi\/\" target=\"_blank\" rel=\"noreferrer noopener\">Oriniemi<\/a> (\u00c5bo)<\/li>\n<\/ul>\n\n\n\n<h4 class=\"wp-block-heading\">\u00d6sterbotten<\/h4>\n\n\n\n<ul class=\"wp-block-list\">\n<li><a href=\"https:\/\/www.protu.fi\/leiripaikka\/hummelholmen\/\">Hummelholmen<\/a> (Nykarlepy)<\/li>\n<\/ul>\n<\/div>\n<\/div>\n\n                <\/div>\n            <\/div>\n            <\/div>\n<\/section>","protected":false},"excerpt":{"rendered":"","protected":false},"author":89,"featured_media":0,"parent":20366,"menu_order":0,"comment_status":"closed","ping_status":"closed","template":"","meta":{"_acf_changed":false,"inline_featured_image":false,"footnotes":""},"sivun_tyyppi":[65],"class_list":["post-86479","page","type-page","status-publish","hentry","sivun_tyyppi-julkinen-sivu"],"acf":[],"_links":{"self":[{"href":"https:\/\/www.protu.fi\/sv\/wp-json\/wp\/v2\/pages\/86479","targetHints":{"allow":["GET"]}}],"collection":[{"href":"https:\/\/www.protu.fi\/sv\/wp-json\/wp\/v2\/pages"}],"about":[{"href":"https:\/\/www.protu.fi\/sv\/wp-json\/wp\/v2\/types\/page"}],"author":[{"embeddable":true,"href":"https:\/\/www.protu.fi\/sv\/wp-json\/wp\/v2\/users\/89"}],"replies":[{"embeddable":true,"href":"https:\/\/www.protu.fi\/sv\/wp-json\/wp\/v2\/comments?post=86479"}],"version-history":[{"count":5,"href":"https:\/\/www.protu.fi\/sv\/wp-json\/wp\/v2\/pages\/86479\/revisions"}],"predecessor-version":[{"id":86653,"href":"https:\/\/www.protu.fi\/sv\/wp-json\/wp\/v2\/pages\/86479\/revisions\/86653"}],"up":[{"embeddable":true,"href":"https:\/\/www.protu.fi\/sv\/wp-json\/wp\/v2\/pages\/20366"}],"wp:attachment":[{"href":"https:\/\/www.protu.fi\/sv\/wp-json\/wp\/v2\/media?parent=86479"}],"wp:term":[{"taxonomy":"sivun_tyyppi","embeddable":true,"href":"https:\/\/www.protu.fi\/sv\/wp-json\/wp\/v2\/sivun_tyyppi?post=86479"}],"curies":[{"name":"wp","href":"https:\/\/api.w.org\/{rel}","templated":true}]}}