{"id":40183,"date":"2023-06-26T17:03:29","date_gmt":"2023-06-26T14:03:29","guid":{"rendered":"https:\/\/www.protu.fi\/?post_type=product&#038;p=40183"},"modified":"2025-07-15T14:12:31","modified_gmt":"2025-07-15T11:12:31","slug":"protu-onnittelukortti","status":"publish","type":"product","link":"https:\/\/www.protu.fi\/sv\/tuote\/protu-onnittelukortti\/","title":{"rendered":"Protu-onnittelukortti"},"content":{"rendered":"<p>Onnittele protuleirin k\u00e4ynytt\u00e4 nuorta tai vaikkapa protuyst\u00e4v\u00e4\u00e4 syntym\u00e4p\u00e4iv\u00e4n\u00e4! A6-kokoinen avattava kortti. Kannen kuvan on suunnitellut Aamu Jauhiainen.<\/p>\n","protected":false},"excerpt":{"rendered":"<p>Onnittele protuleirin k\u00e4ynytt\u00e4 nuorta tai vaikkapa protuyst\u00e4v\u00e4\u00e4 syntym\u00e4p\u00e4iv\u00e4n\u00e4! A6-kokoinen avattava kortti. Kannen kuvan on suunnitellut Aamu Jauhiainen.<\/p>\n","protected":false},"featured_media":40184,"template":"","meta":{"_acf_changed":false,"inline_featured_image":false},"product_brand":[],"product_cat":[45],"product_tag":[],"ajankohta":[],"leirityyppi":[],"leirin_kohde":[],"koulutus_ajankohta":[],"tapahtuman_ajankohta":[],"koulutuksen_tyyppi":[],"vuodenaika":[],"koulutus_kategoria":[],"tilaisuus_cat":[],"jatkoleirien_ajankohdat":[],"jatkoleirityyppi":[],"class_list":{"0":"post-40183","1":"product","2":"type-product","3":"status-publish","4":"has-post-thumbnail","6":"product_cat-tuote","7":"product_shipping_class-kirje-max-50","9":"first","10":"instock","11":"purchasable","12":"product-type-simple"},"acf":[],"_links":{"self":[{"href":"https:\/\/www.protu.fi\/sv\/wp-json\/wp\/v2\/product\/40183","targetHints":{"allow":["GET"]}}],"collection":[{"href":"https:\/\/www.protu.fi\/sv\/wp-json\/wp\/v2\/product"}],"about":[{"href":"https:\/\/www.protu.fi\/sv\/wp-json\/wp\/v2\/types\/product"}],"wp:featuredmedia":[{"embeddable":true,"href":"https:\/\/www.protu.fi\/sv\/wp-json\/wp\/v2\/media\/40184"}],"wp:attachment":[{"href":"https:\/\/www.protu.fi\/sv\/wp-json\/wp\/v2\/media?parent=40183"}],"wp:term":[{"taxonomy":"product_brand","embeddable":true,"href":"https:\/\/www.protu.fi\/sv\/wp-json\/wp\/v2\/product_brand?post=40183"},{"taxonomy":"product_cat","embeddable":true,"href":"https:\/\/www.protu.fi\/sv\/wp-json\/wp\/v2\/product_cat?post=40183"},{"taxonomy":"product_tag","embeddable":true,"href":"https:\/\/www.protu.fi\/sv\/wp-json\/wp\/v2\/product_tag?post=40183"},{"taxonomy":"ajankohta","embeddable":true,"href":"https:\/\/www.protu.fi\/sv\/wp-json\/wp\/v2\/ajankohta?post=40183"},{"taxonomy":"leirityyppi","embeddable":true,"href":"https:\/\/www.protu.fi\/sv\/wp-json\/wp\/v2\/leirityyppi?post=40183"},{"taxonomy":"leirin_kohde","embeddable":true,"href":"https:\/\/www.protu.fi\/sv\/wp-json\/wp\/v2\/leirin_kohde?post=40183"},{"taxonomy":"koulutus_ajankohta","embeddable":true,"href":"https:\/\/www.protu.fi\/sv\/wp-json\/wp\/v2\/koulutus_ajankohta?post=40183"},{"taxonomy":"tapahtuman_ajankohta","embeddable":true,"href":"https:\/\/www.protu.fi\/sv\/wp-json\/wp\/v2\/tapahtuman_ajankohta?post=40183"},{"taxonomy":"koulutuksen_tyyppi","embeddable":true,"href":"https:\/\/www.protu.fi\/sv\/wp-json\/wp\/v2\/koulutuksen_tyyppi?post=40183"},{"taxonomy":"vuodenaika","embeddable":true,"href":"https:\/\/www.protu.fi\/sv\/wp-json\/wp\/v2\/vuodenaika?post=40183"},{"taxonomy":"koulutus_kategoria","embeddable":true,"href":"https:\/\/www.protu.fi\/sv\/wp-json\/wp\/v2\/koulutus_kategoria?post=40183"},{"taxonomy":"tilaisuus_cat","embeddable":true,"href":"https:\/\/www.protu.fi\/sv\/wp-json\/wp\/v2\/tilaisuus_cat?post=40183"},{"taxonomy":"jatkoleirien_ajankohdat","embeddable":true,"href":"https:\/\/www.protu.fi\/sv\/wp-json\/wp\/v2\/jatkoleirien_ajankohdat?post=40183"},{"taxonomy":"jatkoleirityyppi","embeddable":true,"href":"https:\/\/www.protu.fi\/sv\/wp-json\/wp\/v2\/jatkoleirityyppi?post=40183"}],"curies":[{"name":"wp","href":"https:\/\/api.w.org\/{rel}","templated":true}]}}