{"id":46340,"date":"2023-08-15T12:34:01","date_gmt":"2023-08-15T09:34:01","guid":{"rendered":"https:\/\/www.protu.fi\/?post_type=product&#038;p=46340"},"modified":"2025-08-14T18:33:29","modified_gmt":"2025-08-14T15:33:29","slug":"protu-t-paita-pienella-logolla","status":"publish","type":"product","link":"https:\/\/www.protu.fi\/sv\/tuote\/protu-t-paita-pienella-logolla\/","title":{"rendered":"Protu t-paita pienell\u00e4 logolla"},"content":{"rendered":"<p>Stedman t-paita sertifioidusta luomupuuvillasta pienell\u00e4 protulogolla. Osta muistoksi ihanasta protuleirist\u00e4!<\/p>\n<p>V\u00e4ri: laivastonsininen.<br \/>\nKokovaihtoehdot: M\u2013XL.<\/p>\n","protected":false},"excerpt":{"rendered":"<p>Stedman t-paita sertifioidusta luomupuuvillasta pienell\u00e4 protulogolla. Osta muistoksi ihanasta protuleirist\u00e4! V\u00e4ri: laivastonsininen. Kokovaihtoehdot: M\u2013XL.<\/p>\n","protected":false},"featured_media":46341,"template":"","meta":{"_acf_changed":false,"inline_featured_image":false},"product_brand":[],"product_cat":[45],"product_tag":[],"ajankohta":[],"leirityyppi":[],"leirin_kohde":[],"koulutus_ajankohta":[],"tapahtuman_ajankohta":[],"koulutuksen_tyyppi":[],"vuodenaika":[],"koulutus_kategoria":[],"tilaisuus_cat":[],"jatkoleirien_ajankohdat":[],"jatkoleirityyppi":[],"class_list":{"0":"post-46340","1":"product","2":"type-product","3":"status-publish","4":"has-post-thumbnail","6":"product_cat-tuote","7":"product_shipping_class-kirje-max-250","9":"first","10":"outofstock","11":"purchasable","12":"product-type-variable"},"acf":[],"_links":{"self":[{"href":"https:\/\/www.protu.fi\/sv\/wp-json\/wp\/v2\/product\/46340","targetHints":{"allow":["GET"]}}],"collection":[{"href":"https:\/\/www.protu.fi\/sv\/wp-json\/wp\/v2\/product"}],"about":[{"href":"https:\/\/www.protu.fi\/sv\/wp-json\/wp\/v2\/types\/product"}],"wp:featuredmedia":[{"embeddable":true,"href":"https:\/\/www.protu.fi\/sv\/wp-json\/wp\/v2\/media\/46341"}],"wp:attachment":[{"href":"https:\/\/www.protu.fi\/sv\/wp-json\/wp\/v2\/media?parent=46340"}],"wp:term":[{"taxonomy":"product_brand","embeddable":true,"href":"https:\/\/www.protu.fi\/sv\/wp-json\/wp\/v2\/product_brand?post=46340"},{"taxonomy":"product_cat","embeddable":true,"href":"https:\/\/www.protu.fi\/sv\/wp-json\/wp\/v2\/product_cat?post=46340"},{"taxonomy":"product_tag","embeddable":true,"href":"https:\/\/www.protu.fi\/sv\/wp-json\/wp\/v2\/product_tag?post=46340"},{"taxonomy":"ajankohta","embeddable":true,"href":"https:\/\/www.protu.fi\/sv\/wp-json\/wp\/v2\/ajankohta?post=46340"},{"taxonomy":"leirityyppi","embeddable":true,"href":"https:\/\/www.protu.fi\/sv\/wp-json\/wp\/v2\/leirityyppi?post=46340"},{"taxonomy":"leirin_kohde","embeddable":true,"href":"https:\/\/www.protu.fi\/sv\/wp-json\/wp\/v2\/leirin_kohde?post=46340"},{"taxonomy":"koulutus_ajankohta","embeddable":true,"href":"https:\/\/www.protu.fi\/sv\/wp-json\/wp\/v2\/koulutus_ajankohta?post=46340"},{"taxonomy":"tapahtuman_ajankohta","embeddable":true,"href":"https:\/\/www.protu.fi\/sv\/wp-json\/wp\/v2\/tapahtuman_ajankohta?post=46340"},{"taxonomy":"koulutuksen_tyyppi","embeddable":true,"href":"https:\/\/www.protu.fi\/sv\/wp-json\/wp\/v2\/koulutuksen_tyyppi?post=46340"},{"taxonomy":"vuodenaika","embeddable":true,"href":"https:\/\/www.protu.fi\/sv\/wp-json\/wp\/v2\/vuodenaika?post=46340"},{"taxonomy":"koulutus_kategoria","embeddable":true,"href":"https:\/\/www.protu.fi\/sv\/wp-json\/wp\/v2\/koulutus_kategoria?post=46340"},{"taxonomy":"tilaisuus_cat","embeddable":true,"href":"https:\/\/www.protu.fi\/sv\/wp-json\/wp\/v2\/tilaisuus_cat?post=46340"},{"taxonomy":"jatkoleirien_ajankohdat","embeddable":true,"href":"https:\/\/www.protu.fi\/sv\/wp-json\/wp\/v2\/jatkoleirien_ajankohdat?post=46340"},{"taxonomy":"jatkoleirityyppi","embeddable":true,"href":"https:\/\/www.protu.fi\/sv\/wp-json\/wp\/v2\/jatkoleirityyppi?post=46340"}],"curies":[{"name":"wp","href":"https:\/\/api.w.org\/{rel}","templated":true}]}}