{"id":87512,"date":"2026-04-09T12:12:28","date_gmt":"2026-04-09T09:12:28","guid":{"rendered":"https:\/\/www.protu.fi\/?post_type=product&#038;p=87512"},"modified":"2026-04-13T21:00:21","modified_gmt":"2026-04-13T18:00:21","slug":"huppari-2026","status":"publish","type":"product","link":"https:\/\/www.protu.fi\/sv\/tuote\/huppari-2026\/","title":{"rendered":"Huppari 2026"},"content":{"rendered":"<p>Laadukas Stanley\/Stella Cruiser 2.0 -luomupuuvillahuppari tyylitellyll\u00e4 leirikes\u00e4n 2026 kuvalla.<\/p>\n<p>Hupparin kuva \u00e4\u00e4nestettiin voittajaksi alkuvuoden huppariskabassa, johon protut toimittavat omia ehdotuksiaan hupparikuviksi! Voittajakuvan tekij\u00e4 on protu Olga Malin.<\/p>\n<p>Osta muistoksi ihanasta protuleirist\u00e4!<\/p>\n<p>V\u00e4ri: musta<br \/>\nKokovaihtoehdot: S\u20133XL.<\/p>\n<p>Tutustu hupparin ominaisuuksiin: <a href=\"https:\/\/res.cloudinary.com\/www-stanleystella-com\/image\/upload\/v1633603833\/Product%20Content\/Product%20Sheets\/en_GB\/STSU177.pdf\" rel=\"nofollow noopener\" target=\"_blank\">Product sheet<\/a><\/p>\n","protected":false},"excerpt":{"rendered":"<p>Laadukas Stanley\/Stella Cruiser 2.0 -luomupuuvillahuppari tyylitellyll\u00e4 leirikes\u00e4n 2026 kuvalla. Hupparin kuva \u00e4\u00e4nestettiin voittajaksi alkuvuoden huppariskabassa, johon protut toimittavat omia ehdotuksiaan hupparikuviksi! Voittajakuvan tekij\u00e4 on protu Olga Malin. Osta muistoksi ihanasta protuleirist\u00e4! V\u00e4ri: musta Kokovaihtoehdot: S\u20133XL. Tutustu hupparin ominaisuuksiin: Product sheet<\/p>\n","protected":false},"featured_media":87524,"template":"","meta":{"_acf_changed":false,"inline_featured_image":false},"product_brand":[],"product_cat":[45],"product_tag":[],"ajankohta":[],"leirityyppi":[],"leirin_kohde":[],"koulutus_ajankohta":[],"tapahtuman_ajankohta":[],"koulutuksen_tyyppi":[],"vuodenaika":[],"koulutus_kategoria":[],"tilaisuus_cat":[],"jatkoleirien_ajankohdat":[],"jatkoleirityyppi":[],"class_list":{"0":"post-87512","1":"product","2":"type-product","3":"status-publish","4":"has-post-thumbnail","6":"product_cat-tuote","7":"product_shipping_class-s-paketti","9":"first","10":"outofstock","11":"purchasable","12":"product-type-variable"},"acf":[],"_links":{"self":[{"href":"https:\/\/www.protu.fi\/sv\/wp-json\/wp\/v2\/product\/87512","targetHints":{"allow":["GET"]}}],"collection":[{"href":"https:\/\/www.protu.fi\/sv\/wp-json\/wp\/v2\/product"}],"about":[{"href":"https:\/\/www.protu.fi\/sv\/wp-json\/wp\/v2\/types\/product"}],"wp:featuredmedia":[{"embeddable":true,"href":"https:\/\/www.protu.fi\/sv\/wp-json\/wp\/v2\/media\/87524"}],"wp:attachment":[{"href":"https:\/\/www.protu.fi\/sv\/wp-json\/wp\/v2\/media?parent=87512"}],"wp:term":[{"taxonomy":"product_brand","embeddable":true,"href":"https:\/\/www.protu.fi\/sv\/wp-json\/wp\/v2\/product_brand?post=87512"},{"taxonomy":"product_cat","embeddable":true,"href":"https:\/\/www.protu.fi\/sv\/wp-json\/wp\/v2\/product_cat?post=87512"},{"taxonomy":"product_tag","embeddable":true,"href":"https:\/\/www.protu.fi\/sv\/wp-json\/wp\/v2\/product_tag?post=87512"},{"taxonomy":"ajankohta","embeddable":true,"href":"https:\/\/www.protu.fi\/sv\/wp-json\/wp\/v2\/ajankohta?post=87512"},{"taxonomy":"leirityyppi","embeddable":true,"href":"https:\/\/www.protu.fi\/sv\/wp-json\/wp\/v2\/leirityyppi?post=87512"},{"taxonomy":"leirin_kohde","embeddable":true,"href":"https:\/\/www.protu.fi\/sv\/wp-json\/wp\/v2\/leirin_kohde?post=87512"},{"taxonomy":"koulutus_ajankohta","embeddable":true,"href":"https:\/\/www.protu.fi\/sv\/wp-json\/wp\/v2\/koulutus_ajankohta?post=87512"},{"taxonomy":"tapahtuman_ajankohta","embeddable":true,"href":"https:\/\/www.protu.fi\/sv\/wp-json\/wp\/v2\/tapahtuman_ajankohta?post=87512"},{"taxonomy":"koulutuksen_tyyppi","embeddable":true,"href":"https:\/\/www.protu.fi\/sv\/wp-json\/wp\/v2\/koulutuksen_tyyppi?post=87512"},{"taxonomy":"vuodenaika","embeddable":true,"href":"https:\/\/www.protu.fi\/sv\/wp-json\/wp\/v2\/vuodenaika?post=87512"},{"taxonomy":"koulutus_kategoria","embeddable":true,"href":"https:\/\/www.protu.fi\/sv\/wp-json\/wp\/v2\/koulutus_kategoria?post=87512"},{"taxonomy":"tilaisuus_cat","embeddable":true,"href":"https:\/\/www.protu.fi\/sv\/wp-json\/wp\/v2\/tilaisuus_cat?post=87512"},{"taxonomy":"jatkoleirien_ajankohdat","embeddable":true,"href":"https:\/\/www.protu.fi\/sv\/wp-json\/wp\/v2\/jatkoleirien_ajankohdat?post=87512"},{"taxonomy":"jatkoleirityyppi","embeddable":true,"href":"https:\/\/www.protu.fi\/sv\/wp-json\/wp\/v2\/jatkoleirityyppi?post=87512"}],"curies":[{"name":"wp","href":"https:\/\/api.w.org\/{rel}","templated":true}]}}